{"id":359,"date":"2018-08-24T13:16:23","date_gmt":"2018-08-24T11:16:23","guid":{"rendered":"http:\/\/domaljevac.ba\/nova\/?page_id=359"},"modified":"2019-02-06T14:41:12","modified_gmt":"2019-02-06T13:41:12","slug":"opcinsko-izborno-povjerenstvo","status":"publish","type":"page","link":"https:\/\/domaljevac.ba\/novo\/akti\/opcinsko-izborno-povjerenstvo\/","title":{"rendered":"Op\u0107insko izborno povjerenstvo"},"content":{"rendered":"<p><a href=\"http:\/\/domaljevac.ba\/nova\/wp-content\/uploads\/2018\/09\/OBAVIJEST-VEZANA-ZA-MOBILNE-TIMOVE-ZA-OP\u0106E-IZBORE-2018.pdf\">OBAVIJEST VEZANA ZA MOBILNE TIMOVE ZA OP\u0106E IZBORE 2018. GODINE<\/a><\/p>\n<p><a href=\"http:\/\/domaljevac.ba\/nova\/wp-content\/uploads\/2018\/09\/OBAVIJEST-ZA-GRA\u0110ANE.pdf\">OBAVIJEST ZA GRA\u0110ANE<\/a><\/p>\n<p><a href=\"http:\/\/domaljevac.ba\/nova\/wp-content\/uploads\/2018\/09\/SVJETSKI-DAN-IZBORA.pdf\">SVJETSKI DAN IZBORA<\/a><\/p>\n<p><a href=\"https:\/\/domaljevac.ba\/novo\/wp-content\/uploads\/2019\/02\/Obavijest-vezano-za-glasanje-putem-po\u0161te-2019.docx\">OBAVIJEST GRA\u0110ANIMA 2019<\/a><\/p>\n<p><a href=\"https:\/\/domaljevac.ba\/novo\/wp-content\/uploads\/2019\/02\/Obavijest-vezano-za-mobilne-timove-za-Prijevremene-izbore-2019.docx\">OBAVIJEST GRA\u0110ANIMA RADI PRIJAVE ZA GLASANJE PUTEM MOBILNOG TIMA<\/a><\/p>\n<p>\u00a0<\/p>\n<p>\u00a0<\/p>\n\n","protected":false},"excerpt":{"rendered":"<p>OBAVIJEST VEZANA ZA MOBILNE TIMOVE ZA OP\u0106E IZBORE 2018. GODINE OBAVIJEST ZA GRA\u0110ANE SVJETSKI DAN IZBORA OBAVIJEST GRA\u0110ANIMA 2019 OBAVIJEST GRA\u0110ANIMA RADI PRIJAVE ZA GLASANJE PUTEM MOBILNOG TIMA \u00a0 \u00a0<\/p>\n","protected":false},"author":1,"featured_media":0,"parent":242,"menu_order":0,"comment_status":"closed","ping_status":"closed","template":"","meta":{"footnotes":""},"class_list":["post-359","page","type-page","status-publish","hentry"],"_links":{"self":[{"href":"https:\/\/domaljevac.ba\/novo\/wp-json\/wp\/v2\/pages\/359","targetHints":{"allow":["GET"]}}],"collection":[{"href":"https:\/\/domaljevac.ba\/novo\/wp-json\/wp\/v2\/pages"}],"about":[{"href":"https:\/\/domaljevac.ba\/novo\/wp-json\/wp\/v2\/types\/page"}],"author":[{"embeddable":true,"href":"https:\/\/domaljevac.ba\/novo\/wp-json\/wp\/v2\/users\/1"}],"replies":[{"embeddable":true,"href":"https:\/\/domaljevac.ba\/novo\/wp-json\/wp\/v2\/comments?post=359"}],"version-history":[{"count":5,"href":"https:\/\/domaljevac.ba\/novo\/wp-json\/wp\/v2\/pages\/359\/revisions"}],"predecessor-version":[{"id":1037,"href":"https:\/\/domaljevac.ba\/novo\/wp-json\/wp\/v2\/pages\/359\/revisions\/1037"}],"up":[{"embeddable":true,"href":"https:\/\/domaljevac.ba\/novo\/wp-json\/wp\/v2\/pages\/242"}],"wp:attachment":[{"href":"https:\/\/domaljevac.ba\/novo\/wp-json\/wp\/v2\/media?parent=359"}],"curies":[{"name":"wp","href":"https:\/\/api.w.org\/{rel}","templated":true}]}}