{"id":351,"date":"2018-09-04T13:10:58","date_gmt":"2018-09-04T11:10:58","guid":{"rendered":"http:\/\/domaljevac.ba\/nova\/?page_id=351"},"modified":"2019-02-14T12:32:59","modified_gmt":"2019-02-14T11:32:59","slug":"vijecnici","status":"publish","type":"page","link":"https:\/\/domaljevac.ba\/novo\/opcinsko-vijece\/vijecnici\/","title":{"rendered":"Vije\u0107nici"},"content":{"rendered":"\n<p>Vije\u0107nici<\/p>\n<table width=\"495\">\n<tbody>\n<tr>\n<td style=\"text-align: center;\" rowspan=\"8\" width=\"163\"><img loading=\"lazy\" decoding=\"async\" class=\"alignnone size-full wp-image-1205\" src=\"https:\/\/domaljevac.ba\/novo\/wp-content\/uploads\/2019\/02\/luka1.jpg\" alt=\"\" width=\"200\" height=\"234\" \/><\/td>\n<td width=\"166\">IME I PREZIME<\/td>\n<td width=\"166\">LUKA LUCI\u0106<\/td>\n<\/tr>\n<tr>\n<td>RO\u0110EN<\/td>\n<td>27.12.1986.<\/td>\n<\/tr>\n<tr>\n<td>STRU\u010cNA SPREMA<\/td>\n<td>BACC.OEC.<\/td>\n<\/tr>\n<tr>\n<td>ZANIMANJE<\/td>\n<td>STRU\u010cNI PRVOSTUPNIK EKONOMIJE<\/td>\n<\/tr>\n<tr>\n<td>NACIONALNOST<\/td>\n<td>HRVAT<\/td>\n<\/tr>\n<tr>\n<td>STRANKA<\/td>\n<td>SAMOSTALNI VIJE\u0106NIK<\/td>\n<\/tr>\n<tr>\n<td>STATUS<\/td>\n<td>PREDSJEDNIK OP\u0106INSKOG VIJE\u0106A<\/td>\n<\/tr>\n<tr>\n<td>\u010cLANSTVO U\u00a0POVJERENSTVIMA OP\u0106INSKOG VIJE\u0106A<\/td>\n<td>PREDSJEDNIK POVJERENSTVA ZA PRORA\u010cUN I FINANCIJE\n<p>\u00a0<\/p>\n<p>PREDSJEDNIK \u00a0POVJERENSTVO ZA OBNOVU I POVRATAK IZBJEGLIH I RASELJENIH OSOBA<\/p>\n<p>PREDSJEDNIK POVJERENSTVO ZA POSLOVE MJESNIH ZAJEDNICA<\/p>\n<\/td>\n<\/tr>\n<\/tbody>\n<\/table>\n<table width=\"495\">\n<tbody>\n<tr>\n<td style=\"text-align: center;\" rowspan=\"8\" width=\"163\">\u00a0<img loading=\"lazy\" decoding=\"async\" class=\"size-full wp-image-750 aligncenter\" src=\"https:\/\/domaljevac.ba\/novo\/wp-content\/uploads\/2019\/01\/dr_Mato_Hrskanovic.jpg\" alt=\"\" width=\"500\" height=\"500\" srcset=\"https:\/\/domaljevac.ba\/novo\/wp-content\/uploads\/2019\/01\/dr_Mato_Hrskanovic.jpg 500w, https:\/\/domaljevac.ba\/novo\/wp-content\/uploads\/2019\/01\/dr_Mato_Hrskanovic-150x150.jpg 150w, https:\/\/domaljevac.ba\/novo\/wp-content\/uploads\/2019\/01\/dr_Mato_Hrskanovic-300x300.jpg 300w, https:\/\/domaljevac.ba\/novo\/wp-content\/uploads\/2019\/01\/dr_Mato_Hrskanovic-230x230.jpg 230w\" sizes=\"auto, (max-width: 500px) 100vw, 500px\" \/>\n<p>\u00a0<\/p>\n<\/td>\n<td width=\"166\">IME I PREZIME<\/td>\n<td width=\"166\">MATO HRSKANOVI\u0106<\/td>\n<\/tr>\n<tr>\n<td>RO\u0110EN<\/td>\n<td>07.02.1969.<\/td>\n<\/tr>\n<tr>\n<td>STRU\u010cNA SPREMA<\/td>\n<td>DR. MED.<\/td>\n<\/tr>\n<tr>\n<td>ZANIMANJE<\/td>\n<td>DOKTOR MEDICINE, SPECIJALISTA OP\u0106E KIRURGIJE<\/td>\n<\/tr>\n<tr>\n<td>NACIONALNOST<\/td>\n<td>HRVAT<\/td>\n<\/tr>\n<tr>\n<td>STRANKA<\/td>\n<td>HDZ BiH<\/td>\n<\/tr>\n<tr>\n<td>STATUS<\/td>\n<td>VIJE\u0106NIK<\/td>\n<\/tr>\n<tr>\n<td>\u010cLANSTVO U\u00a0POVJERENSTVIMA OP\u0106INSKOG VIJE\u0106A<\/td>\n<td>POVJERENSTVO ZA ZA\u0160TITU LJUDSKIH PRAVA, \u017dALBE I PREDSTAVKE\n<p>\u00a0<\/p>\n<p>POVJERENSTVO ZA KODEKS PONA\u0160ANJA IZABRANIH PREDSTAVNIKA U OP\u0106INSKOM VIJE\u0106U DOMALJEVAC-\u0160AMAC<\/p>\n<p>POVJERENSTVO ZA PRA\u0106ENJE POLO\u017dAJA BRANITELJA, RATNIH VOJNIH INVALIDA I OBITELJI POGINULIH I NESTALIH BRANITELJA<\/p>\n<\/td>\n<\/tr>\n<\/tbody>\n<\/table>\n<table width=\"495\">\n<tbody>\n<tr>\n<td style=\"text-align: center;\" rowspan=\"8\" width=\"163\">\u00a0<img loading=\"lazy\" decoding=\"async\" class=\"size-full wp-image-752 aligncenter\" src=\"https:\/\/domaljevac.ba\/novo\/wp-content\/uploads\/2019\/01\/Lucija_Matic.jpg\" alt=\"\" width=\"500\" height=\"500\" srcset=\"https:\/\/domaljevac.ba\/novo\/wp-content\/uploads\/2019\/01\/Lucija_Matic.jpg 500w, https:\/\/domaljevac.ba\/novo\/wp-content\/uploads\/2019\/01\/Lucija_Matic-150x150.jpg 150w, https:\/\/domaljevac.ba\/novo\/wp-content\/uploads\/2019\/01\/Lucija_Matic-300x300.jpg 300w, https:\/\/domaljevac.ba\/novo\/wp-content\/uploads\/2019\/01\/Lucija_Matic-230x230.jpg 230w\" sizes=\"auto, (max-width: 500px) 100vw, 500px\" \/>\u00a0<\/td>\n<td width=\"166\">IME I PREZIME<\/td>\n<td width=\"166\">LUCIJA MATI\u0106<\/td>\n<\/tr>\n<tr>\n<td>RO\u0110ENA<\/td>\n<td>12.06.1969.<\/td>\n<\/tr>\n<tr>\n<td>STRU\u010cNA SPREMA<\/td>\n<td>DIPL.IUR.<\/td>\n<\/tr>\n<tr>\n<td>ZANIMANJE<\/td>\n<td>DIPLOMIRANI PRAVNIK<\/td>\n<\/tr>\n<tr>\n<td>NACIONALNOST<\/td>\n<td>HRVATICA<\/td>\n<\/tr>\n<tr>\n<td>STRANKA<\/td>\n<td>HDZ BiH<\/td>\n<\/tr>\n<tr>\n<td>STATUS<\/td>\n<td>VIJE\u0106NICA<\/td>\n<\/tr>\n<tr>\n<td>\u010cLANSTVO U\u00a0POVJERENSTVIMA OP\u0106INSKOG VIJE\u0106A<\/td>\n<td>ZAMJENICA PREDSJEDNIKA POVJERENSTVA ZA STATUT I PROPISE\n<p>\u00a0<\/p>\n<p>POVJERENSTVA ZA ZA\u0160TITU LJUDSKIH PRAVA, MLADE I JEDNAKOPRAVNOST SPOLOVA<\/p>\n<\/td>\n<\/tr>\n<\/tbody>\n<\/table>\n<table width=\"495\">\n<tbody>\n<tr>\n<td style=\"text-align: center;\" rowspan=\"8\" width=\"163\">\u00a0<img loading=\"lazy\" decoding=\"async\" class=\"size-full wp-image-753 aligncenter\" src=\"https:\/\/domaljevac.ba\/novo\/wp-content\/uploads\/2019\/01\/Miroslav_Piljic.jpg\" alt=\"\" width=\"500\" height=\"500\" srcset=\"https:\/\/domaljevac.ba\/novo\/wp-content\/uploads\/2019\/01\/Miroslav_Piljic.jpg 500w, https:\/\/domaljevac.ba\/novo\/wp-content\/uploads\/2019\/01\/Miroslav_Piljic-150x150.jpg 150w, https:\/\/domaljevac.ba\/novo\/wp-content\/uploads\/2019\/01\/Miroslav_Piljic-300x300.jpg 300w, https:\/\/domaljevac.ba\/novo\/wp-content\/uploads\/2019\/01\/Miroslav_Piljic-230x230.jpg 230w\" sizes=\"auto, (max-width: 500px) 100vw, 500px\" \/>\n<p>\u00a0<\/p>\n<\/td>\n<td width=\"166\">IME I PREZIME<\/td>\n<td width=\"166\">MIROSLAV PILJI\u0106<\/td>\n<\/tr>\n<tr>\n<td>RO\u0110EN<\/td>\n<td>10.02.1983.<\/td>\n<\/tr>\n<tr>\n<td>STRU\u010cNA SPREMA<\/td>\n<td>SSS<\/td>\n<\/tr>\n<tr>\n<td>ZANIMANJE<\/td>\n<td>EKONOMIST<\/td>\n<\/tr>\n<tr>\n<td>NACIONALNOST<\/td>\n<td>HRVAT<\/td>\n<\/tr>\n<tr>\n<td>STRANKA<\/td>\n<td>HDZ BiH<\/td>\n<\/tr>\n<tr>\n<td>STATUS<\/td>\n<td>VIJE\u0106NIK<\/td>\n<\/tr>\n<tr>\n<td>\u010cLANSTVO U\u00a0POVJERENSTVIMA OP\u0106INSKOG VIJE\u0106A<\/td>\n<td>POVJERENSTVO ZA IZBOR I IMENOVANJE\n<p>\u00a0<\/p>\n<p>POVJERENSTVO ZA PRORA\u010cUN I FINANCIJE<\/p>\n<p>POVJERENSTVO ZA OBNOVU I POVRATAK IZBJEGLIH I RASELJENIH OSOBA<\/p>\n<p>POVJERENSTVO ZA POSLOVE MJESNIH ZAJEDNICA<\/p>\n<\/td>\n<\/tr>\n<\/tbody>\n<\/table>\n<table width=\"495\">\n<tbody>\n<tr>\n<td style=\"text-align: center;\" rowspan=\"8\" width=\"163\">\u00a0<img loading=\"lazy\" decoding=\"async\" class=\"size-full wp-image-751 aligncenter\" src=\"https:\/\/domaljevac.ba\/novo\/wp-content\/uploads\/2019\/01\/Josip_Grgic.jpg\" alt=\"\" width=\"500\" height=\"500\" srcset=\"https:\/\/domaljevac.ba\/novo\/wp-content\/uploads\/2019\/01\/Josip_Grgic.jpg 500w, https:\/\/domaljevac.ba\/novo\/wp-content\/uploads\/2019\/01\/Josip_Grgic-150x150.jpg 150w, https:\/\/domaljevac.ba\/novo\/wp-content\/uploads\/2019\/01\/Josip_Grgic-300x300.jpg 300w, https:\/\/domaljevac.ba\/novo\/wp-content\/uploads\/2019\/01\/Josip_Grgic-230x230.jpg 230w\" sizes=\"auto, (max-width: 500px) 100vw, 500px\" \/>\n<p>\u00a0<\/p>\n<\/td>\n<td width=\"166\">IME I PREZIME<\/td>\n<td width=\"166\">JOSIP GRGI\u0106<\/td>\n<\/tr>\n<tr>\n<td>RO\u0110EN<\/td>\n<td>20.02.1983.<\/td>\n<\/tr>\n<tr>\n<td>STRU\u010cNA SPREMA<\/td>\n<td>SSS<\/td>\n<\/tr>\n<tr>\n<td>ZANIMANJE<\/td>\n<td>ELEKTROTEHNI\u010cAR<\/td>\n<\/tr>\n<tr>\n<td>NACIONALNOST<\/td>\n<td>HRVAT<\/td>\n<\/tr>\n<tr>\n<td>STRANKA<\/td>\n<td>HDZ BiH<\/td>\n<\/tr>\n<tr>\n<td>STATUS<\/td>\n<td>VIJE\u0106NIK<\/td>\n<\/tr>\n<tr>\n<td>\u010cLANSTVO U\u00a0POVJERENSTVIMA OP\u0106INSKOG VIJE\u0106A<\/td>\n<td>POVJERENSTVO ZA EKONOMSKE ODNOSE I PRIVATIZACIJU\n<p>\u00a0<\/p>\n<p>POVJERENSTVO ZA NADZOR ZAKONITOSTI RADA<\/p>\n<p>POVJERENSTVO ZA PROSTORNO PLANIRANJE, URE\u0110ENJE I EKOLOGIJU<\/p>\n<\/td>\n<\/tr>\n<\/tbody>\n<\/table>\n<table style=\"height: 506px;\" width=\"495\">\n<tbody>\n<tr style=\"height: 32px;\">\n<td style=\"text-align: center; height: 506px; width: 165.367px;\" rowspan=\"8\"><img loading=\"lazy\" decoding=\"async\" class=\"alignnone size-medium wp-image-1079\" src=\"https:\/\/domaljevac.ba\/novo\/wp-content\/uploads\/2019\/02\/1.-Alen-\u0106o\u0161kovi\u0107-300x272.png\" alt=\"\" width=\"300\" height=\"272\" srcset=\"https:\/\/domaljevac.ba\/novo\/wp-content\/uploads\/2019\/02\/1.-Alen-\u0106o\u0161kovi\u0107-300x272.png 300w, https:\/\/domaljevac.ba\/novo\/wp-content\/uploads\/2019\/02\/1.-Alen-\u0106o\u0161kovi\u0107-768x697.png 768w, https:\/\/domaljevac.ba\/novo\/wp-content\/uploads\/2019\/02\/1.-Alen-\u0106o\u0161kovi\u0107-1024x930.png 1024w\" sizes=\"auto, (max-width: 300px) 100vw, 300px\" \/><\/td>\n<td style=\"width: 188.7px; height: 32px;\">IME I PREZIME<\/td>\n<td style=\"width: 203.933px; height: 32px;\">ALEN \u0106O\u0160KOVI\u0106<\/td>\n<\/tr>\n<tr style=\"height: 32px;\">\n<td style=\"width: 188.7px; height: 32px;\">RO\u0110EN<\/td>\n<td style=\"width: 203.933px; height: 32px;\">06.11.1981.<\/td>\n<\/tr>\n<tr style=\"height: 32px;\">\n<td style=\"width: 188.7px; height: 32px;\">STRU\u010cNA SPREMA<\/td>\n<td style=\"width: 203.933px; height: 32px;\">BACC.SOC.RAD.<\/td>\n<\/tr>\n<tr style=\"height: 32px;\">\n<td style=\"width: 188.7px; height: 32px;\">ZANIMANJE<\/td>\n<td style=\"width: 203.933px; height: 32px;\">SOCIJALNI RADNIK<\/td>\n<\/tr>\n<tr style=\"height: 32px;\">\n<td style=\"width: 188.7px; height: 32px;\">NACIONALNOST<\/td>\n<td style=\"width: 203.933px; height: 32px;\">HRVAT<\/td>\n<\/tr>\n<tr style=\"height: 32px;\">\n<td style=\"width: 188.7px; height: 32px;\">STRANKA<\/td>\n<td style=\"width: 203.933px; height: 32px;\">HDZ 1990<\/td>\n<\/tr>\n<tr style=\"height: 32px;\">\n<td style=\"width: 188.7px; height: 32px;\">STATUS<\/td>\n<td style=\"width: 203.933px; height: 32px;\">VIJE\u0106NIK<\/td>\n<\/tr>\n<tr style=\"height: 282px;\">\n<td style=\"width: 188.7px; height: 282px;\">\u010cLANSTVO U\u00a0POVJERENSTVIMA OP\u0106INSKOG VIJE\u0106A<\/td>\n<td style=\"width: 203.933px; height: 282px;\">ZAMJENIK PREDSJEDNIKA POVJERENSTVA ZA EKONOMSKE ODNOSE I PRIVATIZACIJU\n<p>\u00a0<\/p>\n<p>POVJERENSTVO ZA STATUT I PROPISE<\/p>\n<\/td>\n<\/tr>\n<\/tbody>\n<\/table>\n<table width=\"495\">\n<tbody>\n<tr>\n<td style=\"text-align: center;\" rowspan=\"8\" width=\"163\"><img loading=\"lazy\" decoding=\"async\" class=\"alignnone size-full wp-image-1093\" src=\"https:\/\/domaljevac.ba\/novo\/wp-content\/uploads\/2019\/02\/Joso-Peri\u0161i\u0107.jpg\" alt=\"\" width=\"200\" height=\"233\" \/><\/td>\n<td width=\"166\">IME I PREZIME<\/td>\n<td width=\"166\">JOSO PERI\u0160I\u0106<\/td>\n<\/tr>\n<tr>\n<td>RO\u0110EN<\/td>\n<td>24.03.1971.<\/td>\n<\/tr>\n<tr>\n<td>STRU\u010cNA SPREMA<\/td>\n<td>OSNOVNA \u0160KOLA<\/td>\n<\/tr>\n<tr>\n<td>ZANIMANJE<\/td>\n<td>UMIROVLJENIK<\/td>\n<\/tr>\n<tr>\n<td>NACIONALNOST<\/td>\n<td>HRVAT<\/td>\n<\/tr>\n<tr>\n<td>STRANKA<\/td>\n<td>POSAVSKA STRANKA<\/td>\n<\/tr>\n<tr>\n<td>STATUS<\/td>\n<td>VIJE\u0106NIK<\/td>\n<\/tr>\n<tr>\n<td>\u010cLANSTVO U\u00a0POVJERENSTVIMA OP\u0106INSKOG VIJE\u0106A<\/td>\n<td>PREDSJEDNIK POVJERENSTVA ZA ZA\u0160TITU LJUDSKIH PRAVA, \u017dALBE I PREDSTAVKE\n<p>\u00a0<\/p>\n<p>POVJERENSTVO ZA PRORA\u010cUN I FINANCIJE<\/p>\n<p>POVJERENSTVO ZA NADZOR ZAKONITOSTI RADA<\/p>\n<p>POVJERENSTVO ZA OBNOVU I POVRATAK IZBJEGLIH I RASELJENIH OSOBA<\/p>\n<p>POVJERENSTVO ZA KODEKS PONA\u0160ANJA IZABRANIH PREDSTAVNIKA U OP\u0106INSKOM VIJE\u0106U DOMALJEVAC-\u0160AMAC<\/p>\n<p>POVJERENSTVO ZA PRA\u0106ENJE POLO\u017dAJA BRANITELJA, RATNIH VOJNIH INVALIDA I OBITELJI POGINULIH I NESTALIH BRANITELJA<\/p>\n<\/td>\n<\/tr>\n<\/tbody>\n<\/table>\n<table style=\"height: 941px;\" width=\"495\">\n<tbody>\n<tr style=\"height: 32px;\">\n<td style=\"text-align: center; height: 941px; width: 183.75px;\" rowspan=\"8\"><img loading=\"lazy\" decoding=\"async\" class=\"alignnone size-full wp-image-1150\" src=\"https:\/\/domaljevac.ba\/novo\/wp-content\/uploads\/2019\/02\/16.-Zrinka-Tuzlak-5.jpg\" alt=\"\" width=\"800\" height=\"814\" srcset=\"https:\/\/domaljevac.ba\/novo\/wp-content\/uploads\/2019\/02\/16.-Zrinka-Tuzlak-5.jpg 800w, https:\/\/domaljevac.ba\/novo\/wp-content\/uploads\/2019\/02\/16.-Zrinka-Tuzlak-5-295x300.jpg 295w, https:\/\/domaljevac.ba\/novo\/wp-content\/uploads\/2019\/02\/16.-Zrinka-Tuzlak-5-768x781.jpg 768w\" sizes=\"auto, (max-width: 800px) 100vw, 800px\" \/><\/td>\n<td style=\"height: 32px; width: 187.133px;\">IME I PREZIME<\/td>\n<td style=\"height: 32px; width: 187.117px;\">ZRINKA TUZLAK<\/td>\n<\/tr>\n<tr style=\"height: 32px;\">\n<td style=\"height: 32px; width: 187.133px;\">RO\u0110ENA<\/td>\n<td style=\"height: 32px; width: 187.117px;\">\u00a029.10.1977.<\/td>\n<\/tr>\n<tr style=\"height: 32px;\">\n<td style=\"height: 32px; width: 187.133px;\">STRU\u010cNA SPREMA<\/td>\n<td style=\"height: 32px; width: 187.117px;\">SSS<\/td>\n<\/tr>\n<tr style=\"height: 32px;\">\n<td style=\"height: 32px; width: 187.133px;\">ZANIMANJE<\/td>\n<td style=\"height: 32px; width: 187.117px;\">KUHAR<\/td>\n<\/tr>\n<tr style=\"height: 32px;\">\n<td style=\"height: 32px; width: 187.133px;\">NACIONALNOST<\/td>\n<td style=\"height: 32px; width: 187.117px;\">HRVATICA<\/td>\n<\/tr>\n<tr style=\"height: 32px;\">\n<td style=\"height: 32px; width: 187.133px;\">STRANKA<\/td>\n<td style=\"height: 32px; width: 187.117px;\">HDZ 1990<\/td>\n<\/tr>\n<tr style=\"height: 32px;\">\n<td style=\"height: 32px; width: 187.133px;\">STATUS<\/td>\n<td style=\"height: 32px; width: 187.117px;\">VIJE\u0106NICA<\/td>\n<\/tr>\n<tr style=\"height: 717px;\">\n<td style=\"height: 717px; width: 187.133px;\">\u010cLANSTVO U\u00a0POVJERENSTVIMA OP\u0106INSKOG VIJE\u0106A<\/td>\n<td style=\"height: 717px; width: 187.117px;\">PREDSJEDNICA POVJERENSTVA ZA NADZOR ZAKONITOSTI RADA\n<p>\u00a0<\/p>\n<p>ZAMJENICA PREDSJEDNIKA<br \/>POVJERENSTVO ZA IZBOR I IMENOVANJE<\/p>\n<p>PREDSJEDNICA POVJERENSTVA ZA ZA\u0160TITU LJUDSKIH PRAVA, MLADE I JEDNAKOPRAVNOST SPOLOVA<\/p>\n<p>PREDSJEDNICA \u00a0POVJERENSTVO ZA KODEKS PONA\u0160ANJA IZABRANIH PREDSTAVNIKA U OP\u0106INSKOM VIJE\u0106U DOMALJEVAC-\u0160AMAC<\/p>\n<\/td>\n<\/tr>\n<\/tbody>\n<\/table>\n<table width=\"495\">\n<tbody>\n<tr>\n<td style=\"text-align: center;\" rowspan=\"8\" width=\"163\"><img loading=\"lazy\" decoding=\"async\" class=\"alignnone size-medium wp-image-1096\" src=\"https:\/\/domaljevac.ba\/novo\/wp-content\/uploads\/2019\/02\/10.-\u0110uro-Peri\u0161i\u0107-297x300.png\" alt=\"\" width=\"297\" height=\"300\" srcset=\"https:\/\/domaljevac.ba\/novo\/wp-content\/uploads\/2019\/02\/10.-\u0110uro-Peri\u0161i\u0107-297x300.png 297w, https:\/\/domaljevac.ba\/novo\/wp-content\/uploads\/2019\/02\/10.-\u0110uro-Peri\u0161i\u0107-768x776.png 768w, https:\/\/domaljevac.ba\/novo\/wp-content\/uploads\/2019\/02\/10.-\u0110uro-Peri\u0161i\u0107-1014x1024.png 1014w\" sizes=\"auto, (max-width: 297px) 100vw, 297px\" \/><\/td>\n<td width=\"166\">IME I PREZIME<\/td>\n<td width=\"166\">\u0110URO PERI\u0160I\u0106<\/td>\n<\/tr>\n<tr>\n<td>RO\u0110EN<\/td>\n<td>02.11.1984.<\/td>\n<\/tr>\n<tr>\n<td>STRU\u010cNA SPREMA<\/td>\n<td>SSS<\/td>\n<\/tr>\n<tr>\n<td>ZANIMANJE<\/td>\n<td>TRGOVAC<\/td>\n<\/tr>\n<tr>\n<td>NACIONALNOST<\/td>\n<td>HRVAT<\/td>\n<\/tr>\n<tr>\n<td>STRANKA<\/td>\n<td>SAMOSTALNI VIJE\u0106NIK<\/td>\n<\/tr>\n<tr>\n<td>STATUS<\/td>\n<td>VIJE\u0106NIK<\/td>\n<\/tr>\n<tr>\n<td>\u010cLANSTVO U\u00a0POVJERENSTVIMA OP\u0106INSKOG VIJE\u0106A<\/td>\n<td>POVJERENSTVO ZA ZA\u0160TITU LJUDSKIH PRAVA, \u017dALBE I PREDSTAVKE\n<p>\u00a0<\/p>\n<p>POVJERENSTVO ZA PROSTORNO PLANIRANJE, URE\u0110ENJE I EKOLOGIJU<\/p>\n<p>PREDSJEDNIK POVJERENSTVA ZA PRA\u0106ENJE POLO\u017dAJA BRANITELJA, RATNIH VOJNIH INVALIDA I OBITELJI POGINULIH I NESTALIH BRANITELJA<\/p>\n<\/td>\n<\/tr>\n<\/tbody>\n<\/table>\n<table width=\"495\">\n<tbody>\n<tr>\n<td style=\"text-align: center; width: 170.45px;\" rowspan=\"8\"><img loading=\"lazy\" decoding=\"async\" class=\"alignnone size-medium wp-image-1100\" src=\"https:\/\/domaljevac.ba\/novo\/wp-content\/uploads\/2019\/02\/15826485_10206228967801693_8666143208973658793_n-300x300.jpg\" alt=\"\" width=\"300\" height=\"300\" srcset=\"https:\/\/domaljevac.ba\/novo\/wp-content\/uploads\/2019\/02\/15826485_10206228967801693_8666143208973658793_n-300x300.jpg 300w, https:\/\/domaljevac.ba\/novo\/wp-content\/uploads\/2019\/02\/15826485_10206228967801693_8666143208973658793_n-150x150.jpg 150w, https:\/\/domaljevac.ba\/novo\/wp-content\/uploads\/2019\/02\/15826485_10206228967801693_8666143208973658793_n-230x230.jpg 230w, https:\/\/domaljevac.ba\/novo\/wp-content\/uploads\/2019\/02\/15826485_10206228967801693_8666143208973658793_n.jpg 367w\" sizes=\"auto, (max-width: 300px) 100vw, 300px\" \/><\/td>\n<td style=\"width: 161.15px;\">IME I PREZIME<\/td>\n<td style=\"width: 226.4px;\">MLADEN VLAHOVI\u0106<\/td>\n<\/tr>\n<tr>\n<td style=\"width: 161.15px;\">RO\u0110EN<\/td>\n<td style=\"width: 226.4px;\">09.01.1988.<\/td>\n<\/tr>\n<tr>\n<td style=\"width: 161.15px;\">STRU\u010cNA SPREMA<\/td>\n<td style=\"width: 226.4px;\">BACC.ING.GRA\u0110EVINARSTVA<\/td>\n<\/tr>\n<tr>\n<td style=\"width: 161.15px;\">ZANIMANJE<\/td>\n<td style=\"width: 226.4px;\">STRU\u010cNI PRVOSTUPNIK IN\u017dINJER GRA\u0110EVINARSTVA<\/td>\n<\/tr>\n<tr>\n<td style=\"width: 161.15px;\">NACIONALNOST<\/td>\n<td style=\"width: 226.4px;\">HRVAT<\/td>\n<\/tr>\n<tr>\n<td style=\"width: 161.15px;\">STRANKA<\/td>\n<td style=\"width: 226.4px;\">NEOVISNI<\/td>\n<\/tr>\n<tr>\n<td style=\"width: 161.15px;\">STATUS<\/td>\n<td style=\"width: 226.4px;\">VIJE\u0106NIK<\/td>\n<\/tr>\n<tr>\n<td style=\"width: 161.15px;\">\u010cLANSTVO U\u00a0POVJERENSTVIMA OP\u0106INSKOG VIJE\u0106A<\/td>\n<td style=\"width: 226.4px;\">\u00a0<\/td>\n<\/tr>\n<\/tbody>\n<\/table>\n<table style=\"height: 638px;\" width=\"1950\">\n<tbody>\n<tr>\n<td style=\"text-align: center;\" rowspan=\"8\" width=\"163\">\u00a0<\/td>\n<td width=\"166\">IME I PREZIME<\/td>\n<td width=\"166\">\u00a0<\/td>\n<\/tr>\n<tr>\n<td>RO\u0110EN<\/td>\n<td>\u00a0<\/td>\n<\/tr>\n<tr>\n<td>STRU\u010cNA SPREMA<\/td>\n<td>\u00a0<\/td>\n<\/tr>\n<tr>\n<td>ZANIMANJE<\/td>\n<td>\u00a0<\/td>\n<\/tr>\n<tr>\n<td>NACIONALNOST<\/td>\n<td>\u00a0<\/td>\n<\/tr>\n<tr>\n<td>STRANKA<\/td>\n<td>\u00a0<\/td>\n<\/tr>\n<tr>\n<td>STATUS<\/td>\n<td>\u00a0<\/td>\n<\/tr>\n<tr>\n<td>\u010cLANSTVO U\u00a0POVJERENSTVIMA OP\u0106INSKOG VIJE\u0106A<\/td>\n<td>\u00a0<\/td>\n<\/tr>\n<\/tbody>\n<\/table>\n","protected":false},"excerpt":{"rendered":"<p>Vije\u0107nici IME I PREZIME LUKA LUCI\u0106 RO\u0110EN 27.12.1986. STRU\u010cNA SPREMA BACC.OEC. ZANIMANJE STRU\u010cNI PRVOSTUPNIK EKONOMIJE NACIONALNOST HRVAT STRANKA SAMOSTALNI VIJE\u0106NIK STATUS PREDSJEDNIK OP\u0106INSKOG VIJE\u0106A \u010cLANSTVO U\u00a0POVJERENSTVIMA OP\u0106INSKOG VIJE\u0106A PREDSJEDNIK POVJERENSTVA ZA PRORA\u010cUN I FINANCIJE \u00a0 PREDSJEDNIK \u00a0POVJERENSTVO ZA OBNOVU I&hellip; <\/p>\n","protected":false},"author":1,"featured_media":0,"parent":192,"menu_order":0,"comment_status":"closed","ping_status":"closed","template":"","meta":{"footnotes":""},"class_list":["post-351","page","type-page","status-publish","hentry"],"_links":{"self":[{"href":"https:\/\/domaljevac.ba\/novo\/wp-json\/wp\/v2\/pages\/351","targetHints":{"allow":["GET"]}}],"collection":[{"href":"https:\/\/domaljevac.ba\/novo\/wp-json\/wp\/v2\/pages"}],"about":[{"href":"https:\/\/domaljevac.ba\/novo\/wp-json\/wp\/v2\/types\/page"}],"author":[{"embeddable":true,"href":"https:\/\/domaljevac.ba\/novo\/wp-json\/wp\/v2\/users\/1"}],"replies":[{"embeddable":true,"href":"https:\/\/domaljevac.ba\/novo\/wp-json\/wp\/v2\/comments?post=351"}],"version-history":[{"count":17,"href":"https:\/\/domaljevac.ba\/novo\/wp-json\/wp\/v2\/pages\/351\/revisions"}],"predecessor-version":[{"id":1208,"href":"https:\/\/domaljevac.ba\/novo\/wp-json\/wp\/v2\/pages\/351\/revisions\/1208"}],"up":[{"embeddable":true,"href":"https:\/\/domaljevac.ba\/novo\/wp-json\/wp\/v2\/pages\/192"}],"wp:attachment":[{"href":"https:\/\/domaljevac.ba\/novo\/wp-json\/wp\/v2\/media?parent=351"}],"curies":[{"name":"wp","href":"https:\/\/api.w.org\/{rel}","templated":true}]}}