{"id":29,"date":"2017-06-27T00:32:50","date_gmt":"2017-06-26T22:32:50","guid":{"rendered":"http:\/\/domaljevac.ba\/nova\/?page_id=29"},"modified":"2020-01-10T13:28:07","modified_gmt":"2020-01-10T12:28:07","slug":"opcinski-nacelnik","status":"publish","type":"page","link":"https:\/\/domaljevac.ba\/novo\/opcinski-nacelnik\/","title":{"rendered":"Op\u0107inski na\u010delnik"},"content":{"rendered":"\n<figure class=\"wp-block-image size-large\"><img loading=\"lazy\" decoding=\"async\" width=\"250\" height=\"238\" src=\"https:\/\/domaljevac.ba\/novo\/wp-content\/uploads\/2020\/01\/Stjepan-Pilj\u0107.jpg\" alt=\"\" class=\"wp-image-2884\"\/><\/figure>\n\n\n\n<p><strong>FORMALNO OBRAZOVANJE<\/strong><\/p>\n\n\n\n<figure class=\"wp-block-table\"><table class=\"\"><tbody><tr><td><strong>Ime i prezime:<\/strong>   <\/td><td>Stjepan Pilji\u0107   <\/td><\/tr><tr><td><strong>Datum i mjesto ro\u0111enja:<\/strong>   <\/td><td>26.09.1974., Bosanski \u0160amac   <\/td><\/tr><tr><td><strong>Adresa stanovanja:<\/strong>   <\/td><td>Stjepana Radi\u0107a 14, 76233 Domaljevac   <\/td><\/tr><tr><td><strong>Telefon:<\/strong>   <\/td><td>063 342 771   <\/td><\/tr><tr><td><strong>e-mail:<\/strong>   <\/td><td><a href=\"mailto:stjepan.piljic@gmail.com\">stjepan.piljic@gmail.com<\/a>   <\/td><\/tr><\/tbody><\/table><\/figure>\n\n\n\n<figure class=\"wp-block-table\"><table class=\"\"><tbody><tr><td><strong>Obrazovna institucija<\/strong>   <\/td><td><strong>Zvanje<\/strong>   <\/td><\/tr><tr><\/tr><tr><td>Filozofski fakultet Sarajevo   <\/td><td>Profesor pedagogije   <\/td><\/tr><tr><\/tr><tr><td>Pedgo\u0161ki fakultet Mostar   <\/td><td>Nastavnik razredne nastave   <\/td><\/tr><tr><td>Gimnazija \u017dupanja   <\/td><\/tr><tr><\/tr><\/tbody><\/table><\/figure>\n\n\n\n<p><strong>STRU\u010cNA USAVR\u0160AVANJA<\/strong><\/p>\n\n\n\n<figure class=\"wp-block-table\"><table class=\"\"><tbody><tr><td><strong>Organizator obuke<\/strong>   <\/td><td><strong>Naziv programa<\/strong>   <\/td><td><strong>Godina&nbsp;<\/strong>   <\/td><\/tr><tr><td>OSCE BiH   <\/td><td>\u201eActive   Learning\/Teaching in BiH\u201c   <\/td><td>2012.-2015.   <\/td><\/tr><tr><td>Kultur Kontakt Austria   <\/td><td>Edukacija za ravnatelje    <\/td><td>2015.   <\/td><\/tr><tr><td>Obrazovni centar za ljudska prava i demokraciju CIVITAS   <\/td><td>Demokratske \u0161kole   <\/td><td>2012.   <\/td><\/tr><tr><td>Friedrich Ebert Stiftung BiH   <\/td><td>FES \u2013 sindikalna \u0161kola   <\/td><td>2012.   <\/td><\/tr><tr><td>Ministarstvo prosvjete, znanosti kulture i \u0161porta \u017dP   <\/td><td>\u0160kola i razvoj kompetencija   <\/td><td>2012.   <\/td><\/tr><tr><td>SSOOiO BiH   &nbsp;   <\/td><td>Uloga i   zna\u010daj socijalnog dijaloga u&nbsp;&nbsp;&nbsp;&nbsp;&nbsp;&nbsp;   sindikalnoj podru\u017enici   <\/td><td>2011.   <\/td><\/tr><tr><td>OSCE BiH   <\/td><td>\u201eEducation for the Future: the   European Framework of Key Competencies\u201c   <\/td><td>2010.   <\/td><\/tr><tr><td>SSOOiO BiH   <\/td><td>Radno zakonodavstvo   <\/td><td>2010.   <\/td><\/tr><tr><td>EFP Institute of the&nbsp; Balkans    <\/td><td>Education for Peace   <\/td><td>2010.   <\/td><\/tr><tr><td>Centar za obrazovne inicijative   <\/td><td>Seminar za primjenu metodologije   usmjerene na dijete   <\/td><td>2007.   <\/td><\/tr><tr><td>CIVITAS BiH   <\/td><td>Osnove demokracije   <\/td><td>2007.   <\/td><\/tr><tr><td>CIVITAS BiH   <\/td><td>Umije\u0107e \u017eivljenja   <\/td><td>2007.   <\/td><\/tr><tr><td>CIVITAS BiH   <\/td><td>Projekt gra\u0111anin   <\/td><td>2006.   <\/td><\/tr><tr><td>Finnish Co-operation in the Education Sector of&nbsp; BiH   <\/td><td>The Training of School Managemen<br>Teams in Democratic School Management   <\/td><td>2005.   <\/td><\/tr><tr><\/tr><\/tbody><\/table><\/figure>\n\n\n\n<p><strong>DODATNE\nVJE\u0160TINE<\/strong><\/p>\n\n\n\n<figure class=\"wp-block-table\"><table class=\"\"><tbody><tr><td><strong>Naziv:<\/strong>   <\/td><td><strong>Opis<\/strong>   <\/td><\/tr><tr><td><strong>Voza\u010dka dozvola:<\/strong>   <\/td><td>C kategorija   <\/td><\/tr><tr><td><strong>Ra\u010dunalni programi:<\/strong>   <\/td><td>MS Office paket   <\/td><\/tr><\/tbody><\/table><\/figure>\n\n\n\n<p> <strong>SADA\u0160NJA POZICIJA<\/strong><\/p>\n\n\n\n<figure class=\"wp-block-table\"><table class=\"\"><tbody><tr><td><strong>Institucija:<\/strong>   <\/td><td>Op\u0107ina Domaljevac   <\/td><\/tr><tr><td><strong>Pozicija:<\/strong>   <\/td><td>V.d. op\u0107inski na\u010delnik,&nbsp;<br>Mandat: 2018 &#8211;    <\/td><\/tr><tr><td><strong>Adresa:<\/strong>   <\/td><td>Posavskih branitelja 148, Domaljevac   <\/td><\/tr><tr><td><strong>Telefon \/fax:<\/strong>   <\/td><td>031 716 600, 716 604   <\/td><\/tr><tr><td><strong>e-mail:<\/strong>   <\/td><td><a href=\"mailto:stjepan.piljic@gmail.com\">stjepan.piljic@gmail.com<\/a>   <\/td><\/tr><tr><td><strong>Web:<\/strong>   <\/td><td>www.domaljevac.ba   <\/td><\/tr><\/tbody><\/table><\/figure>\n\n\n\n<p><strong>DOSADA\u0160NJA ZAPOSLENJA<\/strong><\/p>\n\n\n\n<figure class=\"wp-block-table\"><table class=\"\"><tbody><tr><td><strong>Naziv institucije<\/strong>   <\/td><td>\n  <strong>Pozicija<\/strong>\n  <\/td><td><strong>Trajanje<\/strong>   <\/td><\/tr><tr><td>Osnovna \u0161kola Bra\u0107e Radi\u0107a Domaljevac   <\/td><td>V.d. ravnatelj \u0161kole   <\/td><td>2015.-2018.   <\/td><\/tr><tr><td>Osnovna \u0161kola Bra\u0107e Radi\u0107a Domaljevac   <\/td><td>Pedagog<\/td><td>2007.-2015.   <\/td><\/tr><tr><td>Osnovna \u0161kola Bra\u0107e Radi\u0107a Domaljevac   <\/td><td>Nastavnik razredne nastave   <\/td><td>2004.-2007.   <\/td><\/tr><tr><td>Slobodna zona Ora\u0161je   <\/td><td>Djelatnik na poslovima me\u0111unarodnog otpremni\u0161tva   <\/td><td>2001.-2004.   <\/td><\/tr><\/tbody><\/table><\/figure>\n\n\n\n<p><strong>STRU\u010cNO-PROFESIONALNI ANGA\u017dMAN<\/strong><\/p>\n\n\n\n<figure class=\"wp-block-table\"><table class=\"\"><tbody><tr><td>\n  <strong>Naziv institucije<\/strong>\n  <\/td><td>\n  <strong>Pozicija<\/strong>\n  <\/td><td>\n  <strong>Trajanje<\/strong>\n  <\/td><\/tr><tr><td>OSCE Bosne i Hercegovine,<br>Obrazovni forum Beograd   <\/td><td>Instruktor programa Aktivno u\u010denje   <\/td><td>2015. &#8211;   <\/td><\/tr><\/tbody><\/table><\/figure>\n","protected":false},"excerpt":{"rendered":"<p>FORMALNO OBRAZOVANJE Ime i prezime: Stjepan Pilji\u0107 Datum i mjesto ro\u0111enja: 26.09.1974., Bosanski \u0160amac Adresa stanovanja: Stjepana Radi\u0107a 14, 76233 Domaljevac Telefon: 063 342 771 e-mail: stjepan.piljic@gmail.com Obrazovna institucija Zvanje Filozofski fakultet Sarajevo Profesor pedagogije Pedgo\u0161ki fakultet Mostar Nastavnik razredne&hellip; <\/p>\n","protected":false},"author":1,"featured_media":0,"parent":0,"menu_order":0,"comment_status":"closed","ping_status":"closed","template":"","meta":{"footnotes":""},"class_list":["post-29","page","type-page","status-publish","hentry"],"_links":{"self":[{"href":"https:\/\/domaljevac.ba\/novo\/wp-json\/wp\/v2\/pages\/29","targetHints":{"allow":["GET"]}}],"collection":[{"href":"https:\/\/domaljevac.ba\/novo\/wp-json\/wp\/v2\/pages"}],"about":[{"href":"https:\/\/domaljevac.ba\/novo\/wp-json\/wp\/v2\/types\/page"}],"author":[{"embeddable":true,"href":"https:\/\/domaljevac.ba\/novo\/wp-json\/wp\/v2\/users\/1"}],"replies":[{"embeddable":true,"href":"https:\/\/domaljevac.ba\/novo\/wp-json\/wp\/v2\/comments?post=29"}],"version-history":[{"count":8,"href":"https:\/\/domaljevac.ba\/novo\/wp-json\/wp\/v2\/pages\/29\/revisions"}],"predecessor-version":[{"id":2901,"href":"https:\/\/domaljevac.ba\/novo\/wp-json\/wp\/v2\/pages\/29\/revisions\/2901"}],"wp:attachment":[{"href":"https:\/\/domaljevac.ba\/novo\/wp-json\/wp\/v2\/media?parent=29"}],"curies":[{"name":"wp","href":"https:\/\/api.w.org\/{rel}","templated":true}]}}