{"id":266,"date":"2017-10-30T07:04:47","date_gmt":"2017-10-30T06:04:47","guid":{"rendered":"http:\/\/domaljevac.ba\/nova\/?page_id=266"},"modified":"2019-01-31T08:46:56","modified_gmt":"2019-01-31T07:46:56","slug":"osnovna-skola-brace-radica-domaljevac","status":"publish","type":"page","link":"https:\/\/domaljevac.ba\/novo\/javni-sektor\/osnovna-skola-brace-radica-domaljevac\/","title":{"rendered":"Osnovna \u0161kola Bra\u0107e Radi\u0107a Domaljevac"},"content":{"rendered":"\n<p align=\"justify>Prema zapisima franjeva\u010dkog <em>Glasnika<\/em>, \u017eupna osnovna \u0161kola u Domaljevcu osnovana je 1854. godine. \u0160kola je podignuta na mjestu kupljene ku\u0107e, a nastavu je izvodio \u017eupnik. Prema izvje\u0161\u0107u istog izvora iz 1855. godine, \u0161kolu je poha\u0111alo 43 u\u010denika.<\/p>\n\n\n\n<p align=\"justify>1881.godine rad se prebacuje u novu \u0161kolsku zgradu. Nastavu su i dalje izvodili sve\u0107enici franjevci, pored svog redovnog posla i bez nov\u010dane naknade. Prosje\u010dan broj u\u010denika bio je oko 30, a izu\u010davao se narodni jezik, povijest, zemljopis i vjeronauk.<\/p>\n\n\n\n<p align=\"justify>\u0160kola je pri crkvi djelovala sve do 1904. godine kada je sagra\u0111ena i otvorena \u201eNarodna \u0161kola\u201c u Domaljevcu. Izgradnju ove \u0161kole financirale su austrijske vlasti. \u0160kolske 1904\/05. upisano je 179 u\u010denika. Pored toga u selu je ostao velik broj djece koja nisu upisana u \u0161kolu, naro\u010dito \u017eenske. U ovu \u0161kolu upisivana su i djeca iz Bazika, te jedan dio djece iz Grebnica. Do 1947. godine \u0161kolu je poha\u0111alo prosje\u010dno oko 150 u\u010denika.<\/p>\n\n\n\n<p align=\"justify>Od osnutka pa do 1914.godine, u \u0161koli je odr\u017eavan&nbsp; poljoprivredni te\u010daj za odrasle a 1923. godine osnovana je pri \u0161koli narodna \u010ditaonica.<\/p>\n\n\n\n<p align=\"justify>Zbog ratnih prilika \u0161kola je prestala sa radom 1943.godine, te ponovo zapo\u010dela 1945. godine. U idu\u0107im godinama u \u0161kolu je upisivan sve ve\u0107i broj djece, stoga se donosi odluka o izgradnji nove \u0161kolske zgrade, te ista biva dovr\u0161ena 1954. godine.<\/p>\n\n\n\n<p align=\"justify>Narodna osnovna \u0161kola u Domaljevcu je po\u010detkom \u0161kolske 1954\/55. godine progla\u0161ena za Narodnu \u0161estogodi\u0161nju \u0161kolu, a \u0161kolske 1964\/65. godine&nbsp; po\u010dinje sa radom osmogodi\u0161nja \u0161kola.<\/p>\n\n\n\n<p align=\"justify>Nova zgrada osnovne \u0161kole, moderna, sa deset u\u010dionica, laboratorijem, kuhinjom te fiskulturnom salom sve\u010dano je otvorena 17.12.1971. godine. Na sve\u010danom otvaranju bilo je prisutno nekoliko tisu\u0107a ljudi.<\/p>\n\n\n\n<p align=\"justify>Sve do po\u010detka Domovinskog rata \u0161kola je normalno radila i u prosjeku je svake godine upisivano oko 1000 novih u\u010denika.<\/p>\n\n\n\n<p align=\"justify>Dana 17.04.1992. godine po\u010dinje srpska agresija na ovo podru\u010dje pa \u0161kola prestaje sa radom. \u0160kolske 1992\/93. godine nastava nije odr\u017eavana do 01.06.1993. godine, kad se ponovo po\u010dela odvijati unato\u010d te\u0161kim ratnim uvjetima. Po odluci HVO-a Osnovna \u0161kola Bra\u0107a Ribar mijenja naziv i postaje Osnovna \u0161kola Bra\u0107e Radi\u0107a. U ovom ratnom razdoblju naro\u010dito je bila zna\u010dajna pomo\u0107 Republike Hrvatske, iz koje su se knjige \u010damcima prevozile u Domaljevac.<\/p>\n\n\n\n<p align=\"justify>Danas Osnovna \u0161kola Bra\u0107e Radi\u0107a iz Domaljevca u svome sastavu ima i podru\u010dni odjel Grebnice. Nalazi se na prostoru \u017dupanije Posavske i jedina je \u0161kola na podru\u010dju Op\u0107ine Domaljevac-\u0160amac. Posljednjih nekoliko godina u \u0161kolu se upisuje prosje\u010dno oko 430 u\u010denika.<\/p>\n\n\n\n<p align=\"justify>Uvjeti rada su relativno dobri, nastavni proces se odvija u dvjema zgradama. U centralnoj \u0161koli se nalazi \u0161est klasi\u010dnih u\u010dionica, dvije u\u010dionice opremljene za rad po devetogodi\u0161njem obrazovnom sustavu, laboratorij i informati\u010dki kabinet. Za potrebe tjelesne i zdravstvene kulture tu je fiskulturna dvorana te vanjski sportski tereni.<\/p>\n\n\n\n<p align=\"justify>Nova \u0161kolska zgrada u Grebnicama sve\u010dano je otvorena 08.03.2004. godine. Izgradnju je financirala japanska vlada. Trenutno je u izgradnji i fiskulturna dvorana, \u010dime \u0107e se ste\u0107i uvjeti za normalno izvo\u0111enje nastave tjelesne i zdravstvene kulture u podru\u010dnoj \u0161koli.<\/p>\n\n\n\n<p align=\"justify>Ova je \u0161kola, kao i ostale u okru\u017eenju, uklju\u010dena u reformske procese u zadnjih nekoliko godina. \u0160kolske 2005\/06. zapo\u010deo je rad po devetogodi\u0161njem obrazovnom sustavu.<\/p>\n\n\n\n<p align=\"justify>Nastava je skoro u potpunosti stru\u010dno zastupljena. Svi djelatnici su uklju\u010deni u kontinuirana &nbsp;stru\u010dna usavr\u0161avanja, \u010dime potvr\u0111uju spremnost na cjelo\u017eivotno u\u010denje i primjenu suvremenih na\u010dina rada.<\/p>\n\n\n\n<p align=\"justify>Mo\u017ee se re\u0107i da nastavni proces, organizacija rada, materijalni uvjeti za rad i prolaznost u\u010denika sasvim zadovoljavaju.<\/p>\n","protected":false},"excerpt":{"rendered":"<p>1881.godine rad se prebacuje u novu \u0161kolsku zgradu. Nastavu su i dalje izvodili sve\u0107enici franjevci, pored svog redovnog posla i bez nov\u010dane naknade. Prosje\u010dan broj u\u010denika bio je oko 30, a izu\u010davao se narodni jezik, povijest, zemljopis i vjeronauk. Od&hellip; <\/p>\n","protected":false},"author":1,"featured_media":0,"parent":257,"menu_order":0,"comment_status":"closed","ping_status":"closed","template":"","meta":{"footnotes":""},"class_list":["post-266","page","type-page","status-publish","hentry"],"_links":{"self":[{"href":"https:\/\/domaljevac.ba\/novo\/wp-json\/wp\/v2\/pages\/266","targetHints":{"allow":["GET"]}}],"collection":[{"href":"https:\/\/domaljevac.ba\/novo\/wp-json\/wp\/v2\/pages"}],"about":[{"href":"https:\/\/domaljevac.ba\/novo\/wp-json\/wp\/v2\/types\/page"}],"author":[{"embeddable":true,"href":"https:\/\/domaljevac.ba\/novo\/wp-json\/wp\/v2\/users\/1"}],"replies":[{"embeddable":true,"href":"https:\/\/domaljevac.ba\/novo\/wp-json\/wp\/v2\/comments?post=266"}],"version-history":[{"count":1,"href":"https:\/\/domaljevac.ba\/novo\/wp-json\/wp\/v2\/pages\/266\/revisions"}],"predecessor-version":[{"id":891,"href":"https:\/\/domaljevac.ba\/novo\/wp-json\/wp\/v2\/pages\/266\/revisions\/891"}],"up":[{"embeddable":true,"href":"https:\/\/domaljevac.ba\/novo\/wp-json\/wp\/v2\/pages\/257"}],"wp:attachment":[{"href":"https:\/\/domaljevac.ba\/novo\/wp-json\/wp\/v2\/media?parent=266"}],"curies":[{"name":"wp","href":"https:\/\/api.w.org\/{rel}","templated":true}]}}