{"id":263,"date":"2017-10-30T07:03:58","date_gmt":"2017-10-30T06:03:58","guid":{"rendered":"http:\/\/domaljevac.ba\/nova\/?page_id=263"},"modified":"2019-02-06T09:13:55","modified_gmt":"2019-02-06T08:13:55","slug":"djecji-vrtic-domaljevac","status":"publish","type":"page","link":"https:\/\/domaljevac.ba\/novo\/djecji-vrtic-domaljevac\/","title":{"rendered":"Dje\u010dji vrti\u0107 Domaljevac"},"content":{"rendered":"\n<p align=\"justify\">Javna ustanova \u201eDje\u010dji vrti\u0107\u201c Domaljevac osnovana je od strane Op\u0107inskog vije\u0107a Domaljevac-\u0160amac 28.06.2004. godine.<\/p>\n\n\n\n<p align=\"justify\">Izgradnju i opremanje vrti\u0107a su financirali Federalno ministarstvo obrazovanja, Vlada Republike Hrvatske&nbsp; kroz program pomo\u0107i hrvata u Bosni i Hercegovini i OPEC fond.&nbsp; Op\u0107ina je 2012. osigurala&nbsp; preostala potrebna sredstva za opremanje&nbsp;namje\u0161tajem, edukativnim igra\u010dkama i svim ostalim sredstvima potrebnim za realizaciju odgojno-obrazovnog rada.<\/p>\n\n\n\n<p align=\"justify\">\u201eDje\u010dji&nbsp; vrti\u0107\u201c Domaljevac je po\u010deo s radom prvog listopada 2012. godine.<\/p>\n\n\n\n<p align=\"justify\">Javna ustanova Dje\u010dji vrti\u0107 Domaljevac smje\u0161tena je u Domaljevcu u ulici Ivana Ma\u017eurani\u0107a 10.<\/p>\n\n\n\n<p align=\"justify\">Odgojno-obrazovni rad se realizira u dvije skupine. Prva skupina je mje\u0161ovita za djecu uzrasta od tri do \u0161est godina. Druga skupina je jasli\u010dka za djecu od jedne do tri godine starosti. Trenuta\u010dno se u mje\u0161ovitoj skupini nalazi 17 djece, a u mje\u0161ovitoj 11 djece.<\/p>\n\n\n\n<p align=\"justify\">Ustanovom rukovodi v.d. ravnateljica Marijana Ive\u0161i\u0107, dipl. pedagog-psiholog.<\/p>\n\n\n\n<p><strong>Podaci &nbsp;o zaposlenicima:<\/strong><\/p>\n\n\n\n<figure class=\"wp-block-image\"><img decoding=\"async\" src=\"http:\/\/ov-domaljevac-samac.ba\/wp-content\/uploads\/2017\/02\/ja-izbori-217x300.jpg\" alt=\"\" class=\"wp-image-540\"\/><\/figure>\n\n\n\n<p>Ime i prezime: Marijana Ive\u0161i\u0107<br>Datum i mjesto ro\u0111enja: 14.04.1985.<br>Prebivali\u0161te: Kralja Zvonimira 13. ,Domaljevac<br>Radno mjesto: v.d. ravanteljica<br>Stru\u010dna sprema: VSS, dip. pedagog-psiholog<br>Datum zasnivanje radnog odnosa: 09.12.2015.<\/p>\n\n\n\n<figure class=\"wp-block-image\"><img decoding=\"async\" src=\"http:\/\/ov-domaljevac-samac.ba\/wp-content\/uploads\/2017\/02\/maja-240x300.jpg\" alt=\"\" class=\"wp-image-541\"\/><\/figure>\n\n\n\n<p>Ime i prezime: Matija Mati\u0107<br>Datum i mjesto ro\u0111enja: 03.10.1992.<br>Prebivali\u0161te: Stjepana Radi\u0107a 39. ,Domaljevac<br>Radno mjesto: odgojiteljica<br>Stru\u010dna sprema: VSS, sveu\u010dili\u0161na prvostupnica ranog i pred\u0161kolskog odgoja i obrazovanja<br>Datum zasnivanje radnog odnosa: 20.01.2016.<\/p>\n\n\n\n<figure class=\"wp-block-image\"><img decoding=\"async\" src=\"http:\/\/ov-domaljevac-samac.ba\/wp-content\/uploads\/2017\/02\/katarina-256x300.jpg\" alt=\"\" class=\"wp-image-544\"\/><\/figure>\n\n\n\n<p>Ime i prezime: Katarina&nbsp;Dominkovi\u0107<br>Datum i mjesto ro\u0111enja: 09.07.1991.<br>Prebivali\u0161te: Kopanice 182<br>Radno mjesto: odgojiteljica<br>Stru\u010dna sprema: VSS, prvostupnik\/bachelor pred\u0161kolskog odgoja<br>Datum zasnivanje radnog odnosa: 06.05.2016.<\/p>\n\n\n\n<figure class=\"wp-block-image\"><img decoding=\"async\" src=\"http:\/\/ov-domaljevac-samac.ba\/wp-content\/uploads\/2017\/02\/zrinka-225x300.jpg\" alt=\"\" class=\"wp-image-543\"\/><\/figure>\n\n\n\n<p>Ime i prezime: Zrinka Tuzlak<br>Datum i mjesto ro\u0111enja: 29.10.1977., Grada\u010dac<br>Prebivali\u0161te: Domobranska 52., Grebnice<br>Radno mjesto: kuharica<br>Stru\u010dna sprema: SSS, kuhar<br>Datum zasnivanje radnog odnosa: 01.08.2013.<\/p>\n\n\n\n<p>Ime i prezime: Kata Mad\u017earevi\u0107<br>Datum i mjesto ro\u0111enja :21.06.1969., Bosanski \u0160amac<br>Prebivali\u0161te: &nbsp;Matije Gupca 37., Domaljevac<br>Radno mjesto: sprema\u010dica<br>Stru\u010dna sprema: NK<br>Datum zasnivanje radnog odnosa: 01.08.2013.<\/p>\n","protected":false},"excerpt":{"rendered":"<p>Javna ustanova \u201eDje\u010dji vrti\u0107\u201c Domaljevac osnovana je od strane Op\u0107inskog vije\u0107a Domaljevac-\u0160amac 28.06.2004. godine. Izgradnju i opremanje vrti\u0107a su financirali Federalno ministarstvo obrazovanja, Vlada Republike Hrvatske&nbsp; kroz program pomo\u0107i hrvata u Bosni i Hercegovini i OPEC fond.&nbsp; Op\u0107ina je 2012.&hellip; <\/p>\n","protected":false},"author":1,"featured_media":0,"parent":0,"menu_order":0,"comment_status":"closed","ping_status":"closed","template":"","meta":{"footnotes":""},"class_list":["post-263","page","type-page","status-publish","hentry"],"_links":{"self":[{"href":"https:\/\/domaljevac.ba\/novo\/wp-json\/wp\/v2\/pages\/263","targetHints":{"allow":["GET"]}}],"collection":[{"href":"https:\/\/domaljevac.ba\/novo\/wp-json\/wp\/v2\/pages"}],"about":[{"href":"https:\/\/domaljevac.ba\/novo\/wp-json\/wp\/v2\/types\/page"}],"author":[{"embeddable":true,"href":"https:\/\/domaljevac.ba\/novo\/wp-json\/wp\/v2\/users\/1"}],"replies":[{"embeddable":true,"href":"https:\/\/domaljevac.ba\/novo\/wp-json\/wp\/v2\/comments?post=263"}],"version-history":[{"count":4,"href":"https:\/\/domaljevac.ba\/novo\/wp-json\/wp\/v2\/pages\/263\/revisions"}],"predecessor-version":[{"id":1004,"href":"https:\/\/domaljevac.ba\/novo\/wp-json\/wp\/v2\/pages\/263\/revisions\/1004"}],"wp:attachment":[{"href":"https:\/\/domaljevac.ba\/novo\/wp-json\/wp\/v2\/media?parent=263"}],"curies":[{"name":"wp","href":"https:\/\/api.w.org\/{rel}","templated":true}]}}