{"id":260,"date":"2017-10-30T07:02:52","date_gmt":"2017-10-30T06:02:52","guid":{"rendered":"http:\/\/domaljevac.ba\/nova\/?page_id=260"},"modified":"2019-09-19T11:28:47","modified_gmt":"2019-09-19T09:28:47","slug":"centar-za-socijalni-rad-domaljevac","status":"publish","type":"page","link":"https:\/\/domaljevac.ba\/novo\/javni-sektor\/centar-za-socijalni-rad-domaljevac\/","title":{"rendered":"Centar za socijalni rad Domaljevac"},"content":{"rendered":"\n<p align=\"justify\">Centar za socijalni rad Domaljevac je registriran u Kantonalnom sudu &nbsp;u Od\u017eaku&nbsp; dana 22.01.2004. godine sa sjedi\u0161tem u Domaljevcu, ul. Posavskih branitelja br. 148. Rje\u0161enjem Ministarstva zdravstva, rada i socijalne politike Centar je dana 13.02.2004. god. upisan u registar socijalnih ustanova \u017dupanije Posavske.<\/p>\n\n\n\n<p align=\"justify\">Misija Centra je vr\u0161enje djelatnosti i poslova od posebnog dru\u0161tvenog interesa usmjerenih na osiguravanje socijalne sigurnosti osoba i otklanjanje posljedica stanja socijalne potrebe.<\/p>\n\n\n\n<p align=\"justify\">Vizija Centra je da provodi mjere prevencije, osna\u017euje i pru\u017ea kvalitetu stru\u010dne podr\u0161ke pojedincu i obitelji prema individualnim potrebama korisnika, uz njegovo aktivno sudjelovanje, a u skladu s na\u010delom slobode, uz stalno podizanje standarda i dostupnosti, kontinuirano educiraju\u0107i i usavr\u0161avaju\u0107i stru\u010dne djelatnike.<\/p>\n\n\n\n<p>Usluge centra<\/p>\n\n\n\n<p align=\"justify\">Centar&nbsp; za socijalni rad kao javna ustanova od posebnog dru\u0161tvenog zna\u010daja u obavljanju poslova socijalne za\u0161tite obavlja usluge:<\/p>\n\n\n\n<p align=\"justify\">&#8211; socijalne, savjetodavne i dobrotvorne djelatnosti \u010dije se usluge pru\u017eaju pojedincima i obiteljima u njihovim domovima i na drugom mjestu, koje provodi vladin ili&nbsp; nevladin sektor,<br>&#8211; socijalne pomo\u0107 i nadzorni rad sa djecom i mlade\u017ei,<br>&#8211; u vezi sa usvajanjem i sprije\u010davanjem zlostavljanja djece i drugih osoba,<br>&#8211; osposobljavanje za \u017eivot i rad djece i odraslih osoba sa umanjenim psihofizi\u010dkim sposobnostima,<br>&#8211; dobi, samaca, bolesnih, \u017ertve nasilja, i drugo<br>&#8211; utvr\u0111ivanja prava na dodjelu socijalne pomo\u0107i osobama u stanju socijalne potrebe,<br>&#8211; za\u0161tite obitelji,<br>&#8211; skrbi za civilne \u017ertave rata,<br>&#8211; savjetovanja u vo\u0111enju ku\u0107nog prora\u010duna, savjetodavna pomo\u0107 o bra\u010dnim i obiteljskim problemima,<br>&#8211; zajednice i susjedstva,<br>&#8211; dnevne brige za djecu sa posebnim potrebama,<br>&#8211; dnevne brige za odrasle osobe sa posebnim potrebama,<br>&#8211; dnevne pomo\u0107 bolesnicima i ostalim socijalno ugro\u017eenim skupinama,<br>&#8211; ku\u0107ne njege i pomo\u0107 u ku\u0107i osobama koje nisu u stanju da se same o sebi staraju,<\/p>\n\n\n\n<p align=\"justify\">Pored gore navedenih poslova Centar za socijalni rad&nbsp; obavlja&nbsp; i druge poslove kao \u0161to su:<\/p>\n\n\n\n<p align=\"justify\">&#8211; izrada uvjerenja, suglasnosti, odobrenja, zaklju\u010daka,<br>&#8211; izrada izvje\u0161\u0107a, planova, te usmenih rasprava, obilazak smje\u0161tenih osoba, ali i osoba starije \u017eivotne dobi.<\/p>\n\n\n\n<p align=\"justify\">Pojedinci ili obitelji koje su se na\u0161le u stanju socijalne potrebe ili neke druge vrste potrebe za stru\u010dnom pomo\u0107i od strane Centra za socijalni rad, i pojedinci ili obitelji koje su upu\u0107ene od strane drugih ustanova\/organizacija, mogu se obratiti Centru za socijalni rad izravnim dolaskom u Centar, ali isto tako terenskim posjetama od strane stru\u010dnih djelatnika Centra na podru\u010dju op\u0107ine Domaljevac, kao i telefonskim putem.<\/p>\n\n\n\n<p><strong>Kontakt:<br>Centar za socijalni rad Domaljevac<br>Posavskih branitelja 148<br>76233 Domaljevac<br>Bosna i Hercegovina<br>Telefon: 031\/791-362<br>Fax: 031\/792-006<\/strong><br><strong>Email: <\/strong><a href=\"mailto:centar.socijalnirad@tel.net.ba\"><strong>centar.socijalnirad@tel.net.ba<\/strong><\/a><\/p>\n\n\n\n<figure class=\"wp-block-image\"><img decoding=\"async\" src=\"http:\/\/ov-domaljevac-samac.ba\/wp-content\/uploads\/2017\/02\/alen.png\" alt=\"\" class=\"wp-image-353\"\/><\/figure>\n\n\n\n<p>Ime i prezime: Ru\u017eica Leovac<br \/>Datum ro\u0111enja: 10.06.1964.<br \/>Stru\u010dna sprema: Menad\u017eer za odnose s javno\u0161\u0107u<br \/>Funkcija: ravnatelj<\/p>\n\n\n\n<p>Ime i prezime: Alen \u0106o\u0161kovi\u0107<br>Datum ro\u0111enja: 06.11.1981.<br>Stru\u010dna sprema: prvostupnik socijalnog rada<br>Funkcija: socijalni radnik<\/p>\n\n\n\n<p>Ime i prezime: Nada Vlahovi\u0107<br>Datum ro\u0111enja: 14.05.1963.<br>Stru\u010dna sprema: SSS<br>Funkcija: administrativno tehni\u010dki referent<\/p>\n","protected":false},"excerpt":{"rendered":"<p>Centar za socijalni rad Domaljevac je registriran u Kantonalnom sudu &nbsp;u Od\u017eaku&nbsp; dana 22.01.2004. godine sa sjedi\u0161tem u Domaljevcu, ul. Posavskih branitelja br. 148. Rje\u0161enjem Ministarstva zdravstva, rada i socijalne politike Centar je dana 13.02.2004. god. upisan u registar socijalnih&hellip; <\/p>\n","protected":false},"author":1,"featured_media":0,"parent":257,"menu_order":0,"comment_status":"closed","ping_status":"closed","template":"","meta":{"footnotes":""},"class_list":["post-260","page","type-page","status-publish","hentry"],"_links":{"self":[{"href":"https:\/\/domaljevac.ba\/novo\/wp-json\/wp\/v2\/pages\/260","targetHints":{"allow":["GET"]}}],"collection":[{"href":"https:\/\/domaljevac.ba\/novo\/wp-json\/wp\/v2\/pages"}],"about":[{"href":"https:\/\/domaljevac.ba\/novo\/wp-json\/wp\/v2\/types\/page"}],"author":[{"embeddable":true,"href":"https:\/\/domaljevac.ba\/novo\/wp-json\/wp\/v2\/users\/1"}],"replies":[{"embeddable":true,"href":"https:\/\/domaljevac.ba\/novo\/wp-json\/wp\/v2\/comments?post=260"}],"version-history":[{"count":5,"href":"https:\/\/domaljevac.ba\/novo\/wp-json\/wp\/v2\/pages\/260\/revisions"}],"predecessor-version":[{"id":2379,"href":"https:\/\/domaljevac.ba\/novo\/wp-json\/wp\/v2\/pages\/260\/revisions\/2379"}],"up":[{"embeddable":true,"href":"https:\/\/domaljevac.ba\/novo\/wp-json\/wp\/v2\/pages\/257"}],"wp:attachment":[{"href":"https:\/\/domaljevac.ba\/novo\/wp-json\/wp\/v2\/media?parent=260"}],"curies":[{"name":"wp","href":"https:\/\/api.w.org\/{rel}","templated":true}]}}