{"id":236,"date":"2017-10-30T06:50:34","date_gmt":"2017-10-30T05:50:34","guid":{"rendered":"http:\/\/domaljevac.ba\/nova\/?page_id=236"},"modified":"2019-02-13T15:45:43","modified_gmt":"2019-02-13T14:45:43","slug":"samostalna-sluzba-za-komunalne-djelatnosti-opcine-domaljevac","status":"publish","type":"page","link":"https:\/\/domaljevac.ba\/novo\/samostalna-sluzba-za-komunalne-djelatnosti-opcine-domaljevac\/","title":{"rendered":"Samostalna slu\u017eba za komunalne djelatnosti op\u0107ine Domaljevac"},"content":{"rendered":"<p>Odlukom Op\u0107inskog vije\u0107a Domaljevac-\u0160amac 14. 05. 2013. godine utemeljena je samostalna op\u0107inska slu\u017eba za komunalne djelatnosti op\u0107ine Domaljevac.<\/p>\n<p>Slu\u017eba obavlja sljede\u0107e poslove iz oblasti komunalnih djelatnosti:<\/p>\n<p>1.\u00a0\u00a0\u00a0\u00a0 skupljanje i odlaganje komunalnog otpada,<\/p>\n<p>2.\u00a0\u00a0\u00a0\u00a0 odr\u017eavanje \u010disto\u0107e,<\/p>\n<p>3.\u00a0\u00a0\u00a0\u00a0 odr\u017eavanje javnih povr\u0161ina,<\/p>\n<p>4.\u00a0\u00a0\u00a0\u00a0 odr\u017eavanje nerazvrstanih cesta,<\/p>\n<p>5.\u00a0\u00a0\u00a0\u00a0 odr\u017eavanje javne rasvjete,<\/p>\n<p>6.\u00a0\u00a0\u00a0\u00a0 odr\u017eavanje tr\u017enice na veliko i malo,<\/p>\n<p>7.\u00a0\u00a0\u00a0\u00a0 odr\u017eavanje groblja i obavljanje pogrebnih poslova,<\/p>\n<p>8.\u00a0\u00a0\u00a0\u00a0 zimsko odr\u017eavanje lokalnih cesta.<\/p>\n<p>Slu\u017eba je smje\u0161tena u Domaljevcu u ulici Sv. Ane 102.<\/p>\n<p>Osnovni podaci o djelatnicima:<\/p>\n<p>Ime i prezime: \u0160imo Leovac<br \/>\nRo\u0111en: 21.08.1965.godine.<br \/>\nMjesto prebivali\u0161ta: Domaljevac<br \/>\nStru\u010dna sprema: SSS<br \/>\nRadno mjesto: upravitelj samostalne slu\u017ebe za komunalne djelatnosti.<\/p>\n<p>Ime i prezime: Luca Leovac<br \/>\nRo\u0111ena: 05.05.1960. godine.<br \/>\nMjesto prebivali\u0161ta: Domaljevac<br \/>\nStru\u010dna sprema: SSS, IV. stupanj ekonomski tehni\u010dar<br \/>\nRadno mjesto: radnica za obra\u010dun komunalnih naknada i usluga i obavljanja blagajni\u010dkih poslova.<\/p>\n<p>Ime i prezime: Ru\u017eica Koturi\u0107<br \/>\nRo\u0111ena: 28.08.1976. godine<br \/>\nMjesto prebivali\u0161ta: Domaljevac<br \/>\nStru\u010dna sprema: SSS, poljoprivredni tehni\u010dar<br \/>\nRadno mjesto: radnica za administrativno tehni\u010dke poslove<\/p>\n<p>Ime i prezime: Ankica Leovac<br \/>\nRo\u0111ena: 29.10.1971. godine<br \/>\nMjesto prebivali\u0161ta: Domaljevac<br \/>\nStru\u010dna sprema: SSS<br \/>\nRadno mjesto: komunalna radnica na odr\u017eavanju javnih objekata i povr\u0161ina<\/p>\n<p>Ime i prezime: \u0110uro Peri\u0161i\u0107<br \/>\nRo\u0111en: 02.11.1984.godine.<br \/>\nMjesto prebivali\u0161ta: Domaljevac<br \/>\nStru\u010dna sprema: SSS, trgovac<br \/>\nRadno mjesto: komunalni radnik-voza\u010d radnih strojeva.<\/p>\n<p>Ime i prezime: Slaven Bjelanovi\u0107<br \/>\nRo\u0111en: 17.06.1994.godine.<br \/>\nMjesto prebivali\u0161ta: Domaljevac<br \/>\nStru\u010dna sprema: SSS, IV. stupanj tehni\u010dar drumskog saobra\u0107aja<br \/>\nRadno mjesto: komunalni radnik-voza\u010d radnih strojeva.<\/p>\n<p>Ime i prezime: \u0110uro \u0110uki\u0107<br \/>\nRo\u0111en: 22.03.1996.godine.<br \/>\nMjesto prebivali\u0161ta: Domaljevac<br \/>\nStru\u010dna sprema: SSS, automehani\u010dar<br \/>\nRadno mjesto: komunalni radnik-voza\u010d radnih strojeva.<\/p>\n<p>Ime i prezime: Ivica \u0110uki\u0107<br \/>\nRo\u0111en: 07.08.1985.godine.<br \/>\nMjesto prebivali\u0161ta: Domaljevac<br \/>\nStru\u010dna sprema: O\u0160<br \/>\nRadno mjesto: komunalni radnik.<\/p>\n<p>Ime i prezime: Anto Tunji\u0107<br \/>\nRo\u0111en: 16.05.1966.godine.<br \/>\nMjesto prebivali\u0161ta: Grebnice<br \/>\nStru\u010dna sprema: O\u0160<br \/>\nRadno mjesto: komunalni radnik.<\/p>\n<p>Ime i prezime: Mladen Mad\u017earevi\u0107<br \/>\nRo\u0111en: 27.03.1982.godine.<br \/>\nMjesto prebivali\u0161ta: Domaljevac<br \/>\nStru\u010dna sprema: O\u0160<br \/>\nRadno mjesto: komunalni radnik.<\/p>\n","protected":false},"excerpt":{"rendered":"<p>Odlukom Op\u0107inskog vije\u0107a Domaljevac-\u0160amac 14. 05. 2013. godine utemeljena je samostalna op\u0107inska slu\u017eba za komunalne djelatnosti op\u0107ine Domaljevac. Slu\u017eba obavlja sljede\u0107e poslove iz oblasti komunalnih djelatnosti: 1.\u00a0\u00a0\u00a0\u00a0 skupljanje i odlaganje komunalnog otpada, 2.\u00a0\u00a0\u00a0\u00a0 odr\u017eavanje \u010disto\u0107e, 3.\u00a0\u00a0\u00a0\u00a0 odr\u017eavanje javnih povr\u0161ina, 4.\u00a0\u00a0\u00a0\u00a0&hellip; <\/p>\n","protected":false},"author":1,"featured_media":0,"parent":0,"menu_order":0,"comment_status":"closed","ping_status":"closed","template":"","meta":{"footnotes":""},"class_list":["post-236","page","type-page","status-publish","hentry"],"_links":{"self":[{"href":"https:\/\/domaljevac.ba\/novo\/wp-json\/wp\/v2\/pages\/236","targetHints":{"allow":["GET"]}}],"collection":[{"href":"https:\/\/domaljevac.ba\/novo\/wp-json\/wp\/v2\/pages"}],"about":[{"href":"https:\/\/domaljevac.ba\/novo\/wp-json\/wp\/v2\/types\/page"}],"author":[{"embeddable":true,"href":"https:\/\/domaljevac.ba\/novo\/wp-json\/wp\/v2\/users\/1"}],"replies":[{"embeddable":true,"href":"https:\/\/domaljevac.ba\/novo\/wp-json\/wp\/v2\/comments?post=236"}],"version-history":[{"count":2,"href":"https:\/\/domaljevac.ba\/novo\/wp-json\/wp\/v2\/pages\/236\/revisions"}],"predecessor-version":[{"id":1190,"href":"https:\/\/domaljevac.ba\/novo\/wp-json\/wp\/v2\/pages\/236\/revisions\/1190"}],"wp:attachment":[{"href":"https:\/\/domaljevac.ba\/novo\/wp-json\/wp\/v2\/media?parent=236"}],"curies":[{"name":"wp","href":"https:\/\/api.w.org\/{rel}","templated":true}]}}