{"id":230,"date":"2017-10-30T06:45:54","date_gmt":"2017-10-30T05:45:54","guid":{"rendered":"http:\/\/domaljevac.ba\/nova\/?page_id=230"},"modified":"2019-08-22T15:44:31","modified_gmt":"2019-08-22T13:44:31","slug":"sluzba-za-civilnu-zastitu-i-branitelje-iz-domovinskog-rata","status":"publish","type":"page","link":"https:\/\/domaljevac.ba\/novo\/sluzba-za-civilnu-zastitu-i-branitelje-iz-domovinskog-rata\/","title":{"rendered":"Slu\u017eba za civilnu za\u0161titu i branitelje iz Domovinskog rata"},"content":{"rendered":"<p>Slu\u017eba za civilnu za\u0161titu i branitelje iz Domovinskog rata nadle\u017ena je za sljede\u0107e poslove:<\/p>\n<p>&#8211;\u00a0\u00a0\u00a0 civilne za\u0161tite i vatrogastva iz nadle\u017enosti op\u0107ina<br \/>\n&#8211;\u00a0\u00a0\u00a0 dru\u0161tvene djelatnosti<br \/>\n&#8211;\u00a0\u00a0\u00a0 prava branitelja iz domovinskog rata<br \/>\n&#8211;\u00a0\u00a0\u00a0 prava obitelji poginulih i nestalih branitelja i RVI<br \/>\n&#8211;\u00a0\u00a0\u00a0 obnove i<br \/>\n&#8211;\u00a0\u00a0\u00a0 ostale poslove koje odredi op\u0107inski na\u010delnik<\/p>\n<p>OSNOVNI PODACI O DJELATNICIMA<\/p>\n<p><img loading=\"lazy\" decoding=\"async\" class=\"alignnone size-full wp-image-1223\" src=\"https:\/\/domaljevac.ba\/novo\/wp-content\/uploads\/2019\/02\/Miroslav_Lucic.png\" alt=\"\" width=\"200\" height=\"233\" \/><\/p>\n<p>&#8211;\u00a0\u00a0\u00a0 Ime i prezime: Miroslav Luci\u0107<br \/>\n&#8211;\u00a0\u00a0\u00a0 Ro\u0111en:\u00a025. 09. 1977. godine u Br\u010dkom<br \/>\n&#8211;\u00a0\u00a0\u00a0 Mjesto prebivali\u0161ta:\u00a0Domaljevac<br \/>\n&#8211;\u00a0\u00a0\u00a0 Stru\u010dna sprema:\u00a0VSS, VII\u00a0stupanj, diplomirani ekonomist<br \/>\n&#8211;\u00a0\u00a0\u00a0 Radni odnos u Op\u0107ini Domaljevac-\u0160amac zasnovao 03. 01. 2001.\u00a0 godine<br \/>\n&#8211;\u00a0\u00a0\u00a0 Radno mjesto: \u0160ef Slu\u017ebe za civilnu za\u0161titu i branitelje iz Domovinskog rata<\/p>\n<p>&#8211;\u00a0\u00a0\u00a0 Ime i prezime: Evica Banovi\u0107<br \/>\n&#8211;\u00a0\u00a0\u00a0 Ro\u0111en: 17.06.1962. godine u Domaljevcu<br \/>\n&#8211;\u00a0\u00a0\u00a0 Mjesto prebivali\u0161ta: Domaljevac<br \/>\n&#8211;\u00a0\u00a0\u00a0 Stru\u010dna sprema: SSS<br \/>\n&#8211;\u00a0\u00a0\u00a0 Radni odnos u Op\u0107ini Domaljevac-\u0160amac zasnovao 01.10.2000. godine<br \/>\n&#8211;\u00a0\u00a0\u00a0\u00a0Radno mjesto: Referent za branitelje iz Domovinskog rata<\/p>\n<p><img loading=\"lazy\" decoding=\"async\" class=\"alignnone size-full wp-image-1222\" src=\"https:\/\/domaljevac.ba\/novo\/wp-content\/uploads\/2019\/02\/matijas-abramovi\u0107.jpg\" alt=\"\" width=\"200\" height=\"233\" \/><\/p>\n<p>&#8211;\u00a0\u00a0\u00a0 Ime i prezime: Matijas Abramovi\u0107<br \/>\n&#8211;\u00a0\u00a0\u00a0 Ro\u0111en: 05.02.1992. godine u Grada\u010dcu<br \/>\n&#8211;\u00a0\u00a0\u00a0 Mjesto prebivali\u0161ta: Domaljevac<br \/>\n&#8211;\u00a0\u00a0\u00a0 Stru\u010dna sprema: stru\u010dni prvostupnik ekonomije<br \/>\n&#8211;\u00a0\u00a0\u00a0 Radni odnos u Op\u0107ini Domaljevac-\u0160amac zasnovao 01.01.2016. godine<br \/>\n&#8211;\u00a0\u00a0\u00a0 Radno mjesto: Vi\u0161i samostalni referent za dru\u0161tvene djelatnosti i branitelje iz Domovinskog rata<\/p>\n<p><img loading=\"lazy\" decoding=\"async\" class=\"alignnone size-full wp-image-1221\" src=\"https:\/\/domaljevac.ba\/novo\/wp-content\/uploads\/2019\/02\/marko-leovac.jpg\" alt=\"\" width=\"202\" height=\"233\" \/><\/p>\n<p>&#8211;\u00a0\u00a0\u00a0 Ime i prezime: Marko Leovac<br \/>\n&#8211;\u00a0\u00a0\u00a0 Ro\u0111en: 27.02.1977. godine u Bosanskom \u0160amcu<br \/>\n&#8211;\u00a0\u00a0\u00a0 Mjesto prebivali\u0161ta: Domaljevac<br \/>\n&#8211;\u00a0\u00a0\u00a0 Stru\u010dna sprema: industrijsko-obrtni\u010dka, III. stupanj<br \/>\n&#8211;\u00a0\u00a0\u00a0 Radni odnos u Op\u0107ini Domaljevac-\u0160amac zasnovao 10.06.2013. godine<br \/>\n&#8211;\u00a0\u00a0\u00a0\u00a0Radno mjesto: Vi\u0161i referent za civilnu za\u0161titu<\/p>\n","protected":false},"excerpt":{"rendered":"<p>Slu\u017eba za civilnu za\u0161titu i branitelje iz Domovinskog rata nadle\u017ena je za sljede\u0107e poslove: &#8211;\u00a0\u00a0\u00a0 civilne za\u0161tite i vatrogastva iz nadle\u017enosti op\u0107ina &#8211;\u00a0\u00a0\u00a0 dru\u0161tvene djelatnosti &#8211;\u00a0\u00a0\u00a0 prava branitelja iz domovinskog rata &#8211;\u00a0\u00a0\u00a0 prava obitelji poginulih i nestalih branitelja i RVI&hellip; <\/p>\n","protected":false},"author":1,"featured_media":0,"parent":0,"menu_order":0,"comment_status":"closed","ping_status":"closed","template":"","meta":{"footnotes":""},"class_list":["post-230","page","type-page","status-publish","hentry"],"_links":{"self":[{"href":"https:\/\/domaljevac.ba\/novo\/wp-json\/wp\/v2\/pages\/230","targetHints":{"allow":["GET"]}}],"collection":[{"href":"https:\/\/domaljevac.ba\/novo\/wp-json\/wp\/v2\/pages"}],"about":[{"href":"https:\/\/domaljevac.ba\/novo\/wp-json\/wp\/v2\/types\/page"}],"author":[{"embeddable":true,"href":"https:\/\/domaljevac.ba\/novo\/wp-json\/wp\/v2\/users\/1"}],"replies":[{"embeddable":true,"href":"https:\/\/domaljevac.ba\/novo\/wp-json\/wp\/v2\/comments?post=230"}],"version-history":[{"count":6,"href":"https:\/\/domaljevac.ba\/novo\/wp-json\/wp\/v2\/pages\/230\/revisions"}],"predecessor-version":[{"id":2206,"href":"https:\/\/domaljevac.ba\/novo\/wp-json\/wp\/v2\/pages\/230\/revisions\/2206"}],"wp:attachment":[{"href":"https:\/\/domaljevac.ba\/novo\/wp-json\/wp\/v2\/media?parent=230"}],"curies":[{"name":"wp","href":"https:\/\/api.w.org\/{rel}","templated":true}]}}