{"id":227,"date":"2017-10-30T06:44:35","date_gmt":"2017-10-30T05:44:35","guid":{"rendered":"http:\/\/domaljevac.ba\/nova\/?page_id=227"},"modified":"2019-02-14T13:49:50","modified_gmt":"2019-02-14T12:49:50","slug":"sluzba-za-pravne-poslove-urbanizam-i-katastar","status":"publish","type":"page","link":"https:\/\/domaljevac.ba\/novo\/sluzba-za-pravne-poslove-urbanizam-i-katastar\/","title":{"rendered":"Slu\u017eba za pravne poslove, urbanizam i katastar"},"content":{"rendered":"<p>Slu\u017eba za pravne poslove, urbanizam i katastar\u00a0nadle\u017ena je za slijede\u0107e poslove:<\/p>\n<p>&#8211;\u00a0\u00a0\u00a0 op\u0107a uprava<br \/>\n&#8211;\u00a0\u00a0\u00a0 zajedni\u010dki poslovi<br \/>\n&#8211;\u00a0\u00a0\u00a0 normativno-pravni poslovi op\u0107inske uprave<br \/>\n&#8211;\u00a0\u00a0\u00a0 normativno-pravni, stru\u010dni i administrativni poslovi Op\u0107inskog Vije\u0107a<br \/>\n&#8211;\u00a0\u00a0\u00a0 rad i radni odnosi<br \/>\n&#8211;\u00a0\u00a0\u00a0 upravljanje kadrovskim resursima<br \/>\n&#8211;\u00a0\u00a0\u00a0 odr\u017eavanje op\u0107inske imovine<br \/>\n&#8211;\u00a0\u00a0\u00a0 poslovi ekonomata<br \/>\n&#8211;\u00a0\u00a0\u00a0 mati\u010dne evidencije<br \/>\n&#8211;\u00a0\u00a0\u00a0 prostorno ure\u0111enje i graditeljstvo<br \/>\n&#8211;\u00a0\u00a0\u00a0 imovinsko pravni poslovi<br \/>\n&#8211;\u00a0\u00a0\u00a0 katastar zemlji\u0161ta\/nekretnina<br \/>\n&#8211;\u00a0\u00a0\u00a0 komunalno ure\u0111enje<br \/>\n&#8211;\u00a0\u00a0\u00a0 komunalne djelatnosti<br \/>\n&#8211;\u00a0\u00a0\u00a0 komunalno-gra\u0111evinski inspekcijski nadzor<br \/>\n&#8211;\u00a0\u00a0\u00a0 ostali poslovi koje odredi op\u0107inski na\u010delnik<\/p>\n<p>OSNOVNI PODACI O DJELATNICIMA<\/p>\n<p><img loading=\"lazy\" decoding=\"async\" class=\"alignnone  wp-image-1226\" src=\"https:\/\/domaljevac.ba\/novo\/wp-content\/uploads\/2019\/02\/Vladimir_Koturic.png\" alt=\"\" width=\"190\" height=\"221\" \/><\/p>\n<p>&#8211;\u00a0\u00a0\u00a0 Ime i prezime: Vladimir Koturi\u0107<br \/>\n&#8211;\u00a0\u00a0\u00a0 Ro\u0111en: 20.07.1964. godine u Domaljevcu<br \/>\n&#8211;\u00a0\u00a0\u00a0 Mjesto prebivali\u0161ta: Domaljevac<br \/>\n&#8211;\u00a0\u00a0\u00a0 Stru\u010dna sprema: SSS, IV stupanj, srojarski tehni\u010dar<br \/>\n&#8211;\u00a0\u00a0\u00a0 Radni odnos u Op\u0107ini Domaljevac-\u0160amac zasnovao 01.01.1994. godine<br \/>\n&#8211;\u00a0\u00a0\u00a0 Radno mjesto: Mati\u010dar<\/p>\n<p><img loading=\"lazy\" decoding=\"async\" class=\"alignnone  wp-image-1224\" src=\"https:\/\/domaljevac.ba\/novo\/wp-content\/uploads\/2019\/02\/suzan-letica.jpg\" alt=\"\" width=\"190\" height=\"220\" \/><\/p>\n<p>&#8211;\u00a0\u00a0\u00a0 Ime i prezime: Suzan Letica<br \/>\n&#8211;\u00a0\u00a0\u00a0 Ro\u0111en: 15.02.1986. godine u Br\u010dkom<br \/>\n&#8211;\u00a0\u00a0\u00a0 Mjesto prebivali\u0161ta: Domaljevac<br \/>\n&#8211;\u00a0\u00a0\u00a0 Stru\u010dna sprema: stru\u010dni pvostupnik javne uprave<br \/>\n&#8211;\u00a0\u00a0\u00a0 Radni odnos u Op\u0107ini Domaljevac-\u0160amac zasnovao 01.08.2014. godine<br \/>\n&#8211;\u00a0\u00a0\u00a0 Radno mjesto: Vi\u0161i samostalni referent za upravne poslove katastra<\/p>\n<p>&#8211;\u00a0\u00a0\u00a0 Ime i prezime: Katarina Mad\u017earevi\u0107<br \/>\n&#8211;\u00a0\u00a0\u00a0 Ro\u0111ena: 27. 07. 1987. godine u Br\u010dkom<br \/>\n&#8211;\u00a0\u00a0\u00a0 Mjesto prebivali\u0161ta: Domaljevac<br \/>\n&#8211;\u00a0\u00a0\u00a0 Stru\u010dna sprema: V\u0160S, prvostupnik gra\u0111evinarstva<br \/>\n&#8211;\u00a0\u00a0\u00a0 Radni odnos u Op\u0107ini Domaljevac-\u0160amac zasnovala 01. 10. 2018. godine<br \/>\n&#8211;\u00a0\u00a0\u00a0 Radno mjesto: Vi\u0161i samostalni referent za obnovu u slu\u017ebi za pravne poslove<\/p>\n<p><img loading=\"lazy\" decoding=\"async\" class=\"alignnone  wp-image-1220\" src=\"https:\/\/domaljevac.ba\/novo\/wp-content\/uploads\/2019\/02\/Budimka_Mikic.png\" alt=\"\" width=\"190\" height=\"221\" \/><\/p>\n<p>&#8211;\u00a0\u00a0\u00a0 Ime i prezime: Budimka Miki\u0107<br \/>\n&#8211;\u00a0\u00a0\u00a0 Ro\u0111ena: 08. 09. 1967. godine u Baziku<br \/>\n&#8211;\u00a0\u00a0\u00a0 Mjesto prebivali\u0161ta: Ora\u0161je<br \/>\n&#8211;\u00a0\u00a0\u00a0 Stru\u010dna sprema: VI\/1 stupanj, in\u017eenjer gra\u0111evinarstva<br \/>\n&#8211;\u00a0\u00a0\u00a0 Radni odnos u Op\u0107ini Domaljevac-\u0160amac zasnovala 01. 04. 1995. godine<br \/>\n&#8211;\u00a0\u00a0\u00a0 Radno mjesto: Vi\u0161i samostalni referent za urbanizam i obnovu<\/p>\n<p><img loading=\"lazy\" decoding=\"async\" class=\"alignnone  wp-image-1225\" src=\"https:\/\/domaljevac.ba\/novo\/wp-content\/uploads\/2019\/02\/vesna-an\u0111i\u0107.jpg\" alt=\"\" width=\"190\" height=\"232\" \/><\/p>\n<p>&#8211;\u00a0\u00a0\u00a0 Ime i prezime: Vesna An\u0111i\u0107<br \/>\n&#8211;\u00a0\u00a0\u00a0 Ro\u0111en: 16.05.1986. godine u Grada\u010dcu<br \/>\n&#8211;\u00a0\u00a0\u00a0 Mjesto prebivali\u0161ta: Domaljevac<br \/>\n&#8211;\u00a0\u00a0\u00a0 Stru\u010dna sprema: bacc.admin.publ.<br \/>\n&#8211;\u00a0\u00a0\u00a0 Radni odnos u Op\u0107ini Domaljevac-\u0160amac zasnovala 01.04.2013. godine<br \/>\n&#8211;\u00a0\u00a0\u00a0\u00a0Radno mjesto:\u00a0Stru\u010dni suradnik za poslove mati\u010dnog ureda<\/p>\n<p>&#8211;\u00a0\u00a0\u00a0 Ime i prezime: Ru\u017eica Leovac<br \/>\n&#8211;\u00a0\u00a0\u00a0 Ro\u0111ena: 22. 07. 1981. godine u Mati\u0107ima<br \/>\n&#8211;\u00a0\u00a0\u00a0 Mjesto prebivali\u0161ta: Domaljevac<br \/>\n&#8211;\u00a0\u00a0\u00a0 Stru\u010dna sprema: SSS<br \/>\n&#8211;\u00a0\u00a0\u00a0 Radni odnos u Op\u0107ini Domaljevac-\u0160amac zasnovala 01. 04. 2017. godine<br \/>\n&#8211;\u00a0\u00a0\u00a0\u00a0Radno mjesto: \u010cista\u010dica<\/p>\n","protected":false},"excerpt":{"rendered":"<p>Slu\u017eba za pravne poslove, urbanizam i katastar\u00a0nadle\u017ena je za slijede\u0107e poslove: &#8211;\u00a0\u00a0\u00a0 op\u0107a uprava &#8211;\u00a0\u00a0\u00a0 zajedni\u010dki poslovi &#8211;\u00a0\u00a0\u00a0 normativno-pravni poslovi op\u0107inske uprave &#8211;\u00a0\u00a0\u00a0 normativno-pravni, stru\u010dni i administrativni poslovi Op\u0107inskog Vije\u0107a &#8211;\u00a0\u00a0\u00a0 rad i radni odnosi &#8211;\u00a0\u00a0\u00a0 upravljanje kadrovskim resursima &#8211;\u00a0\u00a0\u00a0&hellip; <\/p>\n","protected":false},"author":1,"featured_media":0,"parent":0,"menu_order":0,"comment_status":"closed","ping_status":"closed","template":"","meta":{"footnotes":""},"class_list":["post-227","page","type-page","status-publish","hentry"],"_links":{"self":[{"href":"https:\/\/domaljevac.ba\/novo\/wp-json\/wp\/v2\/pages\/227","targetHints":{"allow":["GET"]}}],"collection":[{"href":"https:\/\/domaljevac.ba\/novo\/wp-json\/wp\/v2\/pages"}],"about":[{"href":"https:\/\/domaljevac.ba\/novo\/wp-json\/wp\/v2\/types\/page"}],"author":[{"embeddable":true,"href":"https:\/\/domaljevac.ba\/novo\/wp-json\/wp\/v2\/users\/1"}],"replies":[{"embeddable":true,"href":"https:\/\/domaljevac.ba\/novo\/wp-json\/wp\/v2\/comments?post=227"}],"version-history":[{"count":8,"href":"https:\/\/domaljevac.ba\/novo\/wp-json\/wp\/v2\/pages\/227\/revisions"}],"predecessor-version":[{"id":1232,"href":"https:\/\/domaljevac.ba\/novo\/wp-json\/wp\/v2\/pages\/227\/revisions\/1232"}],"wp:attachment":[{"href":"https:\/\/domaljevac.ba\/novo\/wp-json\/wp\/v2\/media?parent=227"}],"curies":[{"name":"wp","href":"https:\/\/api.w.org\/{rel}","templated":true}]}}