{"id":2164,"date":"2019-08-19T10:49:25","date_gmt":"2019-08-19T08:49:25","guid":{"rendered":"http:\/\/domaljevac.ba\/novo\/?page_id=2164"},"modified":"2019-11-20T14:59:39","modified_gmt":"2019-11-20T13:59:39","slug":"javni-natjecaji","status":"publish","type":"page","link":"https:\/\/domaljevac.ba\/novo\/javni-natjecaji\/","title":{"rendered":"Javni natje\u010daji"},"content":{"rendered":"\n<ul>\n<li><a href=\"https:\/\/domaljevac.ba\/novo\/wp-content\/uploads\/2019\/08\/prijem-djelatnika.pdf\">Javni natje\u010daj za prijem djelatnika<\/a><\/li>\n<li><a href=\"https:\/\/domaljevac.ba\/novo\/wp-content\/uploads\/2019\/10\/javni-natje\u010daj-za-prodaju-vozila.docx\">Javni natje\u010daj za prodaju vozila u vlasni\u0161tvu op\u0107ine Domaljevac-\u0160amac<\/a><\/li>\n<li>\n<p><a href=\"https:\/\/domaljevac.ba\/novo\/wp-content\/uploads\/2019\/11\/Javni-poziv.docx\">JAVNI POZIV o davanju u zakup poslovnih prostorija Centra za zdravo starenje<\/a><\/p>\n<\/li>\n<\/ul>\n","protected":false},"excerpt":{"rendered":"<p>Javni natje\u010daj za prijem djelatnika Javni natje\u010daj za prodaju vozila u vlasni\u0161tvu op\u0107ine Domaljevac-\u0160amac JAVNI POZIV o davanju u zakup poslovnih prostorija Centra za zdravo starenje<\/p>\n","protected":false},"author":1,"featured_media":0,"parent":0,"menu_order":0,"comment_status":"closed","ping_status":"closed","template":"","meta":{"footnotes":""},"class_list":["post-2164","page","type-page","status-publish","hentry"],"_links":{"self":[{"href":"https:\/\/domaljevac.ba\/novo\/wp-json\/wp\/v2\/pages\/2164","targetHints":{"allow":["GET"]}}],"collection":[{"href":"https:\/\/domaljevac.ba\/novo\/wp-json\/wp\/v2\/pages"}],"about":[{"href":"https:\/\/domaljevac.ba\/novo\/wp-json\/wp\/v2\/types\/page"}],"author":[{"embeddable":true,"href":"https:\/\/domaljevac.ba\/novo\/wp-json\/wp\/v2\/users\/1"}],"replies":[{"embeddable":true,"href":"https:\/\/domaljevac.ba\/novo\/wp-json\/wp\/v2\/comments?post=2164"}],"version-history":[{"count":8,"href":"https:\/\/domaljevac.ba\/novo\/wp-json\/wp\/v2\/pages\/2164\/revisions"}],"predecessor-version":[{"id":2638,"href":"https:\/\/domaljevac.ba\/novo\/wp-json\/wp\/v2\/pages\/2164\/revisions\/2638"}],"wp:attachment":[{"href":"https:\/\/domaljevac.ba\/novo\/wp-json\/wp\/v2\/media?parent=2164"}],"curies":[{"name":"wp","href":"https:\/\/api.w.org\/{rel}","templated":true}]}}