{"id":207,"date":"2017-10-30T02:07:46","date_gmt":"2017-10-30T01:07:46","guid":{"rendered":"http:\/\/domaljevac.ba\/nova\/?page_id=207"},"modified":"2020-01-09T14:07:00","modified_gmt":"2020-01-09T13:07:00","slug":"ured-opcinskog-nacelnika","status":"publish","type":"page","link":"https:\/\/domaljevac.ba\/novo\/ured-opcinskog-nacelnika\/","title":{"rendered":"Ured Op\u0107inskog na\u010delnika"},"content":{"rendered":"<p><img loading=\"lazy\" decoding=\"async\" class=\"alignnone wp-image-2884 size-full\" src=\"https:\/\/domaljevac.ba\/novo\/wp-content\/uploads\/2020\/01\/Stjepan-Pilj\u0107.jpg\" alt=\"\" width=\"250\" height=\"238\" \/><\/p>\n<p>Op\u0107inski na\u010delnik je nositelj izvr\u0161ne vlasti u okviru prava i obveza op\u0107ine.<\/p>\n<p>Op\u0107inski na\u010delnik obavlja slijede\u0107e poslove:<\/p>\n<p>&#8211;\u00a0\u00a0\u00a0 predstavlja i zastupa op\u0107inu Domaljevac-\u0160amac<br \/>&#8211;\u00a0\u00a0\u00a0 donosi akte iz svoje nadle\u017enosti<br \/>&#8211;\u00a0\u00a0\u00a0 izra\u0111uje i Vije\u0107u na usvajanje podnosi nacrt i prijedlog prora\u010duna, ekonomske planove, razvojne planove,<br \/>investicijske programe, prostorne i urbanisti\u010dke planove i ostale planske i regularne dokumente koji se odnose<br \/>na kori\u0161tenje i upravljanje zemlji\u0161tem, uklju\u010duju\u0107i zoniranje i kori\u0161tenje javnog zemlji\u0161ta<br \/>&#8211;\u00a0\u00a0\u00a0 predla\u017ee odluke i druge op\u0107e akte Vije\u0107u<br \/>&#8211;\u00a0\u00a0\u00a0 provodi op\u0107insku politiku u skladu sa odlukama Vije\u0107a<br \/>&#8211;\u00a0\u00a0\u00a0 izvr\u0161ava prora\u010dun op\u0107ine<br \/>&#8211;\u00a0\u00a0\u00a0 osigurava primjenu odluka i drugih akata Vije\u0107a<br \/>&#8211;\u00a0\u00a0\u00a0 izvr\u0161ava zakone i druge propise \u010dije je provo\u0111enje povjereno op\u0107ini<br \/>&#8211;\u00a0\u00a0\u00a0 utvr\u0111uje organizaciju slu\u017ebi za upravu i drugih slu\u017ebi op\u0107ine<br \/>&#8211;\u00a0\u00a0\u00a0 donosi pravilnik o unutra\u0161njoj organizaciji slu\u017ebi<br \/>&#8211;\u00a0\u00a0\u00a0 realizira suradnju op\u0107ine sa drugim op\u0107inama, gradovima, me\u0111unarodnim i drugim organizacijama u skladu sa<br \/>odlukama i zaklju\u010dcima Vije\u0107a i njegovih radnih tijela<br \/>&#8211;\u00a0\u00a0\u00a0 podnosi izvje\u0161\u0107e Op\u0107inskom Vije\u0107u o ostvarivanju op\u0107inske politike i svojim aktivnostima<br \/>&#8211;\u00a0\u00a0\u00a0 odgovoran je za ustavnost i zakonitost akata koje donosi, odnosno predla\u017ee Vije\u0107u<br \/>&#8211;\u00a0\u00a0\u00a0 obavlja i druge poslove sukladno zakonu i drugim propisima<\/p>\n<p>OSNOVNI PODACI O DJELATNICIMA<\/p>\n<p><img loading=\"lazy\" decoding=\"async\" class=\"alignnone wp-image-217 size-full\" src=\"http:\/\/domaljevac.ba\/nova\/wp-content\/uploads\/2017\/10\/Radenka-Klaji\u0107.png\" alt=\"\" width=\"169\" height=\"200\" \/><\/p>\n<p>&#8211;\u00a0\u00a0\u00a0 Ime i prezime: Radenka Klaji\u0107<br \/>&#8211;\u00a0\u00a0\u00a0 Ro\u0111ena: 27.01.1975. godine u Bosanskom \u0160amcu<br \/>&#8211;\u00a0\u00a0\u00a0 Mjesto prebivali\u0161ta: Donja Mahala<br \/>&#8211;\u00a0\u00a0\u00a0 Stru\u010dna sprema: SSS, IV stupanj, ekonomski tehni\u010dar<br \/>&#8211;\u00a0\u00a0\u00a0 Radni odnos u Op\u0107ini Domaljevac-\u0160amac zasnovala 17.10.1994. godine<br \/>&#8211;\u00a0\u00a0\u00a0 Radno mjesto: Tajnik ureda op\u0107inskog na\u010delnika<\/p>\n<p><img loading=\"lazy\" decoding=\"async\" class=\"alignnone  wp-image-1217\" src=\"https:\/\/domaljevac.ba\/novo\/wp-content\/uploads\/2019\/02\/lucija-leovac-1.png\" alt=\"\" width=\"186\" height=\"251\" srcset=\"https:\/\/domaljevac.ba\/novo\/wp-content\/uploads\/2019\/02\/lucija-leovac-1.png 342w, https:\/\/domaljevac.ba\/novo\/wp-content\/uploads\/2019\/02\/lucija-leovac-1-223x300.png 223w\" sizes=\"auto, (max-width: 186px) 100vw, 186px\" \/><\/p>\n<p>&#8211; \u00a0 Ime i prezime: Lucija Leovac<br \/>&#8211;\u00a0\u00a0\u00a0 Ro\u0111ena: 12.07.1989. godine u Br\u010dkom<br \/>&#8211;\u00a0\u00a0\u00a0 Mjesto prebivali\u0161ta: Domaljevac<br \/>&#8211;\u00a0\u00a0\u00a0 Stru\u010dna sprema: V\u0160S, bacc.info.<br \/>&#8211;\u00a0\u00a0\u00a0 Radni odnos u Op\u0107ini Domaljevac-\u0160amac zasnovan 31.07.2017. godine<br \/>&#8211;\u00a0\u00a0\u00a0 Radno mjesto: Vi\u0161i samostalni referent za odr\u017eavanje informacijskog sistema u uredu op\u0107inskog na\u010delnika<\/p>\n<p><img loading=\"lazy\" decoding=\"async\" class=\"alignnone  wp-image-1256\" src=\"https:\/\/domaljevac.ba\/novo\/wp-content\/uploads\/2019\/02\/katarina-\u0161pionjak-768x1024.jpg\" alt=\"\" width=\"162\" height=\"216\" srcset=\"https:\/\/domaljevac.ba\/novo\/wp-content\/uploads\/2019\/02\/katarina-\u0161pionjak-768x1024.jpg 768w, https:\/\/domaljevac.ba\/novo\/wp-content\/uploads\/2019\/02\/katarina-\u0161pionjak-225x300.jpg 225w, https:\/\/domaljevac.ba\/novo\/wp-content\/uploads\/2019\/02\/katarina-\u0161pionjak.jpg 960w\" sizes=\"auto, (max-width: 162px) 100vw, 162px\" \/><\/p>\n<p>\u2013 Ime i prezime: Katarina \u0160pionjak<br \/>\u2013 Ro\u0111ena: 05.05.1988. godine u Grada\u010dcu<br \/>\u2013 Mjesto prebivali\u0161ta: Grebnice<br \/>\u2013 Stru\u010dna sprema: VSS, mag.oec<br \/>\u2013 Radni odnos u Op\u0107ini Domaljevac-\u0160amac zasnovan 04.04.2017. godine<br \/>\u2013 Radno mjesto: Stru\u010dni suradnik za me\u0111unarodnu suradnju<\/p>\n<p><img loading=\"lazy\" decoding=\"async\" class=\"alignnone  wp-image-218\" src=\"http:\/\/domaljevac.ba\/nova\/wp-content\/uploads\/2017\/10\/franjo_blazanovic.png\" alt=\"\" width=\"198\" height=\"223\" \/><\/p>\n<p>&#8211; Ime i prezime: Franjo Bla\u017eanovi\u0107<br \/>&#8211; Ro\u0111en: 19.12.1988. godine u Grada\u010dcu<br \/>&#8211; Mjesto prebivali\u0161ta: Bazik<br \/>&#8211; Stru\u010dna sprema: VSS, mag.oec., mag.ing.agr.<br \/>&#8211; Radni odnos u Op\u0107ini Domaljevac-\u0160amac zasnovan 01.08.2014.<br \/>&#8211; Radno mjesto: Stru\u010dni savjetnik za odnose s javno\u0161\u0107u i informiranje u uredu op\u0107inskog na\u010delnika<\/p>\n<p><img loading=\"lazy\" decoding=\"async\" class=\"alignnone  wp-image-1259\" src=\"https:\/\/domaljevac.ba\/novo\/wp-content\/uploads\/2019\/02\/alen-\u0107o\u0161kovi\u0107.png\" alt=\"\" width=\"201\" height=\"200\" srcset=\"https:\/\/domaljevac.ba\/novo\/wp-content\/uploads\/2019\/02\/alen-\u0107o\u0161kovi\u0107.png 750w, https:\/\/domaljevac.ba\/novo\/wp-content\/uploads\/2019\/02\/alen-\u0107o\u0161kovi\u0107-150x150.png 150w, https:\/\/domaljevac.ba\/novo\/wp-content\/uploads\/2019\/02\/alen-\u0107o\u0161kovi\u0107-300x300.png 300w, https:\/\/domaljevac.ba\/novo\/wp-content\/uploads\/2019\/02\/alen-\u0107o\u0161kovi\u0107-230x230.png 230w\" sizes=\"auto, (max-width: 201px) 100vw, 201px\" \/><\/p>\n<p>&#8211; \u00a0Ime i prezime: Alen \u0106o\u0161kovi\u0107<br \/>&#8211;\u00a0\u00a0\u00a0 Ro\u0111en: 16.08.1990. godine u Br\u010dkom<br \/>&#8211;\u00a0\u00a0\u00a0 Mjesto prebivali\u0161ta: Domaljevac<br \/>&#8211;\u00a0\u00a0\u00a0 Stru\u010dna sprema: V\u0160S pravnik, kazneno-pravnog smjera<br \/>&#8211;\u00a0\u00a0\u00a0 Radni odnos u Op\u0107ini Domaljevac-\u0160amac<br \/>zasnovao 01.01.2016. godine<br \/>&#8211;\u00a0\u00a0\u00a0 Radno mjesto: Vi\u0161i samostalni referent za upravljanje ljudskim resursima i centrom za pru\u017eanje usluga gra\u0111anima<\/p>\n\n","protected":false},"excerpt":{"rendered":"<p>Op\u0107inski na\u010delnik je nositelj izvr\u0161ne vlasti u okviru prava i obveza op\u0107ine. Op\u0107inski na\u010delnik obavlja slijede\u0107e poslove: &#8211;\u00a0\u00a0\u00a0 predstavlja i zastupa op\u0107inu Domaljevac-\u0160amac&#8211;\u00a0\u00a0\u00a0 donosi akte iz svoje nadle\u017enosti&#8211;\u00a0\u00a0\u00a0 izra\u0111uje i Vije\u0107u na usvajanje podnosi nacrt i prijedlog prora\u010duna, ekonomske planove,&hellip; <\/p>\n","protected":false},"author":1,"featured_media":0,"parent":0,"menu_order":0,"comment_status":"closed","ping_status":"closed","template":"","meta":{"footnotes":""},"class_list":["post-207","page","type-page","status-publish","hentry"],"_links":{"self":[{"href":"https:\/\/domaljevac.ba\/novo\/wp-json\/wp\/v2\/pages\/207","targetHints":{"allow":["GET"]}}],"collection":[{"href":"https:\/\/domaljevac.ba\/novo\/wp-json\/wp\/v2\/pages"}],"about":[{"href":"https:\/\/domaljevac.ba\/novo\/wp-json\/wp\/v2\/types\/page"}],"author":[{"embeddable":true,"href":"https:\/\/domaljevac.ba\/novo\/wp-json\/wp\/v2\/users\/1"}],"replies":[{"embeddable":true,"href":"https:\/\/domaljevac.ba\/novo\/wp-json\/wp\/v2\/comments?post=207"}],"version-history":[{"count":21,"href":"https:\/\/domaljevac.ba\/novo\/wp-json\/wp\/v2\/pages\/207\/revisions"}],"predecessor-version":[{"id":2885,"href":"https:\/\/domaljevac.ba\/novo\/wp-json\/wp\/v2\/pages\/207\/revisions\/2885"}],"wp:attachment":[{"href":"https:\/\/domaljevac.ba\/novo\/wp-json\/wp\/v2\/media?parent=207"}],"curies":[{"name":"wp","href":"https:\/\/api.w.org\/{rel}","templated":true}]}}