{"id":351,"date":"2018-09-04T13:10:58","date_gmt":"2018-09-04T11:10:58","guid":{"rendered":"http:\/\/domaljevac.ba\/nova\/?page_id=351"},"modified":"2018-09-04T13:15:35","modified_gmt":"2018-09-04T11:15:35","slug":"vijecnici","status":"publish","type":"page","link":"https:\/\/domaljevac.ba\/nova\/opcinsko-vijece\/vijecnici\/","title":{"rendered":"Vije\u0107nici"},"content":{"rendered":"<table width=\"495\">\n<tbody>\n<tr>\n<td style=\"text-align: center;\" rowspan=\"8\" width=\"163\">&nbsp;<\/p>\n<p><img loading=\"lazy\" decoding=\"async\" class=\"wp-image-137 size-full aligncenter\" src=\"http:\/\/ov-domaljevac-samac.ba\/wp-content\/uploads\/2017\/02\/Alen-\u0106o\u0161kovi\u0107.jpg\" width=\"250\" height=\"250\" \/><\/td>\n<td width=\"166\">IME I PREZIME<\/td>\n<td width=\"166\">ALEN \u0106O\u0160KOVI\u0106<\/td>\n<\/tr>\n<tr>\n<td>RO\u0110EN<\/td>\n<td>06.11.1981.<\/td>\n<\/tr>\n<tr>\n<td>STRU\u010cNA SPREMA<\/td>\n<td>BACC.SOC.RAD.<\/td>\n<\/tr>\n<tr>\n<td>ZANIMANJE<\/td>\n<td>SOCIJALNI RADNIK<\/td>\n<\/tr>\n<tr>\n<td>NACIONALNOST<\/td>\n<td>HRVAT<\/td>\n<\/tr>\n<tr>\n<td>STRANKA<\/td>\n<td>HDZ 1990<\/td>\n<\/tr>\n<tr>\n<td>STATUS<\/td>\n<td>PREDSJEDNIK OP\u0106INSKOG VIJE\u0106A<\/td>\n<\/tr>\n<tr>\n<td>\u010cLANSTVO U\u00a0POVJERENSTVIMA OP\u0106INSKOG VIJE\u0106A<\/td>\n<td>ZAMJENIK PREDSJEDNIKA POVJERENSTVA ZA EKONOMSKE ODNOSE I PRIVATIZACIJU<\/p>\n<p>POVJERENSTVO ZA STATUT I PROPISE<\/td>\n<\/tr>\n<\/tbody>\n<\/table>\n<p>&nbsp;<\/p>\n<table width=\"495\">\n<tbody>\n<tr>\n<td style=\"text-align: center;\" rowspan=\"8\" width=\"163\">&nbsp;<\/p>\n<p><img loading=\"lazy\" decoding=\"async\" class=\"size-full wp-image-388 aligncenter\" src=\"http:\/\/ov-domaljevac-samac.ba\/wp-content\/uploads\/2017\/02\/Joso_Perisic.png\" alt=\"\" width=\"250\" height=\"250\" \/><\/td>\n<td width=\"166\">IME I PREZIME<\/td>\n<td width=\"166\">JOSO PERI\u0160I\u0106<\/td>\n<\/tr>\n<tr>\n<td>RO\u0110EN<\/td>\n<td>24.03.1971.<\/td>\n<\/tr>\n<tr>\n<td>STRU\u010cNA SPREMA<\/td>\n<td>OSNOVNA \u0160KOLA<\/td>\n<\/tr>\n<tr>\n<td>ZANIMANJE<\/td>\n<td>UMIROVLJENIK<\/td>\n<\/tr>\n<tr>\n<td>NACIONALNOST<\/td>\n<td>HRVAT<\/td>\n<\/tr>\n<tr>\n<td>STRANKA<\/td>\n<td>POSAVSKA STRANKA<\/td>\n<\/tr>\n<tr>\n<td>STATUS<\/td>\n<td>DOPREDSJEDNIK OP\u0106INSKOG VIJE\u0106A<\/td>\n<\/tr>\n<tr>\n<td>\u010cLANSTVO U\u00a0POVJERENSTVIMA OP\u0106INSKOG VIJE\u0106A<\/td>\n<td>PREDSJEDNIK POVJERENSTVA ZA ZA\u0160TITU LJUDSKIH PRAVA, \u017dALBE I PREDSTAVKE<\/p>\n<p>POVJERENSTVO ZA PRORA\u010cUN I FINANCIJE<\/p>\n<p>POVJERENSTVO ZA NADZOR ZAKONITOSTI RADA<\/p>\n<p>POVJERENSTVO ZA OBNOVU I POVRATAK IZBJEGLIH I RASELJENIH OSOBA<\/p>\n<p>POVJERENSTVO ZA KODEKS PONA\u0160ANJA IZABRANIH PREDSTAVNIKA U OP\u0106INSKOM VIJE\u0106U DOMALJEVAC-\u0160AMAC<\/p>\n<p>POVJERENSTVO ZA PRA\u0106ENJE POLO\u017dAJA BRANITELJA, RATNIH VOJNIH INVALIDA I OBITELJI POGINULIH I NESTALIH BRANITELJA<\/td>\n<\/tr>\n<\/tbody>\n<\/table>\n<p>&nbsp;<\/p>\n<table width=\"495\">\n<tbody>\n<tr>\n<td style=\"text-align: center;\" rowspan=\"8\" width=\"163\">&nbsp;<\/p>\n<p><img loading=\"lazy\" decoding=\"async\" class=\"size-full wp-image-127 aligncenter\" src=\"http:\/\/ov-domaljevac-samac.ba\/wp-content\/uploads\/2017\/02\/Luka-Luci\u0107.jpg\" alt=\"\" width=\"250\" height=\"250\" \/><\/td>\n<td width=\"166\">IME I PREZIME<\/td>\n<td width=\"166\">LUKA LUCI\u0106<\/td>\n<\/tr>\n<tr>\n<td>RO\u0110EN<\/td>\n<td>27.12.1986.<\/td>\n<\/tr>\n<tr>\n<td>STRU\u010cNA SPREMA<\/td>\n<td>BACC.OEC.<\/td>\n<\/tr>\n<tr>\n<td>ZANIMANJE<\/td>\n<td>STRU\u010cNI PRVOSTUPNIK EKONOMIJE<\/td>\n<\/tr>\n<tr>\n<td>NACIONALNOST<\/td>\n<td>HRVAT<\/td>\n<\/tr>\n<tr>\n<td>STRANKA<\/td>\n<td>HDZ 1990<\/td>\n<\/tr>\n<tr>\n<td>STATUS<\/td>\n<td>VIJE\u0106NIK<\/td>\n<\/tr>\n<tr>\n<td>\u010cLANSTVO U\u00a0POVJERENSTVIMA OP\u0106INSKOG VIJE\u0106A<\/td>\n<td>PREDSJEDNIK POVJERENSTVA ZA PRORA\u010cUN I FINANCIJE<\/p>\n<p>PREDSJEDNIK \u00a0POVJERENSTVO ZA OBNOVU I POVRATAK IZBJEGLIH I RASELJENIH OSOBA<\/p>\n<p>PREDSJEDNIK POVJERENSTVO ZA POSLOVE MJESNIH ZAJEDNICA<\/td>\n<\/tr>\n<\/tbody>\n<\/table>\n<p>&nbsp;<\/p>\n<table width=\"495\">\n<tbody>\n<tr>\n<td style=\"text-align: center;\" rowspan=\"8\" width=\"163\">&nbsp;<\/p>\n<p><img loading=\"lazy\" decoding=\"async\" class=\"size-full wp-image-132 aligncenter\" src=\"http:\/\/ov-domaljevac-samac.ba\/wp-content\/uploads\/2017\/02\/Zrinka-Tuzlak.jpg\" alt=\"\" width=\"250\" height=\"250\" \/><\/td>\n<td width=\"166\">IME I PREZIME<\/td>\n<td width=\"166\">ZRINKA TUZLAK<\/td>\n<\/tr>\n<tr>\n<td>RO\u0110ENA<\/td>\n<td>\u00a029.10.1977.<\/td>\n<\/tr>\n<tr>\n<td>STRU\u010cNA SPREMA<\/td>\n<td>SSS<\/td>\n<\/tr>\n<tr>\n<td>ZANIMANJE<\/td>\n<td>KUHAR<\/td>\n<\/tr>\n<tr>\n<td>NACIONALNOST<\/td>\n<td>HRVATICA<\/td>\n<\/tr>\n<tr>\n<td>STRANKA<\/td>\n<td>HDZ 1990<\/td>\n<\/tr>\n<tr>\n<td>STATUS<\/td>\n<td>VIJE\u0106NICA<\/td>\n<\/tr>\n<tr>\n<td>\u010cLANSTVO U\u00a0POVJERENSTVIMA OP\u0106INSKOG VIJE\u0106A<\/td>\n<td>PREDSJEDNICA POVJERENSTVA ZA NADZOR ZAKONITOSTI RADA<\/p>\n<p>ZAMJENICA PREDSJEDNIKA<br \/>\nPOVJERENSTVO ZA IZBOR I IMENOVANJE<\/p>\n<p>PREDSJEDNICA POVJERENSTVA ZA ZA\u0160TITU LJUDSKIH PRAVA, MLADE I JEDNAKOPRAVNOST SPOLOVA<\/p>\n<p>PREDSJEDNICA \u00a0POVJERENSTVO ZA KODEKS PONA\u0160ANJA IZABRANIH PREDSTAVNIKA U OP\u0106INSKOM VIJE\u0106U DOMALJEVAC-\u0160AMAC<\/td>\n<\/tr>\n<\/tbody>\n<\/table>\n<p>&nbsp;<\/p>\n<table width=\"495\">\n<tbody>\n<tr>\n<td style=\"text-align: center;\" rowspan=\"8\" width=\"163\">&nbsp;<\/p>\n<p><img loading=\"lazy\" decoding=\"async\" class=\"size-full wp-image-128 aligncenter\" src=\"http:\/\/ov-domaljevac-samac.ba\/wp-content\/uploads\/2017\/02\/10.-\u0110uro-Peri\u0161i\u0107.jpg\" alt=\"\" width=\"250\" height=\"250\" \/><\/td>\n<td width=\"166\">IME I PREZIME<\/td>\n<td width=\"166\">\u0110URO PERI\u0160I\u0106<\/td>\n<\/tr>\n<tr>\n<td>RO\u0110EN<\/td>\n<td>02.11.1984.<\/td>\n<\/tr>\n<tr>\n<td>STRU\u010cNA SPREMA<\/td>\n<td>SSS<\/td>\n<\/tr>\n<tr>\n<td>ZANIMANJE<\/td>\n<td>TRGOVAC<\/td>\n<\/tr>\n<tr>\n<td>NACIONALNOST<\/td>\n<td>HRVAT<\/td>\n<\/tr>\n<tr>\n<td>STRANKA<\/td>\n<td>HDZ 1990<\/td>\n<\/tr>\n<tr>\n<td>STATUS<\/td>\n<td>VIJE\u0106NIK<\/td>\n<\/tr>\n<tr>\n<td>\u010cLANSTVO U\u00a0POVJERENSTVIMA OP\u0106INSKOG VIJE\u0106A<\/td>\n<td>POVJERENSTVO ZA ZA\u0160TITU LJUDSKIH PRAVA, \u017dALBE I PREDSTAVKE<\/p>\n<p>POVJERENSTVO ZA PROSTORNO PLANIRANJE, URE\u0110ENJE I EKOLOGIJU<\/p>\n<p>PREDSJEDNIK POVJERENSTVA ZA PRA\u0106ENJE POLO\u017dAJA BRANITELJA, RATNIH VOJNIH INVALIDA I OBITELJI POGINULIH I NESTALIH BRANITELJA<\/td>\n<\/tr>\n<\/tbody>\n<\/table>\n<p>&nbsp;<\/p>\n<table style=\"height: 638px;\" width=\"1950\">\n<tbody>\n<tr>\n<td style=\"text-align: center;\" rowspan=\"8\" width=\"163\"><\/td>\n<td width=\"166\">IME I PREZIME<\/td>\n<td width=\"166\">MATO RO\u0160I\u0106<\/td>\n<\/tr>\n<tr>\n<td>RO\u0110EN<\/td>\n<td>30.11.1988.<\/td>\n<\/tr>\n<tr>\n<td>STRU\u010cNA SPREMA<\/td>\n<td>BACC.OEC.<\/td>\n<\/tr>\n<tr>\n<td>ZANIMANJE<\/td>\n<td>SVEU\u010cILI\u0160NI PRVOSTUPNIK EKONOMIJE<\/td>\n<\/tr>\n<tr>\n<td>NACIONALNOST<\/td>\n<td>HRVAT<\/td>\n<\/tr>\n<tr>\n<td>STRANKA<\/td>\n<td>HNS<\/td>\n<\/tr>\n<tr>\n<td>STATUS<\/td>\n<td>VIJE\u0106NIK<\/td>\n<\/tr>\n<tr>\n<td>\u010cLANSTVO U\u00a0POVJERENSTVIMA OP\u0106INSKOG VIJE\u0106A<\/td>\n<td>PREDSJEDNIK POVJERENSTVA ZA EKONOMSKE ODNOSE I PRIVATIZACIJU<\/p>\n<p>PREDSJEDNIK POVJERENSTVA ZA IZBOR I IMENOVANJE<\/p>\n<p>PREDSJEDNIK POVJERENSTVA ZA STATUT I PROPISE<\/p>\n<p>PREDSJEDNIK POVJERENSTVO ZA PROSTORNO PLANIRANJE, URE\u0110ENJE I EKOLOGIJU<\/p>\n<p>POVJERENSTVA ZA ZA\u0160TITU LJUDSKIH PRAVA, MLADE I JEDNAKOPRAVNOST SPOLOVA<\/p>\n<p>POVJERENSTVO ZA POSLOVE MJESNIH ZAJEDNICA<\/td>\n<\/tr>\n<\/tbody>\n<\/table>\n<p>&nbsp;<\/p>\n<table width=\"495\">\n<tbody>\n<tr>\n<td style=\"text-align: center;\" rowspan=\"8\" width=\"163\">&nbsp;<\/p>\n<p><img loading=\"lazy\" decoding=\"async\" class=\"size-full wp-image-129 aligncenter\" src=\"http:\/\/ov-domaljevac-samac.ba\/wp-content\/uploads\/2017\/02\/Mato-Hrskanovic.jpg\" alt=\"\" width=\"250\" height=\"250\" \/><\/td>\n<td width=\"166\">IME I PREZIME<\/td>\n<td width=\"166\">MATO HRSKANOVI\u0106<\/td>\n<\/tr>\n<tr>\n<td>RO\u0110EN<\/td>\n<td>07.02.1969.<\/td>\n<\/tr>\n<tr>\n<td>STRU\u010cNA SPREMA<\/td>\n<td>DR. MED.<\/td>\n<\/tr>\n<tr>\n<td>ZANIMANJE<\/td>\n<td>DOKTOR MEDICINE, SPECIJALISTA OP\u0106E KIRURGIJE<\/td>\n<\/tr>\n<tr>\n<td>NACIONALNOST<\/td>\n<td>HRVAT<\/td>\n<\/tr>\n<tr>\n<td>STRANKA<\/td>\n<td>HDZ BiH<\/td>\n<\/tr>\n<tr>\n<td>STATUS<\/td>\n<td>VIJE\u0106NIK<\/td>\n<\/tr>\n<tr>\n<td>\u010cLANSTVO U\u00a0POVJERENSTVIMA OP\u0106INSKOG VIJE\u0106A<\/td>\n<td>POVJERENSTVO ZA ZA\u0160TITU LJUDSKIH PRAVA, \u017dALBE I PREDSTAVKE<\/p>\n<p>POVJERENSTVO ZA KODEKS PONA\u0160ANJA IZABRANIH PREDSTAVNIKA U OP\u0106INSKOM VIJE\u0106U DOMALJEVAC-\u0160AMAC<\/p>\n<p>POVJERENSTVO ZA PRA\u0106ENJE POLO\u017dAJA BRANITELJA, RATNIH VOJNIH INVALIDA I OBITELJI POGINULIH I NESTALIH BRANITELJA<\/td>\n<\/tr>\n<\/tbody>\n<\/table>\n<p>&nbsp;<\/p>\n<table width=\"495\">\n<tbody>\n<tr>\n<td style=\"text-align: center;\" rowspan=\"8\" width=\"163\">\u00a0<img loading=\"lazy\" decoding=\"async\" class=\"size-full wp-image-134 aligncenter\" src=\"http:\/\/ov-domaljevac-samac.ba\/wp-content\/uploads\/2017\/02\/Lucija_Matic.jpg\" alt=\"\" width=\"250\" height=\"250\" \/><\/td>\n<td width=\"166\">IME I PREZIME<\/td>\n<td width=\"166\">LUCIJA MATI\u0106<\/td>\n<\/tr>\n<tr>\n<td>RO\u0110ENA<\/td>\n<td>12.06.1969.<\/td>\n<\/tr>\n<tr>\n<td>STRU\u010cNA SPREMA<\/td>\n<td>DIPL.IUR.<\/td>\n<\/tr>\n<tr>\n<td>ZANIMANJE<\/td>\n<td>DIPLOMIRANI PRAVNIK<\/td>\n<\/tr>\n<tr>\n<td>NACIONALNOST<\/td>\n<td>HRVATICA<\/td>\n<\/tr>\n<tr>\n<td>STRANKA<\/td>\n<td>HDZ BiH<\/td>\n<\/tr>\n<tr>\n<td>STATUS<\/td>\n<td>VIJE\u0106NICA<\/td>\n<\/tr>\n<tr>\n<td>\u010cLANSTVO U\u00a0POVJERENSTVIMA OP\u0106INSKOG VIJE\u0106A<\/td>\n<td>ZAMJENICA PREDSJEDNIKA POVJERENSTVA ZA STATUT I PROPISE<\/p>\n<p>POVJERENSTVA ZA ZA\u0160TITU LJUDSKIH PRAVA, MLADE I JEDNAKOPRAVNOST SPOLOVA<\/td>\n<\/tr>\n<\/tbody>\n<\/table>\n<p>&nbsp;<\/p>\n<table width=\"495\">\n<tbody>\n<tr>\n<td style=\"text-align: center;\" rowspan=\"8\" width=\"163\">&nbsp;<\/p>\n<p><img loading=\"lazy\" decoding=\"async\" class=\"size-full wp-image-136 aligncenter\" src=\"http:\/\/ov-domaljevac-samac.ba\/wp-content\/uploads\/2017\/02\/Miroslav-Piljic.jpg\" alt=\"\" width=\"250\" height=\"250\" \/><\/td>\n<td width=\"166\">IME I PREZIME<\/td>\n<td width=\"166\">MIROSLAV PILJI\u0106<\/td>\n<\/tr>\n<tr>\n<td>RO\u0110EN<\/td>\n<td>10.02.1983.<\/td>\n<\/tr>\n<tr>\n<td>STRU\u010cNA SPREMA<\/td>\n<td>SSS<\/td>\n<\/tr>\n<tr>\n<td>ZANIMANJE<\/td>\n<td>EKONOMIST<\/td>\n<\/tr>\n<tr>\n<td>NACIONALNOST<\/td>\n<td>HRVAT<\/td>\n<\/tr>\n<tr>\n<td>STRANKA<\/td>\n<td>HDZ BiH<\/td>\n<\/tr>\n<tr>\n<td>STATUS<\/td>\n<td>VIJE\u0106NIK<\/td>\n<\/tr>\n<tr>\n<td>\u010cLANSTVO U\u00a0POVJERENSTVIMA OP\u0106INSKOG VIJE\u0106A<\/td>\n<td>POVJERENSTVO ZA IZBOR I IMENOVANJE<\/p>\n<p>POVJERENSTVO ZA PRORA\u010cUN I FINANCIJE<\/p>\n<p>POVJERENSTVO ZA OBNOVU I POVRATAK IZBJEGLIH I RASELJENIH OSOBA<\/p>\n<p>POVJERENSTVO ZA POSLOVE MJESNIH ZAJEDNICA<\/td>\n<\/tr>\n<\/tbody>\n<\/table>\n<table width=\"495\">\n<tbody>\n<tr>\n<td style=\"text-align: center;\" rowspan=\"8\" width=\"163\">&nbsp;<\/p>\n<p><img loading=\"lazy\" decoding=\"async\" class=\"size-full wp-image-130 aligncenter\" src=\"http:\/\/ov-domaljevac-samac.ba\/wp-content\/uploads\/2017\/02\/Josip-Grgi\u0107.jpg\" alt=\"\" width=\"250\" height=\"250\" \/><\/td>\n<td width=\"166\">IME I PREZIME<\/td>\n<td width=\"166\">JOSIP GRGI\u0106<\/td>\n<\/tr>\n<tr>\n<td>RO\u0110EN<\/td>\n<td>20.02.1983.<\/td>\n<\/tr>\n<tr>\n<td>STRU\u010cNA SPREMA<\/td>\n<td>SSS<\/td>\n<\/tr>\n<tr>\n<td>ZANIMANJE<\/td>\n<td>ELEKTROTEHNI\u010cAR<\/td>\n<\/tr>\n<tr>\n<td>NACIONALNOST<\/td>\n<td>HRVAT<\/td>\n<\/tr>\n<tr>\n<td>STRANKA<\/td>\n<td>HDZ BiH<\/td>\n<\/tr>\n<tr>\n<td>STATUS<\/td>\n<td>VIJE\u0106NIK<\/td>\n<\/tr>\n<tr>\n<td>\u010cLANSTVO U\u00a0POVJERENSTVIMA OP\u0106INSKOG VIJE\u0106A<\/td>\n<td>POVJERENSTVO ZA EKONOMSKE ODNOSE I PRIVATIZACIJU<\/p>\n<p>POVJERENSTVO ZA NADZOR ZAKONITOSTI RADA<\/p>\n<p>POVJERENSTVO ZA PROSTORNO PLANIRANJE, URE\u0110ENJE I EKOLOGIJU<\/td>\n<\/tr>\n<\/tbody>\n<\/table>\n<p>&nbsp;<\/p>\n<table width=\"495\">\n<tbody>\n<tr>\n<td style=\"text-align: center;\" rowspan=\"8\" width=\"163\">&nbsp;<\/p>\n<p><img loading=\"lazy\" decoding=\"async\" class=\"size-full wp-image-390 aligncenter\" src=\"http:\/\/ov-domaljevac-samac.ba\/wp-content\/uploads\/2017\/02\/Mladen_Vlahovic.png\" alt=\"\" width=\"250\" height=\"250\" \/><\/td>\n<td width=\"166\">IME I PREZIME<\/td>\n<td width=\"166\">MLADEN VLAHOVI\u0106<\/td>\n<\/tr>\n<tr>\n<td>RO\u0110EN<\/td>\n<td>09.01.1988.<\/td>\n<\/tr>\n<tr>\n<td>STRU\u010cNA SPREMA<\/td>\n<td>BACC.ING.GRA\u0110EVINARSTVA<\/td>\n<\/tr>\n<tr>\n<td>ZANIMANJE<\/td>\n<td>STRU\u010cNI PRVOSTUPNIK IN\u017dINJER GRA\u0110EVINARSTVA<\/td>\n<\/tr>\n<tr>\n<td>NACIONALNOST<\/td>\n<td>HRVAT<\/td>\n<\/tr>\n<tr>\n<td>STRANKA<\/td>\n<td>NEOVISNI VIJE\u0106NIK<\/td>\n<\/tr>\n<tr>\n<td>STATUS<\/td>\n<td>VIJE\u0106NIK<\/td>\n<\/tr>\n<tr>\n<td>\u010cLANSTVO U\u00a0POVJERENSTVIMA OP\u0106INSKOG VIJE\u0106A<\/td>\n<td><\/td>\n<\/tr>\n<\/tbody>\n<\/table>\n","protected":false},"excerpt":{"rendered":"<p>&nbsp; IME I PREZIME ALEN \u0106O\u0160KOVI\u0106 RO\u0110EN 06.11.1981. STRU\u010cNA SPREMA BACC.SOC.RAD. ZANIMANJE SOCIJALNI RADNIK NACIONALNOST HRVAT STRANKA HDZ 1990 STATUS PREDSJEDNIK OP\u0106INSKOG VIJE\u0106A \u010cLANSTVO U\u00a0POVJERENSTVIMA OP\u0106INSKOG VIJE\u0106A ZAMJENIK PREDSJEDNIKA POVJERENSTVA&#8230; <a class=\"read-more-link\" href=\"https:\/\/domaljevac.ba\/nova\/opcinsko-vijece\/vijecnici\/\">Read more &raquo;<\/a><\/p>\n","protected":false},"author":1,"featured_media":0,"parent":192,"menu_order":0,"comment_status":"closed","ping_status":"closed","template":"","meta":{"footnotes":""},"class_list":["post-351","page","type-page","status-publish","hentry"],"_links":{"self":[{"href":"https:\/\/domaljevac.ba\/nova\/wp-json\/wp\/v2\/pages\/351","targetHints":{"allow":["GET"]}}],"collection":[{"href":"https:\/\/domaljevac.ba\/nova\/wp-json\/wp\/v2\/pages"}],"about":[{"href":"https:\/\/domaljevac.ba\/nova\/wp-json\/wp\/v2\/types\/page"}],"author":[{"embeddable":true,"href":"https:\/\/domaljevac.ba\/nova\/wp-json\/wp\/v2\/users\/1"}],"replies":[{"embeddable":true,"href":"https:\/\/domaljevac.ba\/nova\/wp-json\/wp\/v2\/comments?post=351"}],"version-history":[{"count":2,"href":"https:\/\/domaljevac.ba\/nova\/wp-json\/wp\/v2\/pages\/351\/revisions"}],"predecessor-version":[{"id":358,"href":"https:\/\/domaljevac.ba\/nova\/wp-json\/wp\/v2\/pages\/351\/revisions\/358"}],"up":[{"embeddable":true,"href":"https:\/\/domaljevac.ba\/nova\/wp-json\/wp\/v2\/pages\/192"}],"wp:attachment":[{"href":"https:\/\/domaljevac.ba\/nova\/wp-json\/wp\/v2\/media?parent=351"}],"curies":[{"name":"wp","href":"https:\/\/api.w.org\/{rel}","templated":true}]}}