{"id":29,"date":"2017-06-27T00:32:50","date_gmt":"2017-06-26T22:32:50","guid":{"rendered":"http:\/\/domaljevac.ba\/nova\/?page_id=29"},"modified":"2017-10-30T02:02:20","modified_gmt":"2017-10-30T01:02:20","slug":"opcinski-nacelnik","status":"publish","type":"page","link":"https:\/\/domaljevac.ba\/nova\/opcinski-nacelnik\/","title":{"rendered":"Op\u0107inski na\u010delnik"},"content":{"rendered":"<p><strong>Curriculum vitae<\/strong><\/p>\n<p><img loading=\"lazy\" decoding=\"async\" class=\"alignnone size-full wp-image-201\" src=\"https:\/\/domaljevac.ba\/nova\/wp-content\/uploads\/2017\/06\/Mario-Jurki\u0107.jpg\" alt=\"\" width=\"173\" height=\"200\" \/><\/p>\n<p><strong>OSOBNI PODACI<\/strong><\/p>\n<table>\n<tbody>\n<tr>\n<td width=\"187\"><strong>Ime i prezime:<\/strong><\/td>\n<td width=\"432\">Mario Jurki\u0107<\/td>\n<\/tr>\n<tr>\n<td width=\"187\"><strong>Datum i mjesto ro\u0111enja:<\/strong><\/td>\n<td width=\"432\">10.05.1980., Bosanski \u0160amac<\/td>\n<\/tr>\n<tr>\n<td width=\"187\"><strong>Adresa stanovanja:<\/strong><\/td>\n<td width=\"432\">Pos. Branitelja 35, 76233 Domaljevac<\/td>\n<\/tr>\n<tr>\n<td width=\"187\"><strong>Telefon:<\/strong><\/td>\n<td width=\"432\">063 813 638<\/td>\n<\/tr>\n<tr>\n<td width=\"187\"><strong>e-mail:<\/strong><\/td>\n<td width=\"432\"><a href=\"mailto:jurkic.mario@gmail.com\">jurkic.mario@gmail.com<\/a><\/td>\n<\/tr>\n<\/tbody>\n<\/table>\n<p><strong>OBRAZOVANJE<\/strong><\/p>\n<table>\n<tbody>\n<tr>\n<td width=\"385\"><strong>Obrazovna institucija<\/strong><\/td>\n<td width=\"234\"><strong>Godina<\/strong><strong>\u00a0<\/strong><\/td>\n<\/tr>\n<tr>\n<td width=\"385\"><\/td>\n<td width=\"234\"><\/td>\n<\/tr>\n<tr>\n<td width=\"385\">Poslijediplomski specijalisti\u010dki studij Ekonomskog fakulteta u Osijeku (PSP) \u201ePoduzetni\u0161tvo\u201c<\/td>\n<td width=\"234\">2009.<\/td>\n<\/tr>\n<tr>\n<td width=\"385\"><\/td>\n<td width=\"234\"><\/td>\n<\/tr>\n<tr>\n<td width=\"385\">Filozofski fakultet Osijek<\/td>\n<td width=\"234\">1999.-2004.<\/td>\n<\/tr>\n<tr>\n<td width=\"385\">Op\u0107a gimnazija Ora\u0161je<\/td>\n<td width=\"234\">1998.<\/td>\n<\/tr>\n<tr>\n<td width=\"385\"><\/td>\n<td width=\"234\"><\/td>\n<\/tr>\n<\/tbody>\n<\/table>\n<p><strong>DODATNE VJE\u0160TINE<\/strong><\/p>\n<table>\n<tbody>\n<tr>\n<td width=\"310\"><strong>Naziv:<\/strong><\/td>\n<td width=\"310\"><strong>Opis<\/strong><\/td>\n<\/tr>\n<tr>\n<td width=\"310\"><strong>Voza\u010dka dozvola:<\/strong><\/td>\n<td width=\"310\">B kategorija<\/td>\n<\/tr>\n<tr>\n<td width=\"310\"><strong>Ra\u010dunalni programi:<\/strong><\/td>\n<td width=\"310\">MS Office paket<\/td>\n<\/tr>\n<\/tbody>\n<\/table>\n<p><strong>SADA\u0160NJA POZICIJA<\/strong><\/p>\n<table>\n<tbody>\n<tr>\n<td width=\"310\"><strong>Institucija:<\/strong><\/td>\n<td width=\"310\">Op\u0107ina Domaljevac<\/td>\n<\/tr>\n<tr>\n<td width=\"310\"><strong>Pozicija:<\/strong><\/td>\n<td width=\"310\">Op\u0107inski na\u010delnik,<br \/>\nMandat: 2014-2016<\/td>\n<\/tr>\n<tr>\n<td width=\"310\"><strong>Adresa:<\/strong><\/td>\n<td width=\"310\">Posavskih branitelja 148, Domaljevac<\/td>\n<\/tr>\n<tr>\n<td width=\"310\"><strong>Telefon \/fax:<\/strong><\/td>\n<td width=\"310\">031 716 600, 716 604<\/td>\n<\/tr>\n<tr>\n<td width=\"310\"><strong>e-mail:<\/strong><\/td>\n<td width=\"310\"><a href=\"mailto:mario.jurkic@gmail.com\">mario.jurkic@gmail.com<\/a><\/td>\n<\/tr>\n<tr>\n<td width=\"310\"><strong>Web:<\/strong><\/td>\n<td width=\"310\">www.domaljevac.ba<\/td>\n<\/tr>\n<\/tbody>\n<\/table>\n<p><strong>\u00a0<\/strong><\/p>\n<p><strong>DOSADA\u0160NJA ZAPOSLENJA<\/strong><\/p>\n<table>\n<tbody>\n<tr>\n<td width=\"138\"><strong>Naziv institucije<\/strong><\/td>\n<td width=\"145\"><strong>Pozicija<\/strong><\/td>\n<td width=\"129\"><strong>Trajanje<\/strong><\/td>\n<\/tr>\n<tr>\n<td width=\"138\">Op\u0107ina Domaljevac<\/td>\n<td width=\"145\">V.d. Op\u0107inski na\u010delnik<\/td>\n<td width=\"129\">2014-2015.<\/td>\n<\/tr>\n<tr>\n<td width=\"138\">Skup\u0161tina \u017dP\/PK<\/td>\n<td width=\"145\">Predsjednik Skup\u0161tine \u017dP\/PK<\/td>\n<td width=\"129\">2011-2014.<\/td>\n<\/tr>\n<tr>\n<td width=\"138\">Srednja \u0161kola fra Martina Nedi\u0107a Ora\u0161je<\/td>\n<td width=\"145\">Profesor njema\u010dkog jezika i knji\u017eevnosti i povijesti<\/td>\n<td width=\"129\">2005-2011.<\/td>\n<\/tr>\n<tr>\n<td width=\"138\">Osnovna \u0161kola Bra\u0107e Radi\u0107a Domaljevac<\/td>\n<td width=\"145\">Profesor njema\u010dkog jezika<\/td>\n<td width=\"129\">2004-2005.<\/td>\n<\/tr>\n<\/tbody>\n<\/table>\n<p><strong>\u00a0<\/strong><\/p>\n<p><strong>STRU\u010cNO-PROFESIONALNI ANGA\u017dMAN<\/strong><\/p>\n<table>\n<tbody>\n<tr>\n<td width=\"225\"><strong>Naziv institucije<\/strong><\/td>\n<td width=\"208\"><strong>Pozicija<\/strong><\/td>\n<td width=\"185\"><strong>Trajanje<\/strong><\/td>\n<\/tr>\n<tr>\n<td width=\"225\">Pravni fakultet Mostar<\/td>\n<td width=\"208\">Vanjski suradnik-njema\u010dki jezik u pravnoj struci, predava\u010d<\/td>\n<td width=\"185\">2008-<\/td>\n<\/tr>\n<\/tbody>\n<\/table>\n<p>&nbsp;<\/p>\n","protected":false},"excerpt":{"rendered":"<p>Curriculum vitae OSOBNI PODACI Ime i prezime: Mario Jurki\u0107 Datum i mjesto ro\u0111enja: 10.05.1980., Bosanski \u0160amac Adresa stanovanja: Pos. Branitelja 35, 76233 Domaljevac Telefon: 063 813 638 e-mail: jurkic.mario@gmail.com OBRAZOVANJE&#8230; <a class=\"read-more-link\" href=\"https:\/\/domaljevac.ba\/nova\/opcinski-nacelnik\/\">Read more &raquo;<\/a><\/p>\n","protected":false},"author":1,"featured_media":0,"parent":0,"menu_order":0,"comment_status":"closed","ping_status":"closed","template":"","meta":{"footnotes":""},"class_list":["post-29","page","type-page","status-publish","hentry"],"_links":{"self":[{"href":"https:\/\/domaljevac.ba\/nova\/wp-json\/wp\/v2\/pages\/29","targetHints":{"allow":["GET"]}}],"collection":[{"href":"https:\/\/domaljevac.ba\/nova\/wp-json\/wp\/v2\/pages"}],"about":[{"href":"https:\/\/domaljevac.ba\/nova\/wp-json\/wp\/v2\/types\/page"}],"author":[{"embeddable":true,"href":"https:\/\/domaljevac.ba\/nova\/wp-json\/wp\/v2\/users\/1"}],"replies":[{"embeddable":true,"href":"https:\/\/domaljevac.ba\/nova\/wp-json\/wp\/v2\/comments?post=29"}],"version-history":[{"count":2,"href":"https:\/\/domaljevac.ba\/nova\/wp-json\/wp\/v2\/pages\/29\/revisions"}],"predecessor-version":[{"id":202,"href":"https:\/\/domaljevac.ba\/nova\/wp-json\/wp\/v2\/pages\/29\/revisions\/202"}],"wp:attachment":[{"href":"https:\/\/domaljevac.ba\/nova\/wp-json\/wp\/v2\/media?parent=29"}],"curies":[{"name":"wp","href":"https:\/\/api.w.org\/{rel}","templated":true}]}}