{"id":268,"date":"2017-10-30T07:06:45","date_gmt":"2017-10-30T06:06:45","guid":{"rendered":"http:\/\/domaljevac.ba\/nova\/?page_id=268"},"modified":"2017-10-30T07:06:45","modified_gmt":"2017-10-30T06:06:45","slug":"dom-zdravlja-domaljevac-samac","status":"publish","type":"page","link":"https:\/\/domaljevac.ba\/nova\/dom-zdravlja-domaljevac-samac\/","title":{"rendered":"Dom zdravlja Domaljevac-\u0160amac"},"content":{"rendered":"<p>Op\u0107ina Domaljevac-\u0160amac je dio biv\u0161e op\u0107ine Bosanski \u0160amac, nastala kao rezultat politi\u010dkih podjela (Daytonski sporazum), priznata od strane Skup\u0161tine Federacije Bosne i Hercegovine 1998 godine.<\/p>\n<p>Kako je prije rata bili sastavni dio op\u0107ine Bosanski \u0160amac, u Domaljevcu je postojala sektorska ambulanta pri domu zdravlja Bosanski \u0160amac u kojoj je lije\u010dnik ordinirao dva puta tjedno. Nakon zavr\u0161etka ratnih sukoba kompletna zdravstvena infrastruktura (dom zdravlja i bolnica sa centrom za dijalizu) je ostala u Republici Srpskoj, te nije u dosegu\u00a0 stanovni\u0161tvu ovog kraja.<\/p>\n<p>Tijekom rata postojao je sanitet, prvobitno stacioniran u prostorijama Osnovne \u0161kole u Domaljevcu a kasnije u adaptiranim prostorijama biv\u0161e tvornice trikota\u017ee \u201eDotex\u201c u Domaljevcu u kojoj je do 2010. godine egzistirao dom zdravlja Domaljevac-\u0160amac.<br \/>\n<img loading=\"lazy\" decoding=\"async\" class=\"alignnone size-medium wp-image-363 alignleft\" src=\"http:\/\/ov-domaljevac-samac.ba\/wp-content\/uploads\/2017\/02\/preuzmi-300x225.jpg\" alt=\"\" width=\"300\" height=\"225\" \/><br \/>\nNova zgrada doma zdravlja sa svim popratnim sadr\u017eajima zavr\u0161ea je sa gradnjom i otvoreno sredinom 2010. godine.<\/p>\n<p>Unutar nove zgrade doma zdravlja imaju dvije ordinacije obiteljske medicine, intervencija, mali priru\u010dni laboratorij.<\/p>\n<p>Pored toga orgnizirana je kirur\u0161ko-urolo\u0161ka, pulmolo\u0161ka, dermatovenerolo\u0161ka, internisti\u010dka i stomatola\u0161ko ambulanta.<\/p>\n<p>U ustanovi je uposleno 12 stalnih djelatnika i 5 vanjskih suradnika-specijalista. Na \u010delu ustanove je ravnatelj dr. Mario Pranji\u0107.<\/p>\n<p>Ina\u010de, u toj zdravstvenoj ustanovi usluge koristi oko 5.000 stalnih \u017eitelja i oko 2.000 onih koji su na privremenom radu u inozemstvu te pacijenti povratnici iz hrvatskih sela u Republici Srpskoj.<\/p>\n","protected":false},"excerpt":{"rendered":"<p>Op\u0107ina Domaljevac-\u0160amac je dio biv\u0161e op\u0107ine Bosanski \u0160amac, nastala kao rezultat politi\u010dkih podjela (Daytonski sporazum), priznata od strane Skup\u0161tine Federacije Bosne i Hercegovine 1998 godine. Kako je prije rata bili&#8230; <a class=\"read-more-link\" href=\"https:\/\/domaljevac.ba\/nova\/dom-zdravlja-domaljevac-samac\/\">Read more &raquo;<\/a><\/p>\n","protected":false},"author":1,"featured_media":0,"parent":0,"menu_order":0,"comment_status":"closed","ping_status":"closed","template":"","meta":{"footnotes":""},"class_list":["post-268","page","type-page","status-publish","hentry"],"_links":{"self":[{"href":"https:\/\/domaljevac.ba\/nova\/wp-json\/wp\/v2\/pages\/268","targetHints":{"allow":["GET"]}}],"collection":[{"href":"https:\/\/domaljevac.ba\/nova\/wp-json\/wp\/v2\/pages"}],"about":[{"href":"https:\/\/domaljevac.ba\/nova\/wp-json\/wp\/v2\/types\/page"}],"author":[{"embeddable":true,"href":"https:\/\/domaljevac.ba\/nova\/wp-json\/wp\/v2\/users\/1"}],"replies":[{"embeddable":true,"href":"https:\/\/domaljevac.ba\/nova\/wp-json\/wp\/v2\/comments?post=268"}],"version-history":[{"count":1,"href":"https:\/\/domaljevac.ba\/nova\/wp-json\/wp\/v2\/pages\/268\/revisions"}],"predecessor-version":[{"id":270,"href":"https:\/\/domaljevac.ba\/nova\/wp-json\/wp\/v2\/pages\/268\/revisions\/270"}],"wp:attachment":[{"href":"https:\/\/domaljevac.ba\/nova\/wp-json\/wp\/v2\/media?parent=268"}],"curies":[{"name":"wp","href":"https:\/\/api.w.org\/{rel}","templated":true}]}}