{"id":260,"date":"2017-10-30T07:02:52","date_gmt":"2017-10-30T06:02:52","guid":{"rendered":"http:\/\/domaljevac.ba\/nova\/?page_id=260"},"modified":"2017-10-30T07:03:08","modified_gmt":"2017-10-30T06:03:08","slug":"centar-za-socijalni-rad-domaljevac","status":"publish","type":"page","link":"https:\/\/domaljevac.ba\/nova\/javni-sektor\/centar-za-socijalni-rad-domaljevac\/","title":{"rendered":"Centar za socijalni rad Domaljevac"},"content":{"rendered":"<p>Centar za socijalni rad Domaljevac je registriran u Kantonalnom sudu \u00a0u Od\u017eaku\u00a0 dana 22.01.2004. godine sa sjedi\u0161tem u Domaljevcu, ul. Posavskih branitelja br. 148. Rje\u0161enjem Ministarstva zdravstva, rada i socijalne politike Centar je dana 13.02.2004. god. upisan u registar socijalnih ustanova \u017dupanije Posavske.<\/p>\n<p><strong>Misija<\/strong> Centra je vr\u0161enje djelatnosti i poslova od posebnog dru\u0161tvenog interesa usmjerenih na osiguravanje socijalne sigurnosti osoba i otklanjanje posljedica stanja socijalne potrebe.<\/p>\n<p><strong>Vizija<\/strong> Centra je da provodi mjere prevencije, osna\u017euje i pru\u017ea kvalitetu stru\u010dne podr\u0161ke pojedincu i obitelji prema individualnim potrebama korisnika, uz njegovo aktivno sudjelovanje, a u skladu s na\u010delom slobode, uz stalno podizanje standarda i dostupnosti, kontinuirano educiraju\u0107i i usavr\u0161avaju\u0107i stru\u010dne djelatnike.<\/p>\n<p><strong>Usluge centra<\/strong><\/p>\n<p>Centar\u00a0 za socijalni rad kao javna ustanova od posebnog dru\u0161tvenog zna\u010daja u obavljanju poslova socijalne za\u0161tite obavlja usluge:<\/p>\n<p>&#8211; socijalne, savjetodavne i dobrotvorne djelatnosti \u010dije se usluge pru\u017eaju pojedincima i obiteljima u njihovim domovima i na drugom mjestu, koje provodi vladin ili\u00a0 nevladin sektor,<br \/>\n&#8211; socijalne pomo\u0107 i nadzorni rad sa djecom i mlade\u017ei,<br \/>\n&#8211; u vezi sa usvajanjem i sprije\u010davanjem zlostavljanja djece i drugih osoba,<br \/>\n&#8211; osposobljavanje za \u017eivot i rad djece i odraslih osoba sa umanjenim psihofizi\u010dkim sposobnostima,<br \/>\n&#8211; dobi, samaca, bolesnih, \u017ertve nasilja, i drugo<br \/>\n&#8211; utvr\u0111ivanja prava na dodjelu socijalne pomo\u0107i osobama u stanju socijalne potrebe,<br \/>\n&#8211; za\u0161tite obitelji,<br \/>\n&#8211; skrbi za civilne \u017ertave rata,<br \/>\n&#8211; savjetovanja u vo\u0111enju ku\u0107nog prora\u010duna, savjetodavna pomo\u0107 o bra\u010dnim i obiteljskim problemima,<br \/>\n&#8211; zajednice i susjedstva,<br \/>\n&#8211; dnevne brige za djecu sa posebnim potrebama,<br \/>\n&#8211; dnevne brige za odrasle osobe sa posebnim potrebama,<br \/>\n&#8211; dnevne pomo\u0107 bolesnicima i ostalim socijalno ugro\u017eenim skupinama,<br \/>\n&#8211; ku\u0107ne njege i pomo\u0107 u ku\u0107i osobama koje nisu u stanju da se same o sebi staraju,<\/p>\n<p>Pored gore navedenih poslova Centar za socijalni rad\u00a0 obavlja\u00a0 i druge poslove kao \u0161to su:<\/p>\n<p>&#8211; izrada uvjerenja, suglasnosti, odobrenja, zaklju\u010daka,<br \/>\n&#8211; izrada izvje\u0161\u0107a, planova, te usmenih rasprava, obilazak smje\u0161tenih osoba, ali i osoba starije \u017eivotne dobi.<\/p>\n<p>Pojedinci ili obitelji koje su se na\u0161le u stanju socijalne potrebe ili neke druge vrste potrebe za stru\u010dnom pomo\u0107i od strane Centra za socijalni rad, i pojedinci ili obitelji koje su upu\u0107ene od strane drugih ustanova\/organizacija, mogu se obratiti Centru za socijalni rad izravnim dolaskom u Centar, ali isto tako terenskim posjetama od strane stru\u010dnih djelatnika Centra na podru\u010dju op\u0107ine Domaljevac, kao i telefonskim putem.<\/p>\n<p><strong>Kontakt:<br \/>\nCentar za socijalni rad Domaljevac<br \/>\nPosavskih branitelja 148<br \/>\n76233 Domaljevac<br \/>\nBosna i Hercegovina<br \/>\nTelefon: 031\/791-362<br \/>\nFax: 031\/792-006<\/strong><br \/>\n<strong>Email: <\/strong><a href=\"mailto:centar.socijalnirad@tel.net.ba\"><strong>centar.socijalnirad@tel.net.ba<\/strong><\/a><\/p>\n<p><img loading=\"lazy\" decoding=\"async\" class=\"alignnone size-full wp-image-357\" src=\"http:\/\/ov-domaljevac-samac.ba\/wp-content\/uploads\/2017\/02\/katarina-1.png\" alt=\"\" width=\"195\" height=\"220\" \/><\/p>\n<p>Ime i prezime: Katarina \u0160pionjak<br \/>\nDatum ro\u0111enja: 05.05.1988.<br \/>\nStru\u010dna sprema: magistar ekonomije<br \/>\nFunkcija: v.d. ravnatelja<\/p>\n<p><img loading=\"lazy\" decoding=\"async\" class=\"alignnone size-full wp-image-353\" src=\"http:\/\/ov-domaljevac-samac.ba\/wp-content\/uploads\/2017\/02\/alen.png\" alt=\"\" width=\"195\" height=\"220\" \/><\/p>\n<p>Ime i prezime: Alen \u0106o\u0161kovi\u0107<br \/>\nDatum ro\u0111enja: 06.11.1981.<br \/>\nStru\u010dna sprema: prvostupnik socijalnog rada<br \/>\nFunkcija: stru\u010dni djelatnik-socijalni radnik<\/p>\n<p style=\"text-align: left;\"><img loading=\"lazy\" decoding=\"async\" class=\"alignnone size-full wp-image-355\" src=\"http:\/\/ov-domaljevac-samac.ba\/wp-content\/uploads\/2017\/02\/Nada.png\" alt=\"\" width=\"195\" height=\"220\" \/><\/p>\n<p>Ime i prezime: Nada Vlahovi\u0107<br \/>\nDatum ro\u0111enja: 14.05.1963.<br \/>\nStru\u010dna sprema: SSS<br \/>\nFunkcija: administrativno tehni\u010dki referent<\/p>\n","protected":false},"excerpt":{"rendered":"<p>Centar za socijalni rad Domaljevac je registriran u Kantonalnom sudu \u00a0u Od\u017eaku\u00a0 dana 22.01.2004. godine sa sjedi\u0161tem u Domaljevcu, ul. Posavskih branitelja br. 148. Rje\u0161enjem Ministarstva zdravstva, rada i socijalne&#8230; <a class=\"read-more-link\" href=\"https:\/\/domaljevac.ba\/nova\/javni-sektor\/centar-za-socijalni-rad-domaljevac\/\">Read more &raquo;<\/a><\/p>\n","protected":false},"author":1,"featured_media":0,"parent":257,"menu_order":0,"comment_status":"closed","ping_status":"closed","template":"","meta":{"footnotes":""},"class_list":["post-260","page","type-page","status-publish","hentry"],"_links":{"self":[{"href":"https:\/\/domaljevac.ba\/nova\/wp-json\/wp\/v2\/pages\/260","targetHints":{"allow":["GET"]}}],"collection":[{"href":"https:\/\/domaljevac.ba\/nova\/wp-json\/wp\/v2\/pages"}],"about":[{"href":"https:\/\/domaljevac.ba\/nova\/wp-json\/wp\/v2\/types\/page"}],"author":[{"embeddable":true,"href":"https:\/\/domaljevac.ba\/nova\/wp-json\/wp\/v2\/users\/1"}],"replies":[{"embeddable":true,"href":"https:\/\/domaljevac.ba\/nova\/wp-json\/wp\/v2\/comments?post=260"}],"version-history":[{"count":1,"href":"https:\/\/domaljevac.ba\/nova\/wp-json\/wp\/v2\/pages\/260\/revisions"}],"predecessor-version":[{"id":262,"href":"https:\/\/domaljevac.ba\/nova\/wp-json\/wp\/v2\/pages\/260\/revisions\/262"}],"up":[{"embeddable":true,"href":"https:\/\/domaljevac.ba\/nova\/wp-json\/wp\/v2\/pages\/257"}],"wp:attachment":[{"href":"https:\/\/domaljevac.ba\/nova\/wp-json\/wp\/v2\/media?parent=260"}],"curies":[{"name":"wp","href":"https:\/\/api.w.org\/{rel}","templated":true}]}}