{"id":257,"date":"2017-10-30T07:02:04","date_gmt":"2017-10-30T06:02:04","guid":{"rendered":"http:\/\/domaljevac.ba\/nova\/?page_id=257"},"modified":"2017-10-30T07:02:04","modified_gmt":"2017-10-30T06:02:04","slug":"javni-sektor","status":"publish","type":"page","link":"https:\/\/domaljevac.ba\/nova\/javni-sektor\/","title":{"rendered":"Javni sektor"},"content":{"rendered":"<p><a href=\"http:\/\/ov-domaljevac-samac.ba\/javni-sektor\/samostalna-sluzba-za-komunalne-djelatnosti-opcine-domaljevac\/\">&#8211; Komunalna slu\u017eba<\/a><\/p>\n<p><a href=\"http:\/\/ov-domaljevac-samac.ba\/javni-sektor\/centar-za-socijalni-rad-domaljevac\/\">&#8211; Centar za Socijalni rad Domaljevac<\/a><\/p>\n<p><a href=\"http:\/\/ov-domaljevac-samac.ba\/javni-sektor\/djecji-vrtic-domaljevac\/\">&#8211; Dje\u010dji vrti\u0107 Domaljevac<\/a><\/p>\n<p><a href=\"http:\/\/ov-domaljevac-samac.ba\/javni-sektor\/osnovna-skola-brace-radica-domaljevac\/\">&#8211; Osnovna \u0160kola Bra\u0107e Radi\u0107a Domaljevac<\/a><\/p>\n<p><a href=\"http:\/\/ov-domaljevac-samac.ba\/javni-sektor\/dom-zdravlja-domaljevac-samac\/\">&#8211; Dom Zdravlja Op\u0107ina Domaljevac-\u0160amac<\/a><\/p>\n","protected":false},"excerpt":{"rendered":"<p>&#8211; Komunalna slu\u017eba &#8211; Centar za Socijalni rad Domaljevac &#8211; Dje\u010dji vrti\u0107 Domaljevac &#8211; Osnovna \u0160kola Bra\u0107e Radi\u0107a Domaljevac &#8211; Dom Zdravlja Op\u0107ina Domaljevac-\u0160amac<\/p>\n","protected":false},"author":1,"featured_media":0,"parent":0,"menu_order":0,"comment_status":"closed","ping_status":"closed","template":"","meta":{"footnotes":""},"class_list":["post-257","page","type-page","status-publish","hentry"],"_links":{"self":[{"href":"https:\/\/domaljevac.ba\/nova\/wp-json\/wp\/v2\/pages\/257","targetHints":{"allow":["GET"]}}],"collection":[{"href":"https:\/\/domaljevac.ba\/nova\/wp-json\/wp\/v2\/pages"}],"about":[{"href":"https:\/\/domaljevac.ba\/nova\/wp-json\/wp\/v2\/types\/page"}],"author":[{"embeddable":true,"href":"https:\/\/domaljevac.ba\/nova\/wp-json\/wp\/v2\/users\/1"}],"replies":[{"embeddable":true,"href":"https:\/\/domaljevac.ba\/nova\/wp-json\/wp\/v2\/comments?post=257"}],"version-history":[{"count":1,"href":"https:\/\/domaljevac.ba\/nova\/wp-json\/wp\/v2\/pages\/257\/revisions"}],"predecessor-version":[{"id":259,"href":"https:\/\/domaljevac.ba\/nova\/wp-json\/wp\/v2\/pages\/257\/revisions\/259"}],"wp:attachment":[{"href":"https:\/\/domaljevac.ba\/nova\/wp-json\/wp\/v2\/media?parent=257"}],"curies":[{"name":"wp","href":"https:\/\/api.w.org\/{rel}","templated":true}]}}