{"id":251,"date":"2017-10-30T06:56:21","date_gmt":"2017-10-30T05:56:21","guid":{"rendered":"http:\/\/domaljevac.ba\/nova\/?page_id=251"},"modified":"2017-10-30T06:56:28","modified_gmt":"2017-10-30T05:56:28","slug":"proracun","status":"publish","type":"page","link":"https:\/\/domaljevac.ba\/nova\/proracun\/","title":{"rendered":"Prora\u010dun"},"content":{"rendered":"<p><a href=\"http:\/\/ov-domaljevac-samac.ba\/wp-content\/uploads\/2017\/02\/PRORACUN-2017.2usvojen-1.pdf\">PRORA\u010cUN 2017.g.<\/a><\/p>\n<p><a href=\"http:\/\/ov-domaljevac-samac.ba\/wp-content\/uploads\/2017\/02\/Odluka-o-izvrsavanju-Proracuna-2017.godina-1.pdf\">ODLUKA O IZVR\u0160AVANJU PRORA\u010cUNA 2017.g.<\/a><\/p>\n<p>&nbsp;<\/p>\n","protected":false},"excerpt":{"rendered":"<p>PRORA\u010cUN 2017.g. ODLUKA O IZVR\u0160AVANJU PRORA\u010cUNA 2017.g. &nbsp;<\/p>\n","protected":false},"author":1,"featured_media":0,"parent":0,"menu_order":0,"comment_status":"closed","ping_status":"closed","template":"","meta":{"footnotes":""},"class_list":["post-251","page","type-page","status-publish","hentry"],"_links":{"self":[{"href":"https:\/\/domaljevac.ba\/nova\/wp-json\/wp\/v2\/pages\/251","targetHints":{"allow":["GET"]}}],"collection":[{"href":"https:\/\/domaljevac.ba\/nova\/wp-json\/wp\/v2\/pages"}],"about":[{"href":"https:\/\/domaljevac.ba\/nova\/wp-json\/wp\/v2\/types\/page"}],"author":[{"embeddable":true,"href":"https:\/\/domaljevac.ba\/nova\/wp-json\/wp\/v2\/users\/1"}],"replies":[{"embeddable":true,"href":"https:\/\/domaljevac.ba\/nova\/wp-json\/wp\/v2\/comments?post=251"}],"version-history":[{"count":1,"href":"https:\/\/domaljevac.ba\/nova\/wp-json\/wp\/v2\/pages\/251\/revisions"}],"predecessor-version":[{"id":253,"href":"https:\/\/domaljevac.ba\/nova\/wp-json\/wp\/v2\/pages\/251\/revisions\/253"}],"wp:attachment":[{"href":"https:\/\/domaljevac.ba\/nova\/wp-json\/wp\/v2\/media?parent=251"}],"curies":[{"name":"wp","href":"https:\/\/api.w.org\/{rel}","templated":true}]}}