{"id":25,"date":"2017-06-27T00:31:54","date_gmt":"2017-06-26T22:31:54","guid":{"rendered":"http:\/\/domaljevac.ba\/nova\/?page_id=25"},"modified":"2017-10-30T01:47:14","modified_gmt":"2017-10-30T00:47:14","slug":"podaci-o-opcini","status":"publish","type":"page","link":"https:\/\/domaljevac.ba\/nova\/podaci-o-opcini\/","title":{"rendered":"Podaci o Op\u0107ini"},"content":{"rendered":"<p>Op\u0107ina Domaljevac (Domaljevac-\u0160amac) utemeljena je 1998. godine. Nalazi se u sredi\u0161njem dijelu \u017dupanije Posavske izme\u0111u op\u0107ine Ora\u0161je\u00a0 na istoku i op\u0107ine Od\u017eak na zapadu. Na 41.7 Km<sup>2<\/sup> \u017eivi oko 7000 stanovnika u naseljenim mjestima : Domaljevac, Bazik, Grebnice, Brvnik i Tursinovac.<\/p>\n<p>Op\u0107insko sredi\u0161te Domaljevac je i sjedi\u0161te zakonodavne vlasti \u017dupanije Posavske. Podru\u010dje op\u0107ine le\u017ei na prosje\u010dnoj nadmorskoj visini od 85 m i vodom je vrlo bogato podru\u010dje s rije\u010dnom granicom prema susjednoj Hrvatskoj od skoro 25 km. Op\u0107ina osim niza komparativnih prednosti kao \u0161to su izvrstan geoprometni polo\u017eaj (grani\u010dni prijelaz Bosanski \u0160amac su &#8221;vrata Bosne&#8221;), zdrav okoli\u0161, termalni izvori, proizvodnja zdrave hrane, ima i posebno bogatstvo: vrijedne, ponosne i izuzetno poduzetne gra\u0111ane.<\/p>\n<p>Gra\u0111ani su najve\u0107e i najvrijednije bogatstvo domaljeva\u010dke op\u0107ine. To je snaga koja je op\u0107inu Domaljevac u\u010dinila prepoznatljivom izvan granica \u017dupanije Posavske i same domovine. Slobodan poduzetni\u010dki duh potaknut partnerstvom privatnog sektora i op\u0107inske uprave u\u010dinili su od domaljeva\u010dke op\u0107ine samoodr\u017eiv mehanizam i primjer kojemu te\u017ee mnoge sredine.<\/p>\n<p style=\"text-align: center;\"><img loading=\"lazy\" decoding=\"async\" class=\"alignnone size-full wp-image-27\" src=\"https:\/\/domaljevac.ba\/nova\/wp-content\/uploads\/2017\/06\/Karta-Domaljevac.jpg\" alt=\"\" width=\"400\" height=\"350\" \/><img loading=\"lazy\" decoding=\"async\" class=\"alignnone size-full wp-image-190\" src=\"https:\/\/domaljevac.ba\/nova\/wp-content\/uploads\/2017\/06\/karta_domaljevac-samac_001.jpg\" alt=\"\" width=\"504\" height=\"470\" srcset=\"https:\/\/domaljevac.ba\/nova\/wp-content\/uploads\/2017\/06\/karta_domaljevac-samac_001.jpg 504w, https:\/\/domaljevac.ba\/nova\/wp-content\/uploads\/2017\/06\/karta_domaljevac-samac_001-300x280.jpg 300w\" sizes=\"auto, (max-width: 504px) 100vw, 504px\" \/><\/p>\n","protected":false},"excerpt":{"rendered":"<p>Op\u0107ina Domaljevac (Domaljevac-\u0160amac) utemeljena je 1998. godine. Nalazi se u sredi\u0161njem dijelu \u017dupanije Posavske izme\u0111u op\u0107ine Ora\u0161je\u00a0 na istoku i op\u0107ine Od\u017eak na zapadu. Na 41.7 Km2 \u017eivi oko 7000&#8230; <a class=\"read-more-link\" href=\"https:\/\/domaljevac.ba\/nova\/podaci-o-opcini\/\">Read more &raquo;<\/a><\/p>\n","protected":false},"author":1,"featured_media":0,"parent":0,"menu_order":0,"comment_status":"closed","ping_status":"closed","template":"","meta":{"footnotes":""},"class_list":["post-25","page","type-page","status-publish","hentry"],"_links":{"self":[{"href":"https:\/\/domaljevac.ba\/nova\/wp-json\/wp\/v2\/pages\/25","targetHints":{"allow":["GET"]}}],"collection":[{"href":"https:\/\/domaljevac.ba\/nova\/wp-json\/wp\/v2\/pages"}],"about":[{"href":"https:\/\/domaljevac.ba\/nova\/wp-json\/wp\/v2\/types\/page"}],"author":[{"embeddable":true,"href":"https:\/\/domaljevac.ba\/nova\/wp-json\/wp\/v2\/users\/1"}],"replies":[{"embeddable":true,"href":"https:\/\/domaljevac.ba\/nova\/wp-json\/wp\/v2\/comments?post=25"}],"version-history":[{"count":2,"href":"https:\/\/domaljevac.ba\/nova\/wp-json\/wp\/v2\/pages\/25\/revisions"}],"predecessor-version":[{"id":191,"href":"https:\/\/domaljevac.ba\/nova\/wp-json\/wp\/v2\/pages\/25\/revisions\/191"}],"wp:attachment":[{"href":"https:\/\/domaljevac.ba\/nova\/wp-json\/wp\/v2\/media?parent=25"}],"curies":[{"name":"wp","href":"https:\/\/api.w.org\/{rel}","templated":true}]}}