{"id":248,"date":"2017-10-30T06:55:45","date_gmt":"2017-10-30T05:55:45","guid":{"rendered":"http:\/\/domaljevac.ba\/nova\/?page_id=248"},"modified":"2018-09-04T13:53:54","modified_gmt":"2018-09-04T11:53:54","slug":"poslovnik-o-radu-ov-a","status":"publish","type":"page","link":"https:\/\/domaljevac.ba\/nova\/poslovnik-o-radu-ov-a\/","title":{"rendered":"POSLOVNIK O RADU OV-A"},"content":{"rendered":"<p><a href=\"https:\/\/domaljevac.ba\/nova\/wp-content\/uploads\/2018\/09\/POSLOVNIK-O-RADU-OP\u0106INSKOG-VIJE\u0106A-OP\u0106INE-DOMALJEVAC-\u0160AMAC.pdf\">POSLOVNIK O RADU OV-A<\/a><\/p>\n<p>&nbsp;<\/p>\n<p>&nbsp;<\/p>\n","protected":false},"excerpt":{"rendered":"<p>POSLOVNIK O RADU OV-A &nbsp; &nbsp;<\/p>\n","protected":false},"author":1,"featured_media":0,"parent":0,"menu_order":0,"comment_status":"closed","ping_status":"closed","template":"","meta":{"footnotes":""},"class_list":["post-248","page","type-page","status-publish","hentry"],"_links":{"self":[{"href":"https:\/\/domaljevac.ba\/nova\/wp-json\/wp\/v2\/pages\/248","targetHints":{"allow":["GET"]}}],"collection":[{"href":"https:\/\/domaljevac.ba\/nova\/wp-json\/wp\/v2\/pages"}],"about":[{"href":"https:\/\/domaljevac.ba\/nova\/wp-json\/wp\/v2\/types\/page"}],"author":[{"embeddable":true,"href":"https:\/\/domaljevac.ba\/nova\/wp-json\/wp\/v2\/users\/1"}],"replies":[{"embeddable":true,"href":"https:\/\/domaljevac.ba\/nova\/wp-json\/wp\/v2\/comments?post=248"}],"version-history":[{"count":4,"href":"https:\/\/domaljevac.ba\/nova\/wp-json\/wp\/v2\/pages\/248\/revisions"}],"predecessor-version":[{"id":373,"href":"https:\/\/domaljevac.ba\/nova\/wp-json\/wp\/v2\/pages\/248\/revisions\/373"}],"wp:attachment":[{"href":"https:\/\/domaljevac.ba\/nova\/wp-json\/wp\/v2\/media?parent=248"}],"curies":[{"name":"wp","href":"https:\/\/api.w.org\/{rel}","templated":true}]}}