{"id":236,"date":"2017-10-30T06:50:34","date_gmt":"2017-10-30T05:50:34","guid":{"rendered":"http:\/\/domaljevac.ba\/nova\/?page_id=236"},"modified":"2017-10-30T06:51:44","modified_gmt":"2017-10-30T05:51:44","slug":"samostalna-sluzba-za-komunalne-djelatnosti-opcine-domaljevac","status":"publish","type":"page","link":"https:\/\/domaljevac.ba\/nova\/samostalna-sluzba-za-komunalne-djelatnosti-opcine-domaljevac\/","title":{"rendered":"Samostalna slu\u017eba za komunalne djelatnosti op\u0107ine Domaljevac"},"content":{"rendered":"<p>Odlukom Op\u0107inskog vije\u0107a Domaljevac-\u0160amac 14. 05. 2013. godine utemeljena je samostalna op\u0107inska slu\u017eba za komunalne djelatnosti op\u0107ine Domaljevac.<\/p>\n<p>Slu\u017eba obavlja sljede\u0107e poslove iz oblasti komunalnih djelatnosti:<\/p>\n<p>1.\u00a0\u00a0\u00a0\u00a0 skupljanje i odlaganje komunalnog otpada,<\/p>\n<p>2.\u00a0\u00a0\u00a0\u00a0 odr\u017eavanje \u010disto\u0107e,<\/p>\n<p>3.\u00a0\u00a0\u00a0\u00a0 odr\u017eavanje javnih povr\u0161ina,<\/p>\n<p>4.\u00a0\u00a0\u00a0\u00a0 odr\u017eavanje nerazvrstanih cesta,<\/p>\n<p>5.\u00a0\u00a0\u00a0\u00a0 odr\u017eavanje javne rasvjete,<\/p>\n<p>6.\u00a0\u00a0\u00a0\u00a0 odr\u017eavanje tr\u017enice na veliko i malo,<\/p>\n<p>7.\u00a0\u00a0\u00a0\u00a0 odr\u017eavanje groblja i obavljanje pogrebnih poslova,<\/p>\n<p>8.\u00a0\u00a0\u00a0\u00a0 zimsko odr\u017eavanje lokalnih cesta.<\/p>\n<p>Slu\u017eba je smje\u0161tena u Domaljevcu u ulici Sv. Ane 102.<\/p>\n<p>&nbsp;<\/p>\n<p>Osnovni podaci o djelatnicima:<\/p>\n<p><img loading=\"lazy\" decoding=\"async\" class=\"alignnone size-medium wp-image-649\" src=\"http:\/\/ov-domaljevac-samac.ba\/wp-content\/uploads\/2017\/02\/image-0-02-05-ecb26a573dd665b23a18f2c69dfb9ae8e2a4fb01604a6a430af2f1ccf502b1aa-V-1-169x300.jpg\" alt=\"\" width=\"169\" height=\"300\" \/><\/p>\n<p>Ime i prezime: \u0160imo Leovac<br \/>\nRo\u0111en: 21.08.1965.godine.<br \/>\nMjesto prebivali\u0161ta: Domaljevac<br \/>\nStru\u010dna sprema: SSS<br \/>\nRadno mjesto: upravitelj samostalne slu\u017ebe za komunalne djelatnosti.<\/p>\n<p>&nbsp;<\/p>\n<p><img loading=\"lazy\" decoding=\"async\" class=\"alignnone size-thumbnail wp-image-554\" src=\"http:\/\/ov-domaljevac-samac.ba\/wp-content\/uploads\/2017\/02\/image-0-02-05-05348330107632f1c8b4f1309d885f8d3ce8a7df4afb8a6d2aeace6bf83c1152-V-150x150.jpg\" alt=\"\" width=\"150\" height=\"150\" \/><\/p>\n<p>Ime i prezime: Luca Leovac<br \/>\nRo\u0111ena: 05.05.1960.godine.<br \/>\nMjesto prebivali\u0161ta: Domaljevac<br \/>\nStru\u010dna sprema: SSS, IV. stupanj ekonomski tehni\u010dar<br \/>\nRadno mjesto: radnica za obra\u010dun komunalnih naknada i usluga i obavljanja blagajni\u010dkih poslova.<\/p>\n<p>&nbsp;<\/p>\n<p><img loading=\"lazy\" decoding=\"async\" class=\"alignnone size-thumbnail wp-image-128\" src=\"http:\/\/ov-domaljevac-samac.ba\/wp-content\/uploads\/2017\/02\/10.-\u0110uro-Peri\u0161i\u0107-150x150.jpg\" alt=\"\" width=\"150\" height=\"150\" \/><\/p>\n<p>Ime i prezime: \u0110uro Peri\u0161i\u0107<br \/>\nRo\u0111en: 02.11.1984.godine.<br \/>\nMjesto prebivali\u0161ta: Domaljevac<br \/>\nStru\u010dna sprema: SSS, trgovac<br \/>\nRadno mjesto: komunalni radnik-voza\u010d radnih strojeva.<\/p>\n<p>&nbsp;<\/p>\n<p><img loading=\"lazy\" decoding=\"async\" class=\"alignnone size-medium wp-image-556\" src=\"http:\/\/ov-domaljevac-samac.ba\/wp-content\/uploads\/2017\/02\/image-0-02-05-44095cec24f3389b47e1367bf647a663322e60bffd6d63ae2d490456c82d89c3-V-169x300.jpg\" alt=\"\" width=\"169\" height=\"300\" \/><\/p>\n<p>Ime i prezime: Slaven Bjelanovi\u0107<br \/>\nRo\u0111en: 17.06.1994.godine.<br \/>\nMjesto prebivali\u0161ta: Domaljevac<br \/>\nStru\u010dna sprema: SSS, IV. stupanj tehni\u010dar drumskog saobra\u0107aja<br \/>\nRadno mjesto: komunalni radnik-voza\u010d radnih strojeva.<\/p>\n<p>&nbsp;<\/p>\n<p><img loading=\"lazy\" decoding=\"async\" class=\"alignnone size-medium wp-image-536\" src=\"http:\/\/ov-domaljevac-samac.ba\/wp-content\/uploads\/2017\/02\/image-0-02-05-7184466ee65aac1deac9badd2d7c25c9365684f2d342c36a26d0fb7c4ce9643e-V-169x300.jpg\" alt=\"\" width=\"169\" height=\"300\" \/><\/p>\n<p>Ime i prezime: \u0110uro \u0110uki\u0107<br \/>\nRo\u0111en: 22.03.1996.godine.<br \/>\nMjesto prebivali\u0161ta: Domaljevac<br \/>\nStru\u010dna sprema: SSS, automehani\u010dar<br \/>\nRadno mjesto: komunalni radnik-voza\u010d radnih strojeva.<\/p>\n<p>&nbsp;<\/p>\n<p><img loading=\"lazy\" decoding=\"async\" class=\"alignnone size-medium wp-image-537\" src=\"http:\/\/ov-domaljevac-samac.ba\/wp-content\/uploads\/2017\/02\/image-0-02-05-4dd36f5fb2cd36bb6e07664bae7e84490c03ca904c7b850a148bb83d5d52b09f-V-169x300.jpg\" alt=\"\" width=\"169\" height=\"300\" \/><\/p>\n<p>Ime i prezime: Ivica \u0110uki\u0107<br \/>\nRo\u0111en: 07.08.1985.godine.<br \/>\nMjesto prebivali\u0161ta: Domaljevac<br \/>\nStru\u010dna sprema: O\u0160<br \/>\nRadno mjesto: komunalni radnik.<\/p>\n<p>&nbsp;<\/p>\n<p><img loading=\"lazy\" decoding=\"async\" class=\"alignnone size-medium wp-image-650\" src=\"http:\/\/ov-domaljevac-samac.ba\/wp-content\/uploads\/2017\/02\/image-0-02-05-8cd02dac8e6eee8a86ed5147ebb7fc4dbf1b3b191841874b6e47015f80ab3ada-V-1-169x300.jpg\" alt=\"\" width=\"169\" height=\"300\" \/><\/p>\n<p>Ime i prezime: Anto Tunji\u0107<br \/>\nRo\u0111en: 16.05.1966.godine.<br \/>\nMjesto prebivali\u0161ta: Grebnice<br \/>\nStru\u010dna sprema: O\u0160<br \/>\nRadno mjesto: komunalni radnik.<\/p>\n<p>&nbsp;<\/p>\n<p><img loading=\"lazy\" decoding=\"async\" class=\"alignnone wp-image-651\" src=\"http:\/\/ov-domaljevac-samac.ba\/wp-content\/uploads\/2017\/02\/image-0-02-05-e01de181579f506788c8b902250bdad177de3193bb9d7578bde33831b9a5da94-V-1-169x300.jpg\" width=\"169\" height=\"300\" \/><\/p>\n<p>Ime i prezime: Mladen Mad\u017earevi\u0107<br \/>\nRo\u0111en: 27.03.1982.godine.<br \/>\nMjesto prebivali\u0161ta: Domaljevac<br \/>\nStru\u010dna sprema: O\u0160<br \/>\nRadno mjesto: komunalni radnik.<\/p>\n","protected":false},"excerpt":{"rendered":"<p>Odlukom Op\u0107inskog vije\u0107a Domaljevac-\u0160amac 14. 05. 2013. godine utemeljena je samostalna op\u0107inska slu\u017eba za komunalne djelatnosti op\u0107ine Domaljevac. Slu\u017eba obavlja sljede\u0107e poslove iz oblasti komunalnih djelatnosti: 1.\u00a0\u00a0\u00a0\u00a0 skupljanje i odlaganje&#8230; <a class=\"read-more-link\" href=\"https:\/\/domaljevac.ba\/nova\/samostalna-sluzba-za-komunalne-djelatnosti-opcine-domaljevac\/\">Read more &raquo;<\/a><\/p>\n","protected":false},"author":1,"featured_media":0,"parent":0,"menu_order":0,"comment_status":"closed","ping_status":"closed","template":"","meta":{"footnotes":""},"class_list":["post-236","page","type-page","status-publish","hentry"],"_links":{"self":[{"href":"https:\/\/domaljevac.ba\/nova\/wp-json\/wp\/v2\/pages\/236","targetHints":{"allow":["GET"]}}],"collection":[{"href":"https:\/\/domaljevac.ba\/nova\/wp-json\/wp\/v2\/pages"}],"about":[{"href":"https:\/\/domaljevac.ba\/nova\/wp-json\/wp\/v2\/types\/page"}],"author":[{"embeddable":true,"href":"https:\/\/domaljevac.ba\/nova\/wp-json\/wp\/v2\/users\/1"}],"replies":[{"embeddable":true,"href":"https:\/\/domaljevac.ba\/nova\/wp-json\/wp\/v2\/comments?post=236"}],"version-history":[{"count":1,"href":"https:\/\/domaljevac.ba\/nova\/wp-json\/wp\/v2\/pages\/236\/revisions"}],"predecessor-version":[{"id":238,"href":"https:\/\/domaljevac.ba\/nova\/wp-json\/wp\/v2\/pages\/236\/revisions\/238"}],"wp:attachment":[{"href":"https:\/\/domaljevac.ba\/nova\/wp-json\/wp\/v2\/media?parent=236"}],"curies":[{"name":"wp","href":"https:\/\/api.w.org\/{rel}","templated":true}]}}