{"id":227,"date":"2017-10-30T06:44:35","date_gmt":"2017-10-30T05:44:35","guid":{"rendered":"http:\/\/domaljevac.ba\/nova\/?page_id=227"},"modified":"2017-10-30T06:44:35","modified_gmt":"2017-10-30T05:44:35","slug":"sluzba-za-pravne-poslove-urbanizam-i-katastar","status":"publish","type":"page","link":"https:\/\/domaljevac.ba\/nova\/sluzba-za-pravne-poslove-urbanizam-i-katastar\/","title":{"rendered":"Slu\u017eba za pravne poslove, urbanizam i katastar"},"content":{"rendered":"<p>Slu\u017eba za pravne poslove, urbanizam i katastar\u00a0nadle\u017ena je za slijede\u0107e poslove:<\/p>\n<p>&#8211;\u00a0\u00a0\u00a0 op\u0107a uprava<br \/>\n&#8211;\u00a0\u00a0\u00a0 zajedni\u010dki poslovi<br \/>\n&#8211;\u00a0\u00a0\u00a0 normativno-pravni poslovi op\u0107inske uprave<br \/>\n&#8211;\u00a0\u00a0\u00a0 normativno-pravni, stru\u010dni i administrativni poslovi Op\u0107inskog Vije\u0107a<br \/>\n&#8211;\u00a0\u00a0\u00a0 rad i radni odnosi<br \/>\n&#8211;\u00a0\u00a0\u00a0 upravljanje kadrovskim resursima<br \/>\n&#8211;\u00a0\u00a0\u00a0 odr\u017eavanje op\u0107inske imovine<br \/>\n&#8211;\u00a0\u00a0\u00a0 poslovi ekonomata<br \/>\n&#8211;\u00a0\u00a0\u00a0 mati\u010dne evidencije<br \/>\n&#8211;\u00a0\u00a0\u00a0 prostorno ure\u0111enje i graditeljstvo<br \/>\n&#8211;\u00a0\u00a0\u00a0 imovinsko pravni poslovi<br \/>\n&#8211;\u00a0\u00a0\u00a0 katastar zemlji\u0161ta\/nekretnina<br \/>\n&#8211;\u00a0\u00a0\u00a0 komunalno ure\u0111enje<br \/>\n&#8211;\u00a0\u00a0\u00a0 komunalne djelatnosti<br \/>\n&#8211;\u00a0\u00a0\u00a0 komunalno-gra\u0111evinski inspekcijski nadzor<br \/>\n&#8211;\u00a0\u00a0\u00a0 ostali poslovi koje odredi op\u0107inski na\u010delnik<\/p>\n<p>OSNOVNI PODACI O DJELATNICIMA<\/p>\n<p><img loading=\"lazy\" decoding=\"async\" class=\"alignnone size-full wp-image-397\" src=\"http:\/\/ov-domaljevac-samac.ba\/wp-content\/uploads\/2017\/02\/mario-1.png\" alt=\"\" width=\"195\" height=\"220\" \/><\/p>\n<p>&#8211;\u00a0\u00a0\u00a0 Ime i prezime: Mario \u0106o\u0161kovi\u0107<br \/>\n&#8211;\u00a0\u00a0\u00a0 Ro\u0111en: 26.07.1988. godine u Br\u010dko<br \/>\n&#8211;\u00a0\u00a0\u00a0 Mjesto prebivali\u0161ta: Domaljevac<br \/>\n&#8211;\u00a0\u00a0\u00a0 Stru\u010dna sprema: magistar prava<br \/>\n&#8211;\u00a0\u00a0\u00a0 Radni odnos u Op\u0107ini Domaljevac-\u0160amac<br \/>\nzasnovao 01.03.2016. godine<br \/>\n&#8211;\u00a0\u00a0\u00a0 Radno mjesto: Stru\u010dni suradnik za imovinsko-pravne poslove<\/p>\n<p><img loading=\"lazy\" decoding=\"async\" class=\"alignnone size-full wp-image-303\" src=\"http:\/\/ov-domaljevac-samac.ba\/wp-content\/uploads\/2017\/02\/Vladimir_Koturic.png\" alt=\"\" width=\"195\" height=\"220\" \/><\/p>\n<p>&#8211;\u00a0\u00a0\u00a0 Ime i prezime: Vladimir Koturi\u0107<br \/>\n&#8211;\u00a0\u00a0\u00a0 Ro\u0111en: 20.07.1964. godine u Domaljevcu<br \/>\n&#8211;\u00a0\u00a0\u00a0 Mjesto prebivali\u0161ta: Domaljevac<br \/>\n&#8211;\u00a0\u00a0\u00a0 Stru\u010dna sprema: SSS, IV stupanj,<br \/>\nsrojarski tehni\u010dar<br \/>\n&#8211;\u00a0\u00a0\u00a0 Radni odnos u Op\u0107ini Domaljevac-\u0160amac<br \/>\nzasnovao 01.01.1994. godine<br \/>\n&#8211;\u00a0\u00a0\u00a0 Radno mjesto: Mati\u010dar<\/p>\n<p>&nbsp;<\/p>\n<p><img loading=\"lazy\" decoding=\"async\" class=\"alignnone size-full wp-image-398\" src=\"http:\/\/ov-domaljevac-samac.ba\/wp-content\/uploads\/2017\/02\/suzan_letica.png\" alt=\"\" width=\"200\" height=\"232\" \/><\/p>\n<p>&nbsp;<\/p>\n<p>&#8211;\u00a0\u00a0\u00a0 Ime i prezime: Suzan Letica<br \/>\n&#8211;\u00a0\u00a0\u00a0 Ro\u0111en: 15.02.1986. godine u Br\u010dkom<br \/>\n&#8211;\u00a0\u00a0\u00a0 Mjesto prebivali\u0161ta: Domaljevac<br \/>\n&#8211;\u00a0\u00a0\u00a0 Stru\u010dna sprema: stru\u010dni pvostupnik javne uprave<br \/>\n&#8211;\u00a0\u00a0\u00a0 Radni odnos u Op\u0107ini Domaljevac-\u0160amac<br \/>\nzasnovao 01.01.2016. godine<br \/>\n&#8211;\u00a0\u00a0\u00a0 Radno mjesto: Vi\u0161i samostalni referent za upravne poslove katastra<\/p>\n<p><img loading=\"lazy\" decoding=\"async\" class=\"alignnone size-full wp-image-307\" src=\"http:\/\/ov-domaljevac-samac.ba\/wp-content\/uploads\/2017\/02\/Budimka.png\" alt=\"\" width=\"195\" height=\"220\" \/><\/p>\n<p>&#8211;\u00a0\u00a0\u00a0 Ime i prezime: Budimka Miki\u0107<br \/>\n&#8211;\u00a0\u00a0\u00a0 Ro\u0111ena: 08.09.1967. godine u Baziku<br \/>\n&#8211;\u00a0\u00a0\u00a0 Mjesto prebivali\u0161ta: Ora\u0161je<br \/>\n&#8211;\u00a0\u00a0\u00a0 Stru\u010dna sprema: VI\/1 stupanj, in\u017eenjer<br \/>\ngra\u0111evinarstva<br \/>\n&#8211;\u00a0\u00a0\u00a0 Radni odnos u Op\u0107ini Domaljevac-\u0160amac<br \/>\nzasnovala 01.04.1995. godine<br \/>\n&#8211;\u00a0\u00a0\u00a0 Radno mjesto: Vi\u0161i samostalni referent za urbanizam i obnovu<\/p>\n<p><img loading=\"lazy\" decoding=\"async\" class=\"alignnone size-full wp-image-321\" src=\"http:\/\/ov-domaljevac-samac.ba\/wp-content\/uploads\/2017\/02\/11393684_10204413117152028_8606326468817830496_o.png\" alt=\"\" width=\"195\" height=\"220\" \/><\/p>\n<p>&#8211;\u00a0\u00a0\u00a0 Ime i prezime: Vesna An\u0111i\u0107<br \/>\n&#8211;\u00a0\u00a0\u00a0 Ro\u0111en: 16.05.1986. godine u Grada\u010dcu<br \/>\n&#8211;\u00a0\u00a0\u00a0 Mjesto prebivali\u0161ta: Domaljevac<br \/>\n&#8211;\u00a0\u00a0\u00a0 Stru\u010dna sprema: bacc.admin.publ.<br \/>\n&#8211;\u00a0\u00a0\u00a0 Radni odnos u Op\u0107ini Domaljevac-\u0160amac<br \/>\nzasnovala 01.04.2013. godine<br \/>\n&#8211;\u00a0\u00a0\u00a0\u00a0Radno mjesto:\u00a0Stru\u010dni suradnik za poslove mati\u010dnog ureda<\/p>\n","protected":false},"excerpt":{"rendered":"<p>Slu\u017eba za pravne poslove, urbanizam i katastar\u00a0nadle\u017ena je za slijede\u0107e poslove: &#8211;\u00a0\u00a0\u00a0 op\u0107a uprava &#8211;\u00a0\u00a0\u00a0 zajedni\u010dki poslovi &#8211;\u00a0\u00a0\u00a0 normativno-pravni poslovi op\u0107inske uprave &#8211;\u00a0\u00a0\u00a0 normativno-pravni, stru\u010dni i administrativni poslovi Op\u0107inskog Vije\u0107a&#8230; <a class=\"read-more-link\" href=\"https:\/\/domaljevac.ba\/nova\/sluzba-za-pravne-poslove-urbanizam-i-katastar\/\">Read more &raquo;<\/a><\/p>\n","protected":false},"author":1,"featured_media":0,"parent":0,"menu_order":0,"comment_status":"closed","ping_status":"closed","template":"","meta":{"footnotes":""},"class_list":["post-227","page","type-page","status-publish","hentry"],"_links":{"self":[{"href":"https:\/\/domaljevac.ba\/nova\/wp-json\/wp\/v2\/pages\/227","targetHints":{"allow":["GET"]}}],"collection":[{"href":"https:\/\/domaljevac.ba\/nova\/wp-json\/wp\/v2\/pages"}],"about":[{"href":"https:\/\/domaljevac.ba\/nova\/wp-json\/wp\/v2\/types\/page"}],"author":[{"embeddable":true,"href":"https:\/\/domaljevac.ba\/nova\/wp-json\/wp\/v2\/users\/1"}],"replies":[{"embeddable":true,"href":"https:\/\/domaljevac.ba\/nova\/wp-json\/wp\/v2\/comments?post=227"}],"version-history":[{"count":1,"href":"https:\/\/domaljevac.ba\/nova\/wp-json\/wp\/v2\/pages\/227\/revisions"}],"predecessor-version":[{"id":229,"href":"https:\/\/domaljevac.ba\/nova\/wp-json\/wp\/v2\/pages\/227\/revisions\/229"}],"wp:attachment":[{"href":"https:\/\/domaljevac.ba\/nova\/wp-json\/wp\/v2\/media?parent=227"}],"curies":[{"name":"wp","href":"https:\/\/api.w.org\/{rel}","templated":true}]}}