{"id":211,"date":"2017-10-30T02:10:59","date_gmt":"2017-10-30T01:10:59","guid":{"rendered":"http:\/\/domaljevac.ba\/nova\/?page_id=211"},"modified":"2017-10-30T07:13:34","modified_gmt":"2017-10-30T06:13:34","slug":"sluzbe-za-financije-i-gospodarstvo","status":"publish","type":"page","link":"https:\/\/domaljevac.ba\/nova\/sluzbe-za-financije-i-gospodarstvo\/","title":{"rendered":"Slu\u017ebe za financije i gospodarstvo"},"content":{"rendered":"<p>Slu\u017eba za financije i gospodarstvo nadle\u017ena je za slijede\u0107e poslove:<\/p>\n<p>&#8211;\u00a0\u00a0\u00a0 ra\u010dunovodstvo op\u0107inskog prora\u010duna<br \/>\n&#8211;\u00a0\u00a0\u00a0 financijsko poslovanje<br \/>\n&#8211;\u00a0\u00a0\u00a0 platni promet<br \/>\n&#8211;\u00a0\u00a0\u00a0 izrada prora\u010duna op\u0107ine<br \/>\n&#8211;\u00a0\u00a0\u00a0 izrada periodi\u010dnih i godi\u0161njih financijskih izvje\u0161\u0107a<br \/>\n&#8211;\u00a0\u00a0\u00a0 izrada mjese\u010dnih izvje\u0161\u0107a i konsolidirane bilance<br \/>\n&#8211;\u00a0\u00a0\u00a0 pra\u0107enje i kontrola namjenskog kori\u0161tenja sredstava prora\u010duna<br \/>\n&#8211;\u00a0\u00a0\u00a0 pra\u0107enje i kontrola prikupljanja javnih prihoda<br \/>\n&#8211;\u00a0\u00a0\u00a0 kreiranje fiskalne politike op\u0107ine<br \/>\n&#8211;\u00a0\u00a0\u00a0 obra\u010dun osobnih dohodaka<br \/>\n&#8211;\u00a0\u00a0\u00a0 blagajni\u010dko poslovanje<br \/>\n&#8211;\u00a0\u00a0\u00a0 pra\u0107enje i izrada statisti\u010dkih pokazatelja<br \/>\n&#8211;\u00a0\u00a0\u00a0 interna kontrola<br \/>\n&#8211;\u00a0\u00a0\u00a0 gospodarstvo<br \/>\n&#8211;\u00a0\u00a0\u00a0 obrtni\u0161tvo<br \/>\n&#8211;\u00a0\u00a0\u00a0 poljoprivreda<br \/>\n&#8211;\u00a0\u00a0\u00a0 vodoprivreda<br \/>\n&#8211;\u00a0\u00a0\u00a0 \u0161umarstvo<br \/>\n&#8211;\u00a0\u00a0\u00a0 lokalni razvitak<br \/>\n&#8211;\u00a0\u00a0\u00a0 obnova<br \/>\n&#8211;\u00a0\u00a0\u00a0 povratak raseljenih osoba i izbjeglica<br \/>\n&#8211;\u00a0\u00a0\u00a0 ostali poslovi koje odredi op\u0107inski na\u010delnik<\/p>\n<p>OSNOVNI PODACI O DJELATNICIMA:<\/p>\n<p><img loading=\"lazy\" decoding=\"async\" class=\"alignnone size-full wp-image-317\" src=\"http:\/\/ov-domaljevac-samac.ba\/wp-content\/uploads\/2017\/02\/Mirko_Abramovic.png\" alt=\"\" width=\"195\" height=\"220\" \/><\/p>\n<p>&#8211; \u00a0 \u00a0Ime i prezime: Mirko Abramovi\u0107<br \/>\n&#8211;\u00a0\u00a0\u00a0 Ro\u0111en: 26.01.1959. godine u Bosanskom \u0160amcu<br \/>\n&#8211;\u00a0\u00a0\u00a0 Mjesto prebivali\u0161ta: Grebnice<br \/>\n&#8211;\u00a0\u00a0\u00a0 Stru\u010dna sprema: VSS, diplomirani ekonomist<br \/>\n&#8211;\u00a0\u00a0\u00a0 Radni odnos u Op\u0107ini Domaljevac-\u0160amac<br \/>\nzasnovao 01.04.1996. godine<br \/>\n&#8211;\u00a0\u00a0\u00a0 Radno mjesto: \u0160ef Slu\u017ebe za financije i<br \/>\ngospodarstvo<\/p>\n<p><img loading=\"lazy\" decoding=\"async\" class=\"alignnone size-full wp-image-311\" src=\"http:\/\/ov-domaljevac-samac.ba\/wp-content\/uploads\/2017\/02\/Kata_Vuckovic.png\" alt=\"\" width=\"195\" height=\"220\" \/><\/p>\n<p>&#8211;\u00a0\u00a0\u00a0 Ime i prezime: Kata Vu\u010dkovi\u0107<br \/>\n&#8211;\u00a0\u00a0\u00a0 Ro\u0111ena: 05.12.1961. godine u Gornjem Hasi\u0107u<br \/>\n&#8211;\u00a0\u00a0\u00a0 Mjesto prebivali\u0161ta: Domaljevac<br \/>\n&#8211;\u00a0\u00a0\u00a0 Stru\u010dna sprema: IV stupanj, ekonomski tehni\u010dar<br \/>\n&#8211;\u00a0\u00a0\u00a0 Radni odnos u Op\u0107ini Domaljevac-\u0160amac<br \/>\nzasnovala 01.01.1995. godine<br \/>\n&#8211;\u00a0\u00a0\u00a0 Radno mjesto: Vi\u0161i referent za ra\u010dunvodstvene poslove<\/p>\n<p><img loading=\"lazy\" decoding=\"async\" class=\"alignnone size-full wp-image-309\" src=\"http:\/\/ov-domaljevac-samac.ba\/wp-content\/uploads\/2017\/02\/Ilija_Lucic.png\" alt=\"\" width=\"195\" height=\"220\" \/><\/p>\n<p>&#8211;\u00a0\u00a0\u00a0 Ime i prezime: Ilija Luci\u0107<br \/>\n&#8211;\u00a0\u00a0\u00a0 Ro\u0111en: 02.10.1966. godine u Domaljevcu<br \/>\n&#8211;\u00a0\u00a0\u00a0 Mjesto prebivali\u0161ta: Domaljevace<br \/>\n&#8211;\u00a0\u00a0\u00a0 Stru\u010dna sprema: SSS, IV stupanj, ekonomski tehni\u010dar<br \/>\n&#8211;\u00a0\u00a0\u00a0 Radni odnos u Op\u0107ini Domaljevac-\u0160amac<br \/>\nzasnovao 01.01.1994. godine<br \/>\n&#8211;\u00a0\u00a0\u00a0 Radno mjesto: Vi\u0161i referent za blagajni\u010dke i obra\u010dunske poslove<\/p>\n<p><img loading=\"lazy\" decoding=\"async\" class=\"alignnone size-full wp-image-304\" src=\"http:\/\/ov-domaljevac-samac.ba\/wp-content\/uploads\/2017\/02\/Zlatko_Spionjak.png\" alt=\"\" width=\"195\" height=\"220\" \/><\/p>\n<p>&#8211;\u00a0\u00a0\u00a0 Ime i prezime: Zlatko \u0160pionjak<br \/>\n&#8211;\u00a0\u00a0\u00a0 Ro\u0111en: 27.01.1971. godine u Baziku<br \/>\n&#8211;\u00a0\u00a0\u00a0 Mjesto prebivali\u0161ta: Bazik<br \/>\n&#8211;\u00a0\u00a0\u00a0 Stru\u010dna sprema: VI\/1 stupanj, ekonomist<br \/>\n&#8211;\u00a0\u00a0\u00a0 Radni odnos u Op\u0107ini Domaljevac-\u0160amac<br \/>\nzasnovao 20.05.1996. godine<br \/>\n&#8211;\u00a0\u00a0\u00a0 Radno mjesto: \u0160ef odsjeka za gospodarstvo<\/p>\n<p><img loading=\"lazy\" decoding=\"async\" class=\"alignnone size-full wp-image-305\" src=\"http:\/\/ov-domaljevac-samac.ba\/wp-content\/uploads\/2017\/02\/antonija.png\" alt=\"\" width=\"195\" height=\"220\" \/><\/p>\n<p>&#8211;\u00a0\u00a0\u00a0 Ime i prezime: Antonija Mad\u017earevi\u0107<br \/>\n&#8211;\u00a0\u00a0\u00a0 Ro\u0111ena: 23.12.1993. godine u Slavonskom Brodu<br \/>\n&#8211;\u00a0\u00a0\u00a0 Mjesto prebivali\u0161ta: Domaljevac<br \/>\n&#8211;\u00a0\u00a0\u00a0 Stru\u010dna sprema: SSS, IV stupanj, ekonomski tehni\u010dar<br \/>\n&#8211;\u00a0\u00a0\u00a0 Radni odnos u Op\u0107ini Domaljevac-\u0160amac<br \/>\nzasnovala 19.01.2015. godine<br \/>\n&#8211;\u00a0\u00a0\u00a0 Radno mjesto: Vi\u0161i referent za kontrolu naplate na terminalu<\/p>\n<p><img loading=\"lazy\" decoding=\"async\" class=\"alignnone size-full wp-image-394\" src=\"http:\/\/ov-domaljevac-samac.ba\/wp-content\/uploads\/2017\/02\/mato_rosic2.png\" alt=\"\" width=\"195\" height=\"220\" \/><\/p>\n<p>&#8211;\u00a0\u00a0\u00a0 Ime i prezime: Mato Ro\u0161i\u0107<br \/>\n&#8211;\u00a0\u00a0\u00a0 Ro\u0111en: 30.11.1988. godine u Br\u010dkom<br \/>\n&#8211;\u00a0\u00a0\u00a0 Mjesto prebivali\u0161ta: Domaljevac<br \/>\n&#8211;\u00a0\u00a0\u00a0 Stru\u010dna sprema: bcc.oec.<br \/>\n&#8211;\u00a0\u00a0\u00a0 Radni odnos u Op\u0107ini Domaljevac-\u0160amac<br \/>\nzasnovao 01.04.2013. godine<br \/>\n&#8211;\u00a0\u00a0\u00a0\u00a0Radno mjesto: Vi\u0161i samostalni referent za organizaciju rada carinskog terminala i upravljanja op\u0107inskom imovinom<\/p>\n<p><img loading=\"lazy\" decoding=\"async\" class=\"alignnone size-full wp-image-312\" src=\"http:\/\/ov-domaljevac-samac.ba\/wp-content\/uploads\/2017\/02\/luka1.png\" alt=\"\" width=\"200\" height=\"234\" \/><\/p>\n<p>&#8211;\u00a0\u00a0\u00a0 Ime i prezime: Luka Luci\u0107<br \/>\n&#8211;\u00a0\u00a0\u00a0 Ro\u0111en: 27.12.1986. godine u Grada\u010dcu<br \/>\n&#8211;\u00a0\u00a0\u00a0 Mjesto prebivali\u0161ta: Domaljevac<br \/>\n&#8211;\u00a0\u00a0\u00a0 Stru\u010dna sprema: stru\u010dni prvostupnik ekonomije<br \/>\n&#8211;\u00a0\u00a0\u00a0 Radni odnos u Op\u0107ini Domaljevac-\u0160amac<br \/>\nzasnovao 01.01.2016. godine<br \/>\n&#8211;\u00a0\u00a0\u00a0\u00a0Radno mjesto: Vi\u0161i samostalni referent za lokalni razvoj<\/p>\n<p><img loading=\"lazy\" decoding=\"async\" class=\"alignnone size-full wp-image-313\" src=\"http:\/\/ov-domaljevac-samac.ba\/wp-content\/uploads\/2017\/02\/marina_dukic.png\" alt=\"\" width=\"195\" height=\"220\" \/><\/p>\n<p>&#8211;\u00a0\u00a0\u00a0 Ime i prezime: Marina \u0110uki\u0107<br \/>\n&#8211;\u00a0\u00a0\u00a0 Ro\u0111ena: 09.11.1974. godine u Br\u010dkom<br \/>\n&#8211;\u00a0\u00a0\u00a0 Mjesto prebivali\u0161ta: Domaljevac<br \/>\n&#8211;\u00a0\u00a0\u00a0 Stru\u010dna sprema: IV stupanj, ekonomski tehni\u010dar<br \/>\n&#8211;\u00a0\u00a0\u00a0 Radni odnos u Op\u0107ini Domaljevac-\u0160amac<br \/>\nzasnovala 01.03.2010. godine<br \/>\n&#8211;\u00a0\u00a0\u00a0 Radno mjesto: Referent za poslove<br \/>\nodr\u017eavanja Carinskog terminala<\/p>\n<p><img loading=\"lazy\" decoding=\"async\" class=\"alignnone size-full wp-image-301\" src=\"http:\/\/ov-domaljevac-samac.ba\/wp-content\/uploads\/2017\/02\/ruza_leovac.png\" alt=\"\" width=\"195\" height=\"220\" \/><\/p>\n<p>&#8211;\u00a0\u00a0\u00a0 Ime i prezime: Ru\u017ea Leovac<br \/>\n&#8211;\u00a0\u00a0\u00a0 Ro\u0111ena: 09.11.1962. godine u Tolisi<br \/>\n&#8211;\u00a0\u00a0\u00a0 Mjesto prebivali\u0161ta: Domaljevac<br \/>\n&#8211;\u00a0\u00a0\u00a0 Stru\u010dna sprema: IV stupanj,\u00a0kemijski tehni\u010dar<br \/>\n&#8211;\u00a0\u00a0\u00a0 Radni odnos u Op\u0107ini Domaljevac-\u0160amac<br \/>\nzasnovala 01.03.2010. godine<br \/>\n&#8211;\u00a0\u00a0\u00a0\u00a0Radno mjesto: Referent za poslove<br \/>\nodr\u017eavanja Carinskog terminala<\/p>\n<p><img loading=\"lazy\" decoding=\"async\" class=\"alignnone size-full wp-image-310\" src=\"http:\/\/ov-domaljevac-samac.ba\/wp-content\/uploads\/2017\/02\/joso_dukic.png\" alt=\"\" width=\"195\" height=\"220\" \/><\/p>\n<p>&#8211;\u00a0\u00a0\u00a0 Ime i prezime: Joso \u0110uki\u0107<br \/>\n&#8211;\u00a0\u00a0\u00a0 Ro\u0111en: 29.09.1960. godine u Bosanskom \u0160amcu<br \/>\n&#8211;\u00a0\u00a0\u00a0 Mjesto prebivali\u0161ta: Domaljevac<br \/>\n&#8211;\u00a0\u00a0\u00a0 Stru\u010dna sprema: III stupanj,\u00a0KV\u00a0ma\u0161inobravar<br \/>\n&#8211;\u00a0\u00a0\u00a0 Radni odnos u Op\u0107ini Domaljevac-\u0160amac<br \/>\nzasnovao 01.03.2010. godine<br \/>\n&#8211;\u00a0\u00a0\u00a0\u00a0Radno mjesto: Referent za poslove<br \/>\nodr\u017eavanja Carinskog terminala<\/p>\n<p><img loading=\"lazy\" decoding=\"async\" class=\"alignnone size-full wp-image-308\" src=\"http:\/\/ov-domaljevac-samac.ba\/wp-content\/uploads\/2017\/02\/drago_blazanovic.png\" alt=\"\" width=\"195\" height=\"220\" \/><\/p>\n<p>&#8211;\u00a0\u00a0\u00a0 Ime i prezime: Drago Bla\u017eanovi\u0107<br \/>\n&#8211;\u00a0\u00a0\u00a0 Ro\u0111en: 11.09.1963. godine u Grebnicama<br \/>\n&#8211;\u00a0\u00a0\u00a0 Mjesto prebivali\u0161ta: Grebnice<br \/>\n&#8211;\u00a0\u00a0\u00a0 Stru\u010dna sprema: III stupanj,\u00a0KV\u00a0bravar<br \/>\n&#8211;\u00a0\u00a0\u00a0 Radni odnos u Op\u0107ini Domaljevac-\u0160amac<br \/>\nzasnovao 01.03.2010. godine<br \/>\n&#8211;\u00a0\u00a0\u00a0\u00a0Radno mjesto: Referent za poslove<br \/>\nodr\u017eavanja Carinskog terminala<\/p>\n","protected":false},"excerpt":{"rendered":"<p>Slu\u017eba za financije i gospodarstvo nadle\u017ena je za slijede\u0107e poslove: &#8211;\u00a0\u00a0\u00a0 ra\u010dunovodstvo op\u0107inskog prora\u010duna &#8211;\u00a0\u00a0\u00a0 financijsko poslovanje &#8211;\u00a0\u00a0\u00a0 platni promet &#8211;\u00a0\u00a0\u00a0 izrada prora\u010duna op\u0107ine &#8211;\u00a0\u00a0\u00a0 izrada periodi\u010dnih i godi\u0161njih financijskih&#8230; <a class=\"read-more-link\" href=\"https:\/\/domaljevac.ba\/nova\/sluzbe-za-financije-i-gospodarstvo\/\">Read more &raquo;<\/a><\/p>\n","protected":false},"author":1,"featured_media":0,"parent":0,"menu_order":0,"comment_status":"closed","ping_status":"closed","template":"","meta":{"footnotes":""},"class_list":["post-211","page","type-page","status-publish","hentry"],"_links":{"self":[{"href":"https:\/\/domaljevac.ba\/nova\/wp-json\/wp\/v2\/pages\/211","targetHints":{"allow":["GET"]}}],"collection":[{"href":"https:\/\/domaljevac.ba\/nova\/wp-json\/wp\/v2\/pages"}],"about":[{"href":"https:\/\/domaljevac.ba\/nova\/wp-json\/wp\/v2\/types\/page"}],"author":[{"embeddable":true,"href":"https:\/\/domaljevac.ba\/nova\/wp-json\/wp\/v2\/users\/1"}],"replies":[{"embeddable":true,"href":"https:\/\/domaljevac.ba\/nova\/wp-json\/wp\/v2\/comments?post=211"}],"version-history":[{"count":2,"href":"https:\/\/domaljevac.ba\/nova\/wp-json\/wp\/v2\/pages\/211\/revisions"}],"predecessor-version":[{"id":272,"href":"https:\/\/domaljevac.ba\/nova\/wp-json\/wp\/v2\/pages\/211\/revisions\/272"}],"wp:attachment":[{"href":"https:\/\/domaljevac.ba\/nova\/wp-json\/wp\/v2\/media?parent=211"}],"curies":[{"name":"wp","href":"https:\/\/api.w.org\/{rel}","templated":true}]}}