{"id":21,"date":"2017-06-27T00:26:55","date_gmt":"2017-06-26T22:26:55","guid":{"rendered":"http:\/\/domaljevac.ba\/nova\/?page_id=21"},"modified":"2017-06-27T00:26:55","modified_gmt":"2017-06-26T22:26:55","slug":"impressum","status":"publish","type":"page","link":"https:\/\/domaljevac.ba\/nova\/impressum\/","title":{"rendered":"Impressum"},"content":{"rendered":"<p>Odluka o izradi slu\u017ebene WEB stranice op\u0107ine Domaljevac-\u0160amac.<strong><\/p>\n<p>www.domaljevac.ba<\/strong> je slu\u017ebena stranica Op\u0107ine Domaljevac-\u0160amac registrirana na temelju Odluke op\u0107inskog na\u010delnika broj 01-49-320\/09, od 27. 03. 2009. godine<\/p>\n<p>Administrator: Franjo Bla\u017eanovi\u0107, magistar ekonomije<\/p>\n","protected":false},"excerpt":{"rendered":"<p>Odluka o izradi slu\u017ebene WEB stranice op\u0107ine Domaljevac-\u0160amac. www.domaljevac.ba je slu\u017ebena stranica Op\u0107ine Domaljevac-\u0160amac registrirana na temelju Odluke op\u0107inskog na\u010delnika broj 01-49-320\/09, od 27. 03. 2009. godine Administrator: Franjo Bla\u017eanovi\u0107,&#8230; <a class=\"read-more-link\" href=\"https:\/\/domaljevac.ba\/nova\/impressum\/\">Read more &raquo;<\/a><\/p>\n","protected":false},"author":1,"featured_media":0,"parent":0,"menu_order":0,"comment_status":"closed","ping_status":"closed","template":"","meta":{"footnotes":""},"class_list":["post-21","page","type-page","status-publish","hentry"],"_links":{"self":[{"href":"https:\/\/domaljevac.ba\/nova\/wp-json\/wp\/v2\/pages\/21","targetHints":{"allow":["GET"]}}],"collection":[{"href":"https:\/\/domaljevac.ba\/nova\/wp-json\/wp\/v2\/pages"}],"about":[{"href":"https:\/\/domaljevac.ba\/nova\/wp-json\/wp\/v2\/types\/page"}],"author":[{"embeddable":true,"href":"https:\/\/domaljevac.ba\/nova\/wp-json\/wp\/v2\/users\/1"}],"replies":[{"embeddable":true,"href":"https:\/\/domaljevac.ba\/nova\/wp-json\/wp\/v2\/comments?post=21"}],"version-history":[{"count":1,"href":"https:\/\/domaljevac.ba\/nova\/wp-json\/wp\/v2\/pages\/21\/revisions"}],"predecessor-version":[{"id":22,"href":"https:\/\/domaljevac.ba\/nova\/wp-json\/wp\/v2\/pages\/21\/revisions\/22"}],"wp:attachment":[{"href":"https:\/\/domaljevac.ba\/nova\/wp-json\/wp\/v2\/media?parent=21"}],"curies":[{"name":"wp","href":"https:\/\/api.w.org\/{rel}","templated":true}]}}