{"id":207,"date":"2017-10-30T02:07:46","date_gmt":"2017-10-30T01:07:46","guid":{"rendered":"http:\/\/domaljevac.ba\/nova\/?page_id=207"},"modified":"2017-10-30T06:41:06","modified_gmt":"2017-10-30T05:41:06","slug":"ured-opcinskog-nacelnika","status":"publish","type":"page","link":"https:\/\/domaljevac.ba\/nova\/ured-opcinskog-nacelnika\/","title":{"rendered":"Ured Op\u0107inskog na\u010delnika"},"content":{"rendered":"<p><img loading=\"lazy\" decoding=\"async\" class=\"alignnone size-full wp-image-216\" src=\"https:\/\/domaljevac.ba\/nova\/wp-content\/uploads\/2017\/10\/Mario-Jurki\u0107-1.jpg\" alt=\"\" width=\"173\" height=\"200\" \/><\/p>\n<p>Op\u0107inski na\u010delnik je nositelj izvr\u0161ne vlasti u okviru prava i obveza op\u0107ine.<\/p>\n<p>Op\u0107inski na\u010delnik obavlja slijede\u0107e poslove:<\/p>\n<p>&#8211;\u00a0\u00a0\u00a0 predstavlja i zastupa op\u0107inu Domaljevac-\u0160amac<br \/>\n&#8211;\u00a0\u00a0\u00a0 donosi akte iz svoje nadle\u017enosti<br \/>\n&#8211;\u00a0\u00a0\u00a0 izra\u0111uje i Vije\u0107u na usvajanje podnosi nacrt i prijedlog prora\u010duna, ekonomske planove, razvojne planove,<br \/>\ninvesticijske programe, prostorne i urbanisti\u010dke planove i ostale planske i regularne dokumente koji se odnose<br \/>\nna kori\u0161tenje i upravljanje zemlji\u0161tem, uklju\u010duju\u0107i zoniranje i kori\u0161tenje javnog zemlji\u0161ta<br \/>\n&#8211;\u00a0\u00a0\u00a0 predla\u017ee odluke i druge op\u0107e akte Vije\u0107u<br \/>\n&#8211;\u00a0\u00a0\u00a0 provodi op\u0107insku politiku u skladu sa odlukama Vije\u0107a<br \/>\n&#8211;\u00a0\u00a0\u00a0 izvr\u0161ava prora\u010dun op\u0107ine<br \/>\n&#8211;\u00a0\u00a0\u00a0 osigurava primjenu odluka i drugih akata Vije\u0107a<br \/>\n&#8211;\u00a0\u00a0\u00a0 izvr\u0161ava zakone i druge propise \u010dije je provo\u0111enje povjereno op\u0107ini<br \/>\n&#8211;\u00a0\u00a0\u00a0 utvr\u0111uje organizaciju slu\u017ebi za upravu i drugih slu\u017ebi op\u0107ine<br \/>\n&#8211;\u00a0\u00a0\u00a0 donosi pravilnik o unutra\u0161njoj organizaciji slu\u017ebi<br \/>\n&#8211;\u00a0\u00a0\u00a0 realizira suradnju op\u0107ine sa drugim op\u0107inama, gradovima, me\u0111unarodnim i drugim organizacijama u skladu sa<br \/>\nodlukama i zaklju\u010dcima Vije\u0107a i njegovih radnih tijela<br \/>\n&#8211;\u00a0\u00a0\u00a0 podnosi izvje\u0161\u0107e Op\u0107inskom Vije\u0107u o ostvarivanju op\u0107inske politike i svojim aktivnostima<br \/>\n&#8211;\u00a0\u00a0\u00a0 odgovoran je za ustavnost i zakonitost akata koje donosi, odnosno predla\u017ee Vije\u0107u<br \/>\n&#8211;\u00a0\u00a0\u00a0 obavlja i druge poslove sukladno zakonu i drugim propisima<\/p>\n<p>OSNOVNI PODACI O DJELATNICIMA<\/p>\n<p><img loading=\"lazy\" decoding=\"async\" class=\"alignnone wp-image-217 size-full\" src=\"https:\/\/domaljevac.ba\/nova\/wp-content\/uploads\/2017\/10\/Radenka-Klaji\u0107.png\" alt=\"\" width=\"169\" height=\"200\" \/><\/p>\n<p>&#8211;\u00a0\u00a0\u00a0 Ime i prezime: Radenka Klaji\u0107<br \/>\n&#8211;\u00a0\u00a0\u00a0 Ro\u0111ena: 27.01.1975. godine u Bosanskom \u0160amcu<br \/>\n&#8211;\u00a0\u00a0\u00a0 Mjesto prebivali\u0161ta: Donja Mahala<br \/>\n&#8211;\u00a0\u00a0\u00a0 Stru\u010dna sprema: SSS, IV stupanj, ekonomski tehni\u010dar<br \/>\n&#8211;\u00a0\u00a0\u00a0 Radni odnos u Op\u0107ini Domaljevac-\u0160amac zasnovala<br \/>\n17.10.1994. godine<br \/>\n&#8211;\u00a0\u00a0\u00a0 Radno mjesto: Tajnik ureda op\u0107inskog na\u010delnika<\/p>\n<p>&amp;nbsp;<\/p>\n<p><img loading=\"lazy\" decoding=\"async\" class=\"alignnone size-full wp-image-218\" src=\"https:\/\/domaljevac.ba\/nova\/wp-content\/uploads\/2017\/10\/franjo_blazanovic.png\" alt=\"\" width=\"195\" height=\"220\" \/><\/p>\n<p>&#8211; Ime i prezime: Franjo Bla\u017eanovi\u0107<br \/>\n&#8211; Ro\u0111en: 19.12.1988. godine u Grada\u010dcu<br \/>\n&#8211; Mjesto prebivali\u0161ta: Bazik<br \/>\n&#8211; Stru\u010dna sprema: VSS, mag.oec., mag.ing.agr.<br \/>\n&#8211; Radni odnos u Op\u0107ini Domaljevac-\u0160amac zasnovan 01.08.2014.<br \/>\n&#8211; Radno mjesto: stru\u010dni suradnik za odnose s javno\u0161\u0107u i informiranje u uredu op\u0107inskog na\u010delnika<\/p>\n<p>&nbsp;<\/p>\n<p><img loading=\"lazy\" decoding=\"async\" class=\"alignnone size-full wp-image-222\" src=\"https:\/\/domaljevac.ba\/nova\/wp-content\/uploads\/2017\/10\/alen.jpg\" alt=\"\" width=\"195\" height=\"220\" \/><\/p>\n<p>&#8211; \u00a0Ime i prezime: Alen \u0106o\u0161kovi\u0107<br \/>\n&#8211;\u00a0\u00a0\u00a0 Ro\u0111en: 16.08.1990. godine u Br\u010dkom<br \/>\n&#8211;\u00a0\u00a0\u00a0 Mjesto prebivali\u0161ta: Domaljevac<br \/>\n&#8211;\u00a0\u00a0\u00a0 Stru\u010dna sprema: V\u0160S pravnik, kazneno-pravnog smjera<br \/>\n&#8211;\u00a0\u00a0\u00a0 Radni odnos u Op\u0107ini Domaljevac-\u0160amac<br \/>\nzasnovao 01.01.2016. godine<br \/>\n&#8211;\u00a0\u00a0\u00a0 Radno mjesto: Vi\u0161i samostalni referent za upravljanje ljudskim resursima i centru za pru\u017eanje usluga gra\u0111ana<\/p>\n","protected":false},"excerpt":{"rendered":"<p>Op\u0107inski na\u010delnik je nositelj izvr\u0161ne vlasti u okviru prava i obveza op\u0107ine. Op\u0107inski na\u010delnik obavlja slijede\u0107e poslove: &#8211;\u00a0\u00a0\u00a0 predstavlja i zastupa op\u0107inu Domaljevac-\u0160amac &#8211;\u00a0\u00a0\u00a0 donosi akte iz svoje nadle\u017enosti &#8211;\u00a0\u00a0\u00a0&#8230; <a class=\"read-more-link\" href=\"https:\/\/domaljevac.ba\/nova\/ured-opcinskog-nacelnika\/\">Read more &raquo;<\/a><\/p>\n","protected":false},"author":1,"featured_media":0,"parent":0,"menu_order":0,"comment_status":"closed","ping_status":"closed","template":"","meta":{"footnotes":""},"class_list":["post-207","page","type-page","status-publish","hentry"],"_links":{"self":[{"href":"https:\/\/domaljevac.ba\/nova\/wp-json\/wp\/v2\/pages\/207","targetHints":{"allow":["GET"]}}],"collection":[{"href":"https:\/\/domaljevac.ba\/nova\/wp-json\/wp\/v2\/pages"}],"about":[{"href":"https:\/\/domaljevac.ba\/nova\/wp-json\/wp\/v2\/types\/page"}],"author":[{"embeddable":true,"href":"https:\/\/domaljevac.ba\/nova\/wp-json\/wp\/v2\/users\/1"}],"replies":[{"embeddable":true,"href":"https:\/\/domaljevac.ba\/nova\/wp-json\/wp\/v2\/comments?post=207"}],"version-history":[{"count":4,"href":"https:\/\/domaljevac.ba\/nova\/wp-json\/wp\/v2\/pages\/207\/revisions"}],"predecessor-version":[{"id":223,"href":"https:\/\/domaljevac.ba\/nova\/wp-json\/wp\/v2\/pages\/207\/revisions\/223"}],"wp:attachment":[{"href":"https:\/\/domaljevac.ba\/nova\/wp-json\/wp\/v2\/media?parent=207"}],"curies":[{"name":"wp","href":"https:\/\/api.w.org\/{rel}","templated":true}]}}